{"id":10935,"date":"2024-01-23T16:36:44","date_gmt":"2024-01-23T14:36:44","guid":{"rendered":"https:\/\/imaginox-com.boost.codes\/dowload-our-catalogue\/"},"modified":"2024-03-31T19:48:23","modified_gmt":"2024-03-31T17:48:23","slug":"stahnout-katalog","status":"publish","type":"page","link":"https:\/\/imaginox.com\/cs\/stahnout-katalog\/","title":{"rendered":"St\u00e1hnout katalog"},"content":{"rendered":"<section class=\"section--catalogue section--light\">\n<div class=\"inner\">\n<h1 class=\"heading heading--bigger heading--center heading--black heading--underline\">St\u00e1hn\u011bte si n\u00e1\u0161 katalog<\/h1>\n<div class=\"row\">\n<div class=\"col-xs-12 col-sm-12 col-md-2 col-lg-2\"><\/div>\n<div class=\"col-xs-12 col-sm-12 col-md-8 col-lg-8\">\n<p class=\"paragraph paragraph--medium align-center margin-top--05x\">Na va\u0161i e-mailovou adresu v\u00e1m za\u0161leme odkaz, abyste si mohli st\u00e1hnout katalog v elektronick\u00e9 podob\u011b.<\/p>\n<\/div>\n<div class=\"col-xs-12 col-sm-12 col-md-2 col-lg-2\"><\/div>\n<\/div>\n<div class=\"section--catalogue-form--cat\">\n<div class=\"section--catalogue-form section--queries-form \"><span class=\"paragraph paragraph--medium section--catalogue-form-required-data input-required\">povinn\u00e9 \u00fadaje<\/span><\/p>\n<div class=\"boost-space-forms\" id=\"bsf-id-57\"><\/div><script src=\"https:\/\/imaginox.system.boost.space\/api\/custom_form.js?id=57&integrity=a729b2ca33c10cca544728de3a2ec89c&el=bsf-id-57&callback=boostSpaceFormsInit&csubmit=boostSpaceFormsSuccessSubmit&lang=cs&v=0.4.9\" data-form=\"boost-space\"><\/script><\/div>\n<\/div>\n<\/div>\n<p><!-- .inner --><br \/>\n<\/section>\n<p><!-- section products --><\/p>\n","protected":false},"excerpt":{"rendered":"St\u00e1hn\u011bte si n\u00e1\u0161 katalog Na va\u0161i e-mailovou adresu v\u00e1m za\u0161leme odkaz, abyste si mohli st\u00e1hnout katalog v elektronick\u00e9 podob\u011b. povinn\u00e9 \u00fadaje","protected":false},"author":11,"featured_media":0,"parent":0,"menu_order":0,"comment_status":"closed","ping_status":"closed","template":"","meta":{"_acf_changed":false,"inline_featured_image":false,"footnotes":""},"class_list":["post-10935","page","type-page","status-publish","hentry"],"acf":[],"yoast_head":"<!-- This site is optimized with the Yoast SEO plugin v27.3 - https:\/\/yoast.com\/product\/yoast-seo-wordpress\/ -->\n<title>St\u00e1hnout katalog \u2248 IMAGINOX<\/title>\n<meta name=\"robots\" content=\"index, follow, max-snippet:-1, max-image-preview:large, max-video-preview:-1\" \/>\n<link rel=\"canonical\" href=\"https:\/\/imaginox.com\/cs\/stahnout-katalog\/\" \/>\n<meta property=\"og:locale\" content=\"cs_CZ\" \/>\n<meta property=\"og:type\" content=\"article\" \/>\n<meta property=\"og:title\" content=\"St\u00e1hnout katalog \u2248 IMAGINOX\" \/>\n<meta property=\"og:description\" content=\"St\u00e1hn\u011bte si n\u00e1\u0161 katalog Na va\u0161i e-mailovou adresu v\u00e1m za\u0161leme odkaz, abyste si mohli st\u00e1hnout katalog v elektronick\u00e9 podob\u011b. povinn\u00e9 \u00fadaje\" \/>\n<meta property=\"og:url\" content=\"https:\/\/imaginox.com\/cs\/stahnout-katalog\/\" \/>\n<meta property=\"og:site_name\" content=\"IMAGINOX\" \/>\n<meta property=\"article:modified_time\" content=\"2024-03-31T17:48:23+00:00\" \/>\n<meta name=\"twitter:card\" content=\"summary_large_image\" \/>\n<script type=\"application\/ld+json\" class=\"yoast-schema-graph\">{\"@context\":\"https:\\\/\\\/schema.org\",\"@graph\":[{\"@type\":\"WebPage\",\"@id\":\"https:\\\/\\\/imaginox.com\\\/cs\\\/stahnout-katalog\\\/\",\"url\":\"https:\\\/\\\/imaginox.com\\\/cs\\\/stahnout-katalog\\\/\",\"name\":\"St\u00e1hnout katalog \u2248 IMAGINOX\",\"isPartOf\":{\"@id\":\"https:\\\/\\\/imaginox.com\\\/cs\\\/#website\"},\"datePublished\":\"2024-01-23T14:36:44+00:00\",\"dateModified\":\"2024-03-31T17:48:23+00:00\",\"breadcrumb\":{\"@id\":\"https:\\\/\\\/imaginox.com\\\/cs\\\/stahnout-katalog\\\/#breadcrumb\"},\"inLanguage\":\"cs\",\"potentialAction\":[{\"@type\":\"ReadAction\",\"target\":[\"https:\\\/\\\/imaginox.com\\\/cs\\\/stahnout-katalog\\\/\"]}]},{\"@type\":\"BreadcrumbList\",\"@id\":\"https:\\\/\\\/imaginox.com\\\/cs\\\/stahnout-katalog\\\/#breadcrumb\",\"itemListElement\":[{\"@type\":\"ListItem\",\"position\":1,\"name\":\"Home\",\"item\":\"https:\\\/\\\/imaginox.com\\\/cs\\\/\"},{\"@type\":\"ListItem\",\"position\":2,\"name\":\"St\u00e1hnout katalog\"}]},{\"@type\":\"WebSite\",\"@id\":\"https:\\\/\\\/imaginox.com\\\/cs\\\/#website\",\"url\":\"https:\\\/\\\/imaginox.com\\\/cs\\\/\",\"name\":\"IMAGINOX\",\"description\":\"Nerezov\u00e9 baz\u00e9ny, v\u00ed\u0159ivky a dal\u0161\u00ed wellness produkty\",\"publisher\":{\"@id\":\"https:\\\/\\\/imaginox.com\\\/cs\\\/#organization\"},\"potentialAction\":[{\"@type\":\"SearchAction\",\"target\":{\"@type\":\"EntryPoint\",\"urlTemplate\":\"https:\\\/\\\/imaginox.com\\\/cs\\\/?s={search_term_string}\"},\"query-input\":{\"@type\":\"PropertyValueSpecification\",\"valueRequired\":true,\"valueName\":\"search_term_string\"}}],\"inLanguage\":\"cs\"},{\"@type\":\"Organization\",\"@id\":\"https:\\\/\\\/imaginox.com\\\/cs\\\/#organization\",\"name\":\"IMAGINOX s.r.o.\",\"url\":\"https:\\\/\\\/imaginox.com\\\/cs\\\/\",\"logo\":{\"@type\":\"ImageObject\",\"inLanguage\":\"cs\",\"@id\":\"https:\\\/\\\/imaginox.com\\\/cs\\\/#\\\/schema\\\/logo\\\/image\\\/\",\"url\":\"https:\\\/\\\/imaginox.com\\\/wp-content\\\/uploads\\\/2021\\\/04\\\/imaginox-header-logo.png\",\"contentUrl\":\"https:\\\/\\\/imaginox.com\\\/wp-content\\\/uploads\\\/2021\\\/04\\\/imaginox-header-logo.png\",\"width\":622,\"height\":88,\"caption\":\"IMAGINOX s.r.o.\"},\"image\":{\"@id\":\"https:\\\/\\\/imaginox.com\\\/cs\\\/#\\\/schema\\\/logo\\\/image\\\/\"}}]}<\/script>\n<!-- \/ Yoast SEO plugin. -->","yoast_head_json":{"title":"St\u00e1hnout katalog \u2248 IMAGINOX","robots":{"index":"index","follow":"follow","max-snippet":"max-snippet:-1","max-image-preview":"max-image-preview:large","max-video-preview":"max-video-preview:-1"},"canonical":"https:\/\/imaginox.com\/cs\/stahnout-katalog\/","og_locale":"cs_CZ","og_type":"article","og_title":"St\u00e1hnout katalog \u2248 IMAGINOX","og_description":"St\u00e1hn\u011bte si n\u00e1\u0161 katalog Na va\u0161i e-mailovou adresu v\u00e1m za\u0161leme odkaz, abyste si mohli st\u00e1hnout katalog v elektronick\u00e9 podob\u011b. povinn\u00e9 \u00fadaje","og_url":"https:\/\/imaginox.com\/cs\/stahnout-katalog\/","og_site_name":"IMAGINOX","article_modified_time":"2024-03-31T17:48:23+00:00","twitter_card":"summary_large_image","schema":{"@context":"https:\/\/schema.org","@graph":[{"@type":"WebPage","@id":"https:\/\/imaginox.com\/cs\/stahnout-katalog\/","url":"https:\/\/imaginox.com\/cs\/stahnout-katalog\/","name":"St\u00e1hnout katalog \u2248 IMAGINOX","isPartOf":{"@id":"https:\/\/imaginox.com\/cs\/#website"},"datePublished":"2024-01-23T14:36:44+00:00","dateModified":"2024-03-31T17:48:23+00:00","breadcrumb":{"@id":"https:\/\/imaginox.com\/cs\/stahnout-katalog\/#breadcrumb"},"inLanguage":"cs","potentialAction":[{"@type":"ReadAction","target":["https:\/\/imaginox.com\/cs\/stahnout-katalog\/"]}]},{"@type":"BreadcrumbList","@id":"https:\/\/imaginox.com\/cs\/stahnout-katalog\/#breadcrumb","itemListElement":[{"@type":"ListItem","position":1,"name":"Home","item":"https:\/\/imaginox.com\/cs\/"},{"@type":"ListItem","position":2,"name":"St\u00e1hnout katalog"}]},{"@type":"WebSite","@id":"https:\/\/imaginox.com\/cs\/#website","url":"https:\/\/imaginox.com\/cs\/","name":"IMAGINOX","description":"Nerezov\u00e9 baz\u00e9ny, v\u00ed\u0159ivky a dal\u0161\u00ed wellness produkty","publisher":{"@id":"https:\/\/imaginox.com\/cs\/#organization"},"potentialAction":[{"@type":"SearchAction","target":{"@type":"EntryPoint","urlTemplate":"https:\/\/imaginox.com\/cs\/?s={search_term_string}"},"query-input":{"@type":"PropertyValueSpecification","valueRequired":true,"valueName":"search_term_string"}}],"inLanguage":"cs"},{"@type":"Organization","@id":"https:\/\/imaginox.com\/cs\/#organization","name":"IMAGINOX s.r.o.","url":"https:\/\/imaginox.com\/cs\/","logo":{"@type":"ImageObject","inLanguage":"cs","@id":"https:\/\/imaginox.com\/cs\/#\/schema\/logo\/image\/","url":"https:\/\/imaginox.com\/wp-content\/uploads\/2021\/04\/imaginox-header-logo.png","contentUrl":"https:\/\/imaginox.com\/wp-content\/uploads\/2021\/04\/imaginox-header-logo.png","width":622,"height":88,"caption":"IMAGINOX s.r.o."},"image":{"@id":"https:\/\/imaginox.com\/cs\/#\/schema\/logo\/image\/"}}]}},"_links":{"self":[{"href":"https:\/\/imaginox.com\/cs\/wp-json\/wp\/v2\/pages\/10935","targetHints":{"allow":["GET"]}}],"collection":[{"href":"https:\/\/imaginox.com\/cs\/wp-json\/wp\/v2\/pages"}],"about":[{"href":"https:\/\/imaginox.com\/cs\/wp-json\/wp\/v2\/types\/page"}],"author":[{"embeddable":true,"href":"https:\/\/imaginox.com\/cs\/wp-json\/wp\/v2\/users\/11"}],"replies":[{"embeddable":true,"href":"https:\/\/imaginox.com\/cs\/wp-json\/wp\/v2\/comments?post=10935"}],"version-history":[{"count":4,"href":"https:\/\/imaginox.com\/cs\/wp-json\/wp\/v2\/pages\/10935\/revisions"}],"predecessor-version":[{"id":11263,"href":"https:\/\/imaginox.com\/cs\/wp-json\/wp\/v2\/pages\/10935\/revisions\/11263"}],"wp:attachment":[{"href":"https:\/\/imaginox.com\/cs\/wp-json\/wp\/v2\/media?parent=10935"}],"curies":[{"name":"wp","href":"https:\/\/api.w.org\/{rel}","templated":true}]}}