{"id":10937,"date":"2024-01-23T16:35:56","date_gmt":"2024-01-23T14:35:56","guid":{"rendered":"https:\/\/imaginox-com.boost.codes\/get-our-book-of-references\/"},"modified":"2024-03-31T19:47:29","modified_gmt":"2024-03-31T17:47:29","slug":"kniha-referenci","status":"publish","type":"page","link":"https:\/\/imaginox.com\/cs\/kniha-referenci\/","title":{"rendered":"Z\u00edskejte na\u0161i knihu referenc\u00ed"},"content":{"rendered":"<section class=\"section--catalogue section--light\">\n<div class=\"inner\">\n<h1 class=\"heading heading--bigger heading--center heading--black heading--underline\">Z\u00edskejte na\u0161i knihu referenc\u00ed<\/h1>\n<div class=\"row\">\n<div class=\"col-xs-12 col-sm-12 col-md-2 col-lg-2\"><\/div>\n<div class=\"col-xs-12 col-sm-12 col-md-8 col-lg-8\">\n<p class=\"paragraph paragraph--medium align-center margin-top--05x\">Vypl\u0148te pros\u00edm n\u00ed\u017ee uveden\u00fd formul\u00e1\u0159. Na va\u0161i e-mailovou adresu v\u00e1m za\u0161leme odkaz, abyste si mohli st\u00e1hnout knihu referenc\u00ed v elektronick\u00e9 podob\u011b.<\/p>\n<\/div>\n<div class=\"col-xs-12 col-sm-12 col-md-2 col-lg-2\"><\/div>\n<\/div>\n<div class=\"section--catalogue-form--book\">\n<div class=\" section--catalogue-form section--queries-form\"><span class=\"paragraph paragraph--medium section--catalogue-form-required-data input-required\">povinn\u00e1 pole<br \/>\n<\/span><\/p>\n<div class=\"boost-space-forms\" id=\"bsf-id-55\"><\/div><script src=\"https:\/\/imaginox.system.boost.space\/api\/custom_form.js?id=55&integrity=dc02caa8202108a23d9f25af81136090&el=bsf-id-55&callback=boostSpaceFormsInit&csubmit=boostSpaceFormsSuccessSubmit&lang=cs&v=0.4.9\" data-form=\"boost-space\"><\/script>\n<\/div>\n<\/div>\n<\/div>\n<p><!-- .inner --><br \/>\n<\/section>\n<p><!-- section products --><\/p>\n","protected":false},"excerpt":{"rendered":"Z\u00edskejte na\u0161i knihu referenc\u00ed Vypl\u0148te pros\u00edm n\u00ed\u017ee uveden\u00fd formul\u00e1\u0159. Na va\u0161i e-mailovou adresu v\u00e1m za\u0161leme odkaz, abyste si mohli st\u00e1hnout knihu referenc\u00ed v elektronick\u00e9 podob\u011b. povinn\u00e1 pole","protected":false},"author":11,"featured_media":0,"parent":0,"menu_order":0,"comment_status":"closed","ping_status":"closed","template":"","meta":{"_acf_changed":false,"inline_featured_image":false,"footnotes":""},"class_list":["post-10937","page","type-page","status-publish","hentry"],"acf":[],"yoast_head":"<!-- This site is optimized with the Yoast SEO plugin v27.3 - https:\/\/yoast.com\/product\/yoast-seo-wordpress\/ -->\n<title>Kniha referenc\u00ed \u2248 IMAGINOX<\/title>\n<meta name=\"robots\" content=\"index, follow, max-snippet:-1, max-image-preview:large, max-video-preview:-1\" \/>\n<link rel=\"canonical\" href=\"https:\/\/imaginox.com\/cs\/kniha-referenci\/\" \/>\n<meta property=\"og:locale\" content=\"cs_CZ\" \/>\n<meta property=\"og:type\" content=\"article\" \/>\n<meta property=\"og:title\" content=\"Kniha referenc\u00ed \u2248 IMAGINOX\" \/>\n<meta property=\"og:description\" content=\"Z\u00edskejte na\u0161i knihu referenc\u00ed Vypl\u0148te pros\u00edm n\u00ed\u017ee uveden\u00fd formul\u00e1\u0159. Na va\u0161i e-mailovou adresu v\u00e1m za\u0161leme odkaz, abyste si mohli st\u00e1hnout knihu referenc\u00ed v elektronick\u00e9 podob\u011b. povinn\u00e1 pole\" \/>\n<meta property=\"og:url\" content=\"https:\/\/imaginox.com\/cs\/kniha-referenci\/\" \/>\n<meta property=\"og:site_name\" content=\"IMAGINOX\" \/>\n<meta property=\"article:modified_time\" content=\"2024-03-31T17:47:29+00:00\" \/>\n<meta name=\"twitter:card\" content=\"summary_large_image\" \/>\n<script type=\"application\/ld+json\" class=\"yoast-schema-graph\">{\"@context\":\"https:\\\/\\\/schema.org\",\"@graph\":[{\"@type\":\"WebPage\",\"@id\":\"https:\\\/\\\/imaginox.com\\\/cs\\\/kniha-referenci\\\/\",\"url\":\"https:\\\/\\\/imaginox.com\\\/cs\\\/kniha-referenci\\\/\",\"name\":\"Kniha referenc\u00ed \u2248 IMAGINOX\",\"isPartOf\":{\"@id\":\"https:\\\/\\\/imaginox.com\\\/cs\\\/#website\"},\"datePublished\":\"2024-01-23T14:35:56+00:00\",\"dateModified\":\"2024-03-31T17:47:29+00:00\",\"breadcrumb\":{\"@id\":\"https:\\\/\\\/imaginox.com\\\/cs\\\/kniha-referenci\\\/#breadcrumb\"},\"inLanguage\":\"cs\",\"potentialAction\":[{\"@type\":\"ReadAction\",\"target\":[\"https:\\\/\\\/imaginox.com\\\/cs\\\/kniha-referenci\\\/\"]}]},{\"@type\":\"BreadcrumbList\",\"@id\":\"https:\\\/\\\/imaginox.com\\\/cs\\\/kniha-referenci\\\/#breadcrumb\",\"itemListElement\":[{\"@type\":\"ListItem\",\"position\":1,\"name\":\"Home\",\"item\":\"https:\\\/\\\/imaginox.com\\\/cs\\\/\"},{\"@type\":\"ListItem\",\"position\":2,\"name\":\"Z\u00edskejte na\u0161i knihu referenc\u00ed\"}]},{\"@type\":\"WebSite\",\"@id\":\"https:\\\/\\\/imaginox.com\\\/cs\\\/#website\",\"url\":\"https:\\\/\\\/imaginox.com\\\/cs\\\/\",\"name\":\"IMAGINOX\",\"description\":\"Nerezov\u00e9 baz\u00e9ny, v\u00ed\u0159ivky a dal\u0161\u00ed wellness produkty\",\"publisher\":{\"@id\":\"https:\\\/\\\/imaginox.com\\\/cs\\\/#organization\"},\"potentialAction\":[{\"@type\":\"SearchAction\",\"target\":{\"@type\":\"EntryPoint\",\"urlTemplate\":\"https:\\\/\\\/imaginox.com\\\/cs\\\/?s={search_term_string}\"},\"query-input\":{\"@type\":\"PropertyValueSpecification\",\"valueRequired\":true,\"valueName\":\"search_term_string\"}}],\"inLanguage\":\"cs\"},{\"@type\":\"Organization\",\"@id\":\"https:\\\/\\\/imaginox.com\\\/cs\\\/#organization\",\"name\":\"IMAGINOX s.r.o.\",\"url\":\"https:\\\/\\\/imaginox.com\\\/cs\\\/\",\"logo\":{\"@type\":\"ImageObject\",\"inLanguage\":\"cs\",\"@id\":\"https:\\\/\\\/imaginox.com\\\/cs\\\/#\\\/schema\\\/logo\\\/image\\\/\",\"url\":\"https:\\\/\\\/imaginox.com\\\/wp-content\\\/uploads\\\/2021\\\/04\\\/imaginox-header-logo.png\",\"contentUrl\":\"https:\\\/\\\/imaginox.com\\\/wp-content\\\/uploads\\\/2021\\\/04\\\/imaginox-header-logo.png\",\"width\":622,\"height\":88,\"caption\":\"IMAGINOX s.r.o.\"},\"image\":{\"@id\":\"https:\\\/\\\/imaginox.com\\\/cs\\\/#\\\/schema\\\/logo\\\/image\\\/\"}}]}<\/script>\n<!-- \/ Yoast SEO plugin. -->","yoast_head_json":{"title":"Kniha referenc\u00ed \u2248 IMAGINOX","robots":{"index":"index","follow":"follow","max-snippet":"max-snippet:-1","max-image-preview":"max-image-preview:large","max-video-preview":"max-video-preview:-1"},"canonical":"https:\/\/imaginox.com\/cs\/kniha-referenci\/","og_locale":"cs_CZ","og_type":"article","og_title":"Kniha referenc\u00ed \u2248 IMAGINOX","og_description":"Z\u00edskejte na\u0161i knihu referenc\u00ed Vypl\u0148te pros\u00edm n\u00ed\u017ee uveden\u00fd formul\u00e1\u0159. Na va\u0161i e-mailovou adresu v\u00e1m za\u0161leme odkaz, abyste si mohli st\u00e1hnout knihu referenc\u00ed v elektronick\u00e9 podob\u011b. povinn\u00e1 pole","og_url":"https:\/\/imaginox.com\/cs\/kniha-referenci\/","og_site_name":"IMAGINOX","article_modified_time":"2024-03-31T17:47:29+00:00","twitter_card":"summary_large_image","schema":{"@context":"https:\/\/schema.org","@graph":[{"@type":"WebPage","@id":"https:\/\/imaginox.com\/cs\/kniha-referenci\/","url":"https:\/\/imaginox.com\/cs\/kniha-referenci\/","name":"Kniha referenc\u00ed \u2248 IMAGINOX","isPartOf":{"@id":"https:\/\/imaginox.com\/cs\/#website"},"datePublished":"2024-01-23T14:35:56+00:00","dateModified":"2024-03-31T17:47:29+00:00","breadcrumb":{"@id":"https:\/\/imaginox.com\/cs\/kniha-referenci\/#breadcrumb"},"inLanguage":"cs","potentialAction":[{"@type":"ReadAction","target":["https:\/\/imaginox.com\/cs\/kniha-referenci\/"]}]},{"@type":"BreadcrumbList","@id":"https:\/\/imaginox.com\/cs\/kniha-referenci\/#breadcrumb","itemListElement":[{"@type":"ListItem","position":1,"name":"Home","item":"https:\/\/imaginox.com\/cs\/"},{"@type":"ListItem","position":2,"name":"Z\u00edskejte na\u0161i knihu referenc\u00ed"}]},{"@type":"WebSite","@id":"https:\/\/imaginox.com\/cs\/#website","url":"https:\/\/imaginox.com\/cs\/","name":"IMAGINOX","description":"Nerezov\u00e9 baz\u00e9ny, v\u00ed\u0159ivky a dal\u0161\u00ed wellness produkty","publisher":{"@id":"https:\/\/imaginox.com\/cs\/#organization"},"potentialAction":[{"@type":"SearchAction","target":{"@type":"EntryPoint","urlTemplate":"https:\/\/imaginox.com\/cs\/?s={search_term_string}"},"query-input":{"@type":"PropertyValueSpecification","valueRequired":true,"valueName":"search_term_string"}}],"inLanguage":"cs"},{"@type":"Organization","@id":"https:\/\/imaginox.com\/cs\/#organization","name":"IMAGINOX s.r.o.","url":"https:\/\/imaginox.com\/cs\/","logo":{"@type":"ImageObject","inLanguage":"cs","@id":"https:\/\/imaginox.com\/cs\/#\/schema\/logo\/image\/","url":"https:\/\/imaginox.com\/wp-content\/uploads\/2021\/04\/imaginox-header-logo.png","contentUrl":"https:\/\/imaginox.com\/wp-content\/uploads\/2021\/04\/imaginox-header-logo.png","width":622,"height":88,"caption":"IMAGINOX s.r.o."},"image":{"@id":"https:\/\/imaginox.com\/cs\/#\/schema\/logo\/image\/"}}]}},"_links":{"self":[{"href":"https:\/\/imaginox.com\/cs\/wp-json\/wp\/v2\/pages\/10937","targetHints":{"allow":["GET"]}}],"collection":[{"href":"https:\/\/imaginox.com\/cs\/wp-json\/wp\/v2\/pages"}],"about":[{"href":"https:\/\/imaginox.com\/cs\/wp-json\/wp\/v2\/types\/page"}],"author":[{"embeddable":true,"href":"https:\/\/imaginox.com\/cs\/wp-json\/wp\/v2\/users\/11"}],"replies":[{"embeddable":true,"href":"https:\/\/imaginox.com\/cs\/wp-json\/wp\/v2\/comments?post=10937"}],"version-history":[{"count":6,"href":"https:\/\/imaginox.com\/cs\/wp-json\/wp\/v2\/pages\/10937\/revisions"}],"predecessor-version":[{"id":11273,"href":"https:\/\/imaginox.com\/cs\/wp-json\/wp\/v2\/pages\/10937\/revisions\/11273"}],"wp:attachment":[{"href":"https:\/\/imaginox.com\/cs\/wp-json\/wp\/v2\/media?parent=10937"}],"curies":[{"name":"wp","href":"https:\/\/api.w.org\/{rel}","templated":true}]}}