{"id":13948,"date":"2025-04-25T16:05:44","date_gmt":"2025-04-25T14:05:44","guid":{"rendered":"https:\/\/imaginox.com\/?page_id=13948"},"modified":"2025-09-18T11:22:12","modified_gmt":"2025-09-18T09:22:12","slug":"sauny-spa","status":"publish","type":"page","link":"https:\/\/imaginox.com\/cs\/produkty\/sauny-spa\/","title":{"rendered":"Sauny &#038; spa"},"content":{"rendered":"","protected":false},"excerpt":{"rendered":"","protected":false},"author":17,"featured_media":0,"parent":3427,"menu_order":0,"comment_status":"closed","ping_status":"closed","template":"acf-tao-template.php","meta":{"_acf_changed":false,"inline_featured_image":false,"footnotes":""},"class_list":["post-13948","page","type-page","status-publish","hentry"],"acf":[],"yoast_head":"<!-- This site is optimized with the Yoast SEO plugin v27.3 - https:\/\/yoast.com\/product\/yoast-seo-wordpress\/ -->\n<title>Designov\u00e9 sauny &amp; spa \u2248 IMAGINOX<\/title>\n<meta name=\"description\" content=\"Spole\u010dnost TAO vynik\u00e1 ve v\u00fdrob\u011b \u0161pi\u010dkov\u00fdch priv\u00e1tn\u00edch saun. Nab\u00edz\u00edme priv\u00e1tn\u00ed finsk\u00e9 sauny, bio sauny a infrasauny jak do interi\u00e9r\u016f, tak do exteri\u00e9r\u016f.\" \/>\n<meta name=\"robots\" content=\"index, follow, max-snippet:-1, max-image-preview:large, max-video-preview:-1\" \/>\n<link rel=\"canonical\" href=\"https:\/\/imaginox.com\/cs\/produkty\/sauny-spa\/\" \/>\n<meta property=\"og:locale\" content=\"cs_CZ\" \/>\n<meta property=\"og:type\" content=\"article\" \/>\n<meta property=\"og:title\" content=\"Designov\u00e9 sauny &amp; spa \u2248 IMAGINOX\" \/>\n<meta property=\"og:description\" content=\"Spole\u010dnost TAO vynik\u00e1 ve v\u00fdrob\u011b \u0161pi\u010dkov\u00fdch priv\u00e1tn\u00edch saun. Nab\u00edz\u00edme priv\u00e1tn\u00ed finsk\u00e9 sauny, bio sauny a infrasauny jak do interi\u00e9r\u016f, tak do exteri\u00e9r\u016f.\" \/>\n<meta property=\"og:url\" content=\"https:\/\/imaginox.com\/cs\/produkty\/sauny-spa\/\" \/>\n<meta property=\"og:site_name\" content=\"IMAGINOX\" \/>\n<meta property=\"article:modified_time\" content=\"2025-09-18T09:22:12+00:00\" \/>\n<meta name=\"twitter:card\" content=\"summary_large_image\" \/>\n<script type=\"application\/ld+json\" class=\"yoast-schema-graph\">{\"@context\":\"https:\\\/\\\/schema.org\",\"@graph\":[{\"@type\":\"WebPage\",\"@id\":\"https:\\\/\\\/imaginox.com\\\/cs\\\/produkty\\\/sauny-spa\\\/\",\"url\":\"https:\\\/\\\/imaginox.com\\\/cs\\\/produkty\\\/sauny-spa\\\/\",\"name\":\"Designov\u00e9 sauny & spa \u2248 IMAGINOX\",\"isPartOf\":{\"@id\":\"https:\\\/\\\/imaginox.com\\\/cs\\\/#website\"},\"datePublished\":\"2025-04-25T14:05:44+00:00\",\"dateModified\":\"2025-09-18T09:22:12+00:00\",\"description\":\"Spole\u010dnost TAO vynik\u00e1 ve v\u00fdrob\u011b \u0161pi\u010dkov\u00fdch priv\u00e1tn\u00edch saun. Nab\u00edz\u00edme priv\u00e1tn\u00ed finsk\u00e9 sauny, bio sauny a infrasauny jak do interi\u00e9r\u016f, tak do exteri\u00e9r\u016f.\",\"breadcrumb\":{\"@id\":\"https:\\\/\\\/imaginox.com\\\/cs\\\/produkty\\\/sauny-spa\\\/#breadcrumb\"},\"inLanguage\":\"cs\",\"potentialAction\":[{\"@type\":\"ReadAction\",\"target\":[\"https:\\\/\\\/imaginox.com\\\/cs\\\/produkty\\\/sauny-spa\\\/\"]}]},{\"@type\":\"BreadcrumbList\",\"@id\":\"https:\\\/\\\/imaginox.com\\\/cs\\\/produkty\\\/sauny-spa\\\/#breadcrumb\",\"itemListElement\":[{\"@type\":\"ListItem\",\"position\":1,\"name\":\"Home\",\"item\":\"https:\\\/\\\/imaginox.com\\\/cs\\\/\"},{\"@type\":\"ListItem\",\"position\":2,\"name\":\"Produkty\",\"item\":\"https:\\\/\\\/imaginox.com\\\/cs\\\/produkty\\\/\"},{\"@type\":\"ListItem\",\"position\":3,\"name\":\"Sauny &#038; spa\"}]},{\"@type\":\"WebSite\",\"@id\":\"https:\\\/\\\/imaginox.com\\\/cs\\\/#website\",\"url\":\"https:\\\/\\\/imaginox.com\\\/cs\\\/\",\"name\":\"IMAGINOX\",\"description\":\"Nerezov\u00e9 baz\u00e9ny, v\u00ed\u0159ivky a dal\u0161\u00ed wellness produkty\",\"publisher\":{\"@id\":\"https:\\\/\\\/imaginox.com\\\/cs\\\/#organization\"},\"potentialAction\":[{\"@type\":\"SearchAction\",\"target\":{\"@type\":\"EntryPoint\",\"urlTemplate\":\"https:\\\/\\\/imaginox.com\\\/cs\\\/?s={search_term_string}\"},\"query-input\":{\"@type\":\"PropertyValueSpecification\",\"valueRequired\":true,\"valueName\":\"search_term_string\"}}],\"inLanguage\":\"cs\"},{\"@type\":\"Organization\",\"@id\":\"https:\\\/\\\/imaginox.com\\\/cs\\\/#organization\",\"name\":\"IMAGINOX s.r.o.\",\"url\":\"https:\\\/\\\/imaginox.com\\\/cs\\\/\",\"logo\":{\"@type\":\"ImageObject\",\"inLanguage\":\"cs\",\"@id\":\"https:\\\/\\\/imaginox.com\\\/cs\\\/#\\\/schema\\\/logo\\\/image\\\/\",\"url\":\"https:\\\/\\\/imaginox.com\\\/wp-content\\\/uploads\\\/2021\\\/04\\\/imaginox-header-logo.png\",\"contentUrl\":\"https:\\\/\\\/imaginox.com\\\/wp-content\\\/uploads\\\/2021\\\/04\\\/imaginox-header-logo.png\",\"width\":622,\"height\":88,\"caption\":\"IMAGINOX s.r.o.\"},\"image\":{\"@id\":\"https:\\\/\\\/imaginox.com\\\/cs\\\/#\\\/schema\\\/logo\\\/image\\\/\"}}]}<\/script>\n<!-- \/ Yoast SEO plugin. -->","yoast_head_json":{"title":"Designov\u00e9 sauny & spa \u2248 IMAGINOX","description":"Spole\u010dnost TAO vynik\u00e1 ve v\u00fdrob\u011b \u0161pi\u010dkov\u00fdch priv\u00e1tn\u00edch saun. Nab\u00edz\u00edme priv\u00e1tn\u00ed finsk\u00e9 sauny, bio sauny a infrasauny jak do interi\u00e9r\u016f, tak do exteri\u00e9r\u016f.","robots":{"index":"index","follow":"follow","max-snippet":"max-snippet:-1","max-image-preview":"max-image-preview:large","max-video-preview":"max-video-preview:-1"},"canonical":"https:\/\/imaginox.com\/cs\/produkty\/sauny-spa\/","og_locale":"cs_CZ","og_type":"article","og_title":"Designov\u00e9 sauny & spa \u2248 IMAGINOX","og_description":"Spole\u010dnost TAO vynik\u00e1 ve v\u00fdrob\u011b \u0161pi\u010dkov\u00fdch priv\u00e1tn\u00edch saun. Nab\u00edz\u00edme priv\u00e1tn\u00ed finsk\u00e9 sauny, bio sauny a infrasauny jak do interi\u00e9r\u016f, tak do exteri\u00e9r\u016f.","og_url":"https:\/\/imaginox.com\/cs\/produkty\/sauny-spa\/","og_site_name":"IMAGINOX","article_modified_time":"2025-09-18T09:22:12+00:00","twitter_card":"summary_large_image","schema":{"@context":"https:\/\/schema.org","@graph":[{"@type":"WebPage","@id":"https:\/\/imaginox.com\/cs\/produkty\/sauny-spa\/","url":"https:\/\/imaginox.com\/cs\/produkty\/sauny-spa\/","name":"Designov\u00e9 sauny & spa \u2248 IMAGINOX","isPartOf":{"@id":"https:\/\/imaginox.com\/cs\/#website"},"datePublished":"2025-04-25T14:05:44+00:00","dateModified":"2025-09-18T09:22:12+00:00","description":"Spole\u010dnost TAO vynik\u00e1 ve v\u00fdrob\u011b \u0161pi\u010dkov\u00fdch priv\u00e1tn\u00edch saun. Nab\u00edz\u00edme priv\u00e1tn\u00ed finsk\u00e9 sauny, bio sauny a infrasauny jak do interi\u00e9r\u016f, tak do exteri\u00e9r\u016f.","breadcrumb":{"@id":"https:\/\/imaginox.com\/cs\/produkty\/sauny-spa\/#breadcrumb"},"inLanguage":"cs","potentialAction":[{"@type":"ReadAction","target":["https:\/\/imaginox.com\/cs\/produkty\/sauny-spa\/"]}]},{"@type":"BreadcrumbList","@id":"https:\/\/imaginox.com\/cs\/produkty\/sauny-spa\/#breadcrumb","itemListElement":[{"@type":"ListItem","position":1,"name":"Home","item":"https:\/\/imaginox.com\/cs\/"},{"@type":"ListItem","position":2,"name":"Produkty","item":"https:\/\/imaginox.com\/cs\/produkty\/"},{"@type":"ListItem","position":3,"name":"Sauny &#038; spa"}]},{"@type":"WebSite","@id":"https:\/\/imaginox.com\/cs\/#website","url":"https:\/\/imaginox.com\/cs\/","name":"IMAGINOX","description":"Nerezov\u00e9 baz\u00e9ny, v\u00ed\u0159ivky a dal\u0161\u00ed wellness produkty","publisher":{"@id":"https:\/\/imaginox.com\/cs\/#organization"},"potentialAction":[{"@type":"SearchAction","target":{"@type":"EntryPoint","urlTemplate":"https:\/\/imaginox.com\/cs\/?s={search_term_string}"},"query-input":{"@type":"PropertyValueSpecification","valueRequired":true,"valueName":"search_term_string"}}],"inLanguage":"cs"},{"@type":"Organization","@id":"https:\/\/imaginox.com\/cs\/#organization","name":"IMAGINOX s.r.o.","url":"https:\/\/imaginox.com\/cs\/","logo":{"@type":"ImageObject","inLanguage":"cs","@id":"https:\/\/imaginox.com\/cs\/#\/schema\/logo\/image\/","url":"https:\/\/imaginox.com\/wp-content\/uploads\/2021\/04\/imaginox-header-logo.png","contentUrl":"https:\/\/imaginox.com\/wp-content\/uploads\/2021\/04\/imaginox-header-logo.png","width":622,"height":88,"caption":"IMAGINOX s.r.o."},"image":{"@id":"https:\/\/imaginox.com\/cs\/#\/schema\/logo\/image\/"}}]}},"_links":{"self":[{"href":"https:\/\/imaginox.com\/cs\/wp-json\/wp\/v2\/pages\/13948","targetHints":{"allow":["GET"]}}],"collection":[{"href":"https:\/\/imaginox.com\/cs\/wp-json\/wp\/v2\/pages"}],"about":[{"href":"https:\/\/imaginox.com\/cs\/wp-json\/wp\/v2\/types\/page"}],"author":[{"embeddable":true,"href":"https:\/\/imaginox.com\/cs\/wp-json\/wp\/v2\/users\/17"}],"replies":[{"embeddable":true,"href":"https:\/\/imaginox.com\/cs\/wp-json\/wp\/v2\/comments?post=13948"}],"version-history":[{"count":6,"href":"https:\/\/imaginox.com\/cs\/wp-json\/wp\/v2\/pages\/13948\/revisions"}],"predecessor-version":[{"id":16131,"href":"https:\/\/imaginox.com\/cs\/wp-json\/wp\/v2\/pages\/13948\/revisions\/16131"}],"up":[{"embeddable":true,"href":"https:\/\/imaginox.com\/cs\/wp-json\/wp\/v2\/pages\/3427"}],"wp:attachment":[{"href":"https:\/\/imaginox.com\/cs\/wp-json\/wp\/v2\/media?parent=13948"}],"curies":[{"name":"wp","href":"https:\/\/api.w.org\/{rel}","templated":true}]}}