{"id":15198,"date":"2025-07-03T13:17:43","date_gmt":"2025-07-03T11:17:43","guid":{"rendered":"https:\/\/imaginox.com\/?page_id=15198"},"modified":"2025-07-03T13:17:43","modified_gmt":"2025-07-03T11:17:43","slug":"stahnete-katalog-skupiny-imaginox","status":"publish","type":"page","link":"https:\/\/imaginox.com\/cs\/stahnete-katalog-skupiny-imaginox\/","title":{"rendered":"St\u00e1hn\u011bte si katalog skupiny Imaginox"},"content":{"rendered":"<section class=\"section--catalogue section--light\">\n<div class=\"inner\">\n<h1 class=\"heading heading--bigger heading--center heading--black heading--underline\">St\u00e1hn\u011bte si katalog skupiny Imaginox<\/h1>\n<div class=\"col-12 catalogue-download-button-margin margin-top--05x\"><a class=\"button button--small button--arrow button--shadow\" href=\"https:\/\/imaginox.com\/wp-content\/uploads\/2025\/07\/Katalog_IMAGINOX_GROUP_265x235_CZ_online.pdf\" rel=\"noopener noreferrer\" download=\"Katalog-bazenu\">St\u00e1hn\u011bte katalog skupiny IMAGINOX<\/a><\/div>\n<div class=\"row\">\n<div class=\"col-xs-12 col-sm-12 col-md-2 col-lg-2\"><\/div>\n<div class=\"col-xs-12 col-sm-12 col-md-8 col-lg-8\"><\/div>\n<div class=\"col-xs-12 col-sm-12 col-md-2 col-lg-2\"><\/div>\n<\/div>\n<div style=\"position: relative; padding-top: max(60%,326px); height: 0; width: 100%;\"><iframe style=\"position: absolute; border: none; width: 100%; height: 100%; left: 0; right: 0; top: 0; bottom: 0;\" src=\"https:\/\/issuu.com\/aquamarinespamarketing\/docs\/katalog_imaginox_group_cz?fr=xKAE9_zMzMw\" sandbox=\"allow-top-navigation allow-top-navigation-by-user-activation allow-downloads allow-scripts allow-same-origin allow-popups allow-modals allow-popups-to-escape-sandbox allow-forms\" allowfullscreen=\"allowfullscreen\"><\/iframe><\/div>\n<\/div>\n<p><!-- .inner --><\/p>\n<\/section>\n<p><!-- section products --><\/p>\n","protected":false},"excerpt":{"rendered":"St\u00e1hn\u011bte si katalog skupiny Imaginox St\u00e1hn\u011bte katalog skupiny IMAGINOX","protected":false},"author":17,"featured_media":0,"parent":0,"menu_order":0,"comment_status":"closed","ping_status":"closed","template":"","meta":{"_acf_changed":false,"inline_featured_image":false,"footnotes":""},"class_list":["post-15198","page","type-page","status-publish","hentry"],"acf":[],"yoast_head":"<!-- This site is optimized with the Yoast SEO plugin v27.3 - https:\/\/yoast.com\/product\/yoast-seo-wordpress\/ -->\n<title>St\u00e1hn\u011bte si katalog skupiny Imaginox \u2248 IMAGINOX<\/title>\n<meta name=\"robots\" content=\"index, follow, max-snippet:-1, max-image-preview:large, max-video-preview:-1\" \/>\n<link rel=\"canonical\" href=\"https:\/\/imaginox.com\/cs\/stahnete-katalog-skupiny-imaginox\/\" \/>\n<meta property=\"og:locale\" content=\"cs_CZ\" \/>\n<meta property=\"og:type\" content=\"article\" \/>\n<meta property=\"og:title\" content=\"St\u00e1hn\u011bte si katalog skupiny Imaginox \u2248 IMAGINOX\" \/>\n<meta property=\"og:description\" content=\"St\u00e1hn\u011bte si katalog skupiny Imaginox St\u00e1hn\u011bte katalog skupiny IMAGINOX\" \/>\n<meta property=\"og:url\" content=\"https:\/\/imaginox.com\/cs\/stahnete-katalog-skupiny-imaginox\/\" \/>\n<meta property=\"og:site_name\" content=\"IMAGINOX\" \/>\n<meta name=\"twitter:card\" content=\"summary_large_image\" \/>\n<script type=\"application\/ld+json\" class=\"yoast-schema-graph\">{\"@context\":\"https:\\\/\\\/schema.org\",\"@graph\":[{\"@type\":\"WebPage\",\"@id\":\"https:\\\/\\\/imaginox.com\\\/cs\\\/stahnete-katalog-skupiny-imaginox\\\/\",\"url\":\"https:\\\/\\\/imaginox.com\\\/cs\\\/stahnete-katalog-skupiny-imaginox\\\/\",\"name\":\"St\u00e1hn\u011bte si katalog skupiny Imaginox \u2248 IMAGINOX\",\"isPartOf\":{\"@id\":\"https:\\\/\\\/imaginox.com\\\/cs\\\/#website\"},\"datePublished\":\"2025-07-03T11:17:43+00:00\",\"breadcrumb\":{\"@id\":\"https:\\\/\\\/imaginox.com\\\/cs\\\/stahnete-katalog-skupiny-imaginox\\\/#breadcrumb\"},\"inLanguage\":\"cs\",\"potentialAction\":[{\"@type\":\"ReadAction\",\"target\":[\"https:\\\/\\\/imaginox.com\\\/cs\\\/stahnete-katalog-skupiny-imaginox\\\/\"]}]},{\"@type\":\"BreadcrumbList\",\"@id\":\"https:\\\/\\\/imaginox.com\\\/cs\\\/stahnete-katalog-skupiny-imaginox\\\/#breadcrumb\",\"itemListElement\":[{\"@type\":\"ListItem\",\"position\":1,\"name\":\"Home\",\"item\":\"https:\\\/\\\/imaginox.com\\\/cs\\\/\"},{\"@type\":\"ListItem\",\"position\":2,\"name\":\"St\u00e1hn\u011bte si katalog skupiny Imaginox\"}]},{\"@type\":\"WebSite\",\"@id\":\"https:\\\/\\\/imaginox.com\\\/cs\\\/#website\",\"url\":\"https:\\\/\\\/imaginox.com\\\/cs\\\/\",\"name\":\"IMAGINOX\",\"description\":\"Nerezov\u00e9 baz\u00e9ny, v\u00ed\u0159ivky a dal\u0161\u00ed wellness produkty\",\"publisher\":{\"@id\":\"https:\\\/\\\/imaginox.com\\\/cs\\\/#organization\"},\"potentialAction\":[{\"@type\":\"SearchAction\",\"target\":{\"@type\":\"EntryPoint\",\"urlTemplate\":\"https:\\\/\\\/imaginox.com\\\/cs\\\/?s={search_term_string}\"},\"query-input\":{\"@type\":\"PropertyValueSpecification\",\"valueRequired\":true,\"valueName\":\"search_term_string\"}}],\"inLanguage\":\"cs\"},{\"@type\":\"Organization\",\"@id\":\"https:\\\/\\\/imaginox.com\\\/cs\\\/#organization\",\"name\":\"IMAGINOX s.r.o.\",\"url\":\"https:\\\/\\\/imaginox.com\\\/cs\\\/\",\"logo\":{\"@type\":\"ImageObject\",\"inLanguage\":\"cs\",\"@id\":\"https:\\\/\\\/imaginox.com\\\/cs\\\/#\\\/schema\\\/logo\\\/image\\\/\",\"url\":\"https:\\\/\\\/imaginox.com\\\/wp-content\\\/uploads\\\/2021\\\/04\\\/imaginox-header-logo.png\",\"contentUrl\":\"https:\\\/\\\/imaginox.com\\\/wp-content\\\/uploads\\\/2021\\\/04\\\/imaginox-header-logo.png\",\"width\":622,\"height\":88,\"caption\":\"IMAGINOX s.r.o.\"},\"image\":{\"@id\":\"https:\\\/\\\/imaginox.com\\\/cs\\\/#\\\/schema\\\/logo\\\/image\\\/\"}}]}<\/script>\n<!-- \/ Yoast SEO plugin. -->","yoast_head_json":{"title":"St\u00e1hn\u011bte si katalog skupiny Imaginox \u2248 IMAGINOX","robots":{"index":"index","follow":"follow","max-snippet":"max-snippet:-1","max-image-preview":"max-image-preview:large","max-video-preview":"max-video-preview:-1"},"canonical":"https:\/\/imaginox.com\/cs\/stahnete-katalog-skupiny-imaginox\/","og_locale":"cs_CZ","og_type":"article","og_title":"St\u00e1hn\u011bte si katalog skupiny Imaginox \u2248 IMAGINOX","og_description":"St\u00e1hn\u011bte si katalog skupiny Imaginox St\u00e1hn\u011bte katalog skupiny IMAGINOX","og_url":"https:\/\/imaginox.com\/cs\/stahnete-katalog-skupiny-imaginox\/","og_site_name":"IMAGINOX","twitter_card":"summary_large_image","schema":{"@context":"https:\/\/schema.org","@graph":[{"@type":"WebPage","@id":"https:\/\/imaginox.com\/cs\/stahnete-katalog-skupiny-imaginox\/","url":"https:\/\/imaginox.com\/cs\/stahnete-katalog-skupiny-imaginox\/","name":"St\u00e1hn\u011bte si katalog skupiny Imaginox \u2248 IMAGINOX","isPartOf":{"@id":"https:\/\/imaginox.com\/cs\/#website"},"datePublished":"2025-07-03T11:17:43+00:00","breadcrumb":{"@id":"https:\/\/imaginox.com\/cs\/stahnete-katalog-skupiny-imaginox\/#breadcrumb"},"inLanguage":"cs","potentialAction":[{"@type":"ReadAction","target":["https:\/\/imaginox.com\/cs\/stahnete-katalog-skupiny-imaginox\/"]}]},{"@type":"BreadcrumbList","@id":"https:\/\/imaginox.com\/cs\/stahnete-katalog-skupiny-imaginox\/#breadcrumb","itemListElement":[{"@type":"ListItem","position":1,"name":"Home","item":"https:\/\/imaginox.com\/cs\/"},{"@type":"ListItem","position":2,"name":"St\u00e1hn\u011bte si katalog skupiny Imaginox"}]},{"@type":"WebSite","@id":"https:\/\/imaginox.com\/cs\/#website","url":"https:\/\/imaginox.com\/cs\/","name":"IMAGINOX","description":"Nerezov\u00e9 baz\u00e9ny, v\u00ed\u0159ivky a dal\u0161\u00ed wellness produkty","publisher":{"@id":"https:\/\/imaginox.com\/cs\/#organization"},"potentialAction":[{"@type":"SearchAction","target":{"@type":"EntryPoint","urlTemplate":"https:\/\/imaginox.com\/cs\/?s={search_term_string}"},"query-input":{"@type":"PropertyValueSpecification","valueRequired":true,"valueName":"search_term_string"}}],"inLanguage":"cs"},{"@type":"Organization","@id":"https:\/\/imaginox.com\/cs\/#organization","name":"IMAGINOX s.r.o.","url":"https:\/\/imaginox.com\/cs\/","logo":{"@type":"ImageObject","inLanguage":"cs","@id":"https:\/\/imaginox.com\/cs\/#\/schema\/logo\/image\/","url":"https:\/\/imaginox.com\/wp-content\/uploads\/2021\/04\/imaginox-header-logo.png","contentUrl":"https:\/\/imaginox.com\/wp-content\/uploads\/2021\/04\/imaginox-header-logo.png","width":622,"height":88,"caption":"IMAGINOX s.r.o."},"image":{"@id":"https:\/\/imaginox.com\/cs\/#\/schema\/logo\/image\/"}}]}},"_links":{"self":[{"href":"https:\/\/imaginox.com\/cs\/wp-json\/wp\/v2\/pages\/15198","targetHints":{"allow":["GET"]}}],"collection":[{"href":"https:\/\/imaginox.com\/cs\/wp-json\/wp\/v2\/pages"}],"about":[{"href":"https:\/\/imaginox.com\/cs\/wp-json\/wp\/v2\/types\/page"}],"author":[{"embeddable":true,"href":"https:\/\/imaginox.com\/cs\/wp-json\/wp\/v2\/users\/17"}],"replies":[{"embeddable":true,"href":"https:\/\/imaginox.com\/cs\/wp-json\/wp\/v2\/comments?post=15198"}],"version-history":[{"count":1,"href":"https:\/\/imaginox.com\/cs\/wp-json\/wp\/v2\/pages\/15198\/revisions"}],"predecessor-version":[{"id":15529,"href":"https:\/\/imaginox.com\/cs\/wp-json\/wp\/v2\/pages\/15198\/revisions\/15529"}],"wp:attachment":[{"href":"https:\/\/imaginox.com\/cs\/wp-json\/wp\/v2\/media?parent=15198"}],"curies":[{"name":"wp","href":"https:\/\/api.w.org\/{rel}","templated":true}]}}