{"id":3377,"date":"2020-08-19T12:43:23","date_gmt":"2020-08-19T12:43:23","guid":{"rendered":"https:\/\/imaginox.boost.codes\/domluvit-schuzku\/"},"modified":"2024-04-04T16:16:23","modified_gmt":"2024-04-04T14:16:23","slug":"domluvit-schuzku","status":"publish","type":"page","link":"https:\/\/imaginox.com\/cs\/domluvit-schuzku\/","title":{"rendered":"Domluvit sch\u016fzku"},"content":{"rendered":"<section class=\"section--catalogue section--light\">\n<div class=\"inner\">\n<h1 class=\"heading heading--bigger heading--center heading--black heading--underline\">Domluvit sch\u016fzku<\/h1>\n<div class=\"row\">\n<div class=\"col-xs-12 col-sm-12 col-md-2 col-lg-2\"><\/div>\n<div class=\"col-xs-12 col-sm-12 col-md-8 col-lg-8\">\n<p class=\"paragraph paragraph--medium align-center margin-top--05x\">Chcete si domluvit osobn\u00ed nebo online sch\u016fzku? Vypl\u0148te pros\u00edm formul\u00e1\u0159 a my v\u00e1m odpov\u00edme, jakmile to bude mo\u017en\u00e9. M\u016f\u017eete n\u00e1m tak\u00e9 zanechat sv\u00e9 telefonn\u00ed \u010d\u00edslo a my v\u00e1s budeme kontaktovat zp\u011bt.<\/p>\n<\/div>\n<div class=\"col-xs-12 col-sm-12 col-md-2 col-lg-2\"><\/div>\n<\/div>\n<div class=\"section--catalogue-form section--queries-form\"><span class=\"paragraph paragraph--medium section--catalogue-form-required-data input-required\">povinn\u00e1 pole<\/span><\/p>\n<div class=\"boost-space-forms\" id=\"bsf-id-62\"><\/div><script src=\"https:\/\/imaginox.system.boost.space\/api\/custom_form.js?id=62&integrity=166984974a571aae26cf20c5ad33b235&el=bsf-id-62&callback=boostSpaceFormsInit&csubmit=boostSpaceFormsSuccessSubmit&lang=cs&v=0.4.9\" data-form=\"boost-space\"><\/script>\n<\/div>\n<\/div>\n<p><!-- .inner --><br \/>\n<\/section>\n<p><!-- section products --><\/p>\n","protected":false},"excerpt":{"rendered":"Domluvit sch\u016fzku Chcete si domluvit osobn\u00ed nebo online sch\u016fzku? Vypl\u0148te pros\u00edm formul\u00e1\u0159 a my v\u00e1m odpov\u00edme, jakmile to bude mo\u017en\u00e9. M\u016f\u017eete n\u00e1m tak\u00e9 zanechat sv\u00e9 telefonn\u00ed \u010d\u00edslo a my v\u00e1s budeme kontaktovat zp\u011bt. povinn\u00e1 pole","protected":false},"author":1,"featured_media":0,"parent":0,"menu_order":0,"comment_status":"closed","ping_status":"closed","template":"","meta":{"_acf_changed":false,"inline_featured_image":false,"footnotes":""},"class_list":["post-3377","page","type-page","status-publish","hentry"],"acf":[],"yoast_head":"<!-- This site is optimized with the Yoast SEO plugin v27.3 - https:\/\/yoast.com\/product\/yoast-seo-wordpress\/ -->\n<title>Domluvit sch\u016fzku \u2248 IMAGINOX<\/title>\n<meta name=\"description\" content=\"Chcete si domluvit sch\u016fzku osobn\u011b nebo online? Vypl\u0148te pros\u00edm formul\u00e1\u0159 a my se v\u00e1m ozveme co nejd\u0159\u00edve.\" \/>\n<meta name=\"robots\" content=\"index, follow, max-snippet:-1, max-image-preview:large, max-video-preview:-1\" \/>\n<link rel=\"canonical\" href=\"https:\/\/imaginox.com\/cs\/domluvit-schuzku\/\" \/>\n<meta property=\"og:locale\" content=\"cs_CZ\" \/>\n<meta property=\"og:type\" content=\"article\" \/>\n<meta property=\"og:title\" content=\"Domluvit sch\u016fzku \u2248 IMAGINOX\" \/>\n<meta property=\"og:description\" content=\"Chcete si domluvit sch\u016fzku osobn\u011b nebo online? Vypl\u0148te pros\u00edm formul\u00e1\u0159 a my se v\u00e1m ozveme co nejd\u0159\u00edve.\" \/>\n<meta property=\"og:url\" content=\"https:\/\/imaginox.com\/cs\/domluvit-schuzku\/\" \/>\n<meta property=\"og:site_name\" content=\"IMAGINOX\" \/>\n<meta property=\"article:modified_time\" content=\"2024-04-04T14:16:23+00:00\" \/>\n<meta name=\"twitter:card\" content=\"summary_large_image\" \/>\n<script type=\"application\/ld+json\" class=\"yoast-schema-graph\">{\"@context\":\"https:\\\/\\\/schema.org\",\"@graph\":[{\"@type\":\"WebPage\",\"@id\":\"https:\\\/\\\/imaginox.com\\\/cs\\\/domluvit-schuzku\\\/\",\"url\":\"https:\\\/\\\/imaginox.com\\\/cs\\\/domluvit-schuzku\\\/\",\"name\":\"Domluvit sch\u016fzku \u2248 IMAGINOX\",\"isPartOf\":{\"@id\":\"https:\\\/\\\/imaginox.com\\\/cs\\\/#website\"},\"datePublished\":\"2020-08-19T12:43:23+00:00\",\"dateModified\":\"2024-04-04T14:16:23+00:00\",\"description\":\"Chcete si domluvit sch\u016fzku osobn\u011b nebo online? Vypl\u0148te pros\u00edm formul\u00e1\u0159 a my se v\u00e1m ozveme co nejd\u0159\u00edve.\",\"breadcrumb\":{\"@id\":\"https:\\\/\\\/imaginox.com\\\/cs\\\/domluvit-schuzku\\\/#breadcrumb\"},\"inLanguage\":\"cs\",\"potentialAction\":[{\"@type\":\"ReadAction\",\"target\":[\"https:\\\/\\\/imaginox.com\\\/cs\\\/domluvit-schuzku\\\/\"]}]},{\"@type\":\"BreadcrumbList\",\"@id\":\"https:\\\/\\\/imaginox.com\\\/cs\\\/domluvit-schuzku\\\/#breadcrumb\",\"itemListElement\":[{\"@type\":\"ListItem\",\"position\":1,\"name\":\"Home\",\"item\":\"https:\\\/\\\/imaginox.com\\\/cs\\\/\"},{\"@type\":\"ListItem\",\"position\":2,\"name\":\"Domluvit sch\u016fzku\"}]},{\"@type\":\"WebSite\",\"@id\":\"https:\\\/\\\/imaginox.com\\\/cs\\\/#website\",\"url\":\"https:\\\/\\\/imaginox.com\\\/cs\\\/\",\"name\":\"IMAGINOX\",\"description\":\"Nerezov\u00e9 baz\u00e9ny, v\u00ed\u0159ivky a dal\u0161\u00ed wellness produkty\",\"publisher\":{\"@id\":\"https:\\\/\\\/imaginox.com\\\/cs\\\/#organization\"},\"potentialAction\":[{\"@type\":\"SearchAction\",\"target\":{\"@type\":\"EntryPoint\",\"urlTemplate\":\"https:\\\/\\\/imaginox.com\\\/cs\\\/?s={search_term_string}\"},\"query-input\":{\"@type\":\"PropertyValueSpecification\",\"valueRequired\":true,\"valueName\":\"search_term_string\"}}],\"inLanguage\":\"cs\"},{\"@type\":\"Organization\",\"@id\":\"https:\\\/\\\/imaginox.com\\\/cs\\\/#organization\",\"name\":\"IMAGINOX s.r.o.\",\"url\":\"https:\\\/\\\/imaginox.com\\\/cs\\\/\",\"logo\":{\"@type\":\"ImageObject\",\"inLanguage\":\"cs\",\"@id\":\"https:\\\/\\\/imaginox.com\\\/cs\\\/#\\\/schema\\\/logo\\\/image\\\/\",\"url\":\"https:\\\/\\\/imaginox.com\\\/wp-content\\\/uploads\\\/2021\\\/04\\\/imaginox-header-logo.png\",\"contentUrl\":\"https:\\\/\\\/imaginox.com\\\/wp-content\\\/uploads\\\/2021\\\/04\\\/imaginox-header-logo.png\",\"width\":622,\"height\":88,\"caption\":\"IMAGINOX s.r.o.\"},\"image\":{\"@id\":\"https:\\\/\\\/imaginox.com\\\/cs\\\/#\\\/schema\\\/logo\\\/image\\\/\"}}]}<\/script>\n<!-- \/ Yoast SEO plugin. -->","yoast_head_json":{"title":"Domluvit sch\u016fzku \u2248 IMAGINOX","description":"Chcete si domluvit sch\u016fzku osobn\u011b nebo online? Vypl\u0148te pros\u00edm formul\u00e1\u0159 a my se v\u00e1m ozveme co nejd\u0159\u00edve.","robots":{"index":"index","follow":"follow","max-snippet":"max-snippet:-1","max-image-preview":"max-image-preview:large","max-video-preview":"max-video-preview:-1"},"canonical":"https:\/\/imaginox.com\/cs\/domluvit-schuzku\/","og_locale":"cs_CZ","og_type":"article","og_title":"Domluvit sch\u016fzku \u2248 IMAGINOX","og_description":"Chcete si domluvit sch\u016fzku osobn\u011b nebo online? Vypl\u0148te pros\u00edm formul\u00e1\u0159 a my se v\u00e1m ozveme co nejd\u0159\u00edve.","og_url":"https:\/\/imaginox.com\/cs\/domluvit-schuzku\/","og_site_name":"IMAGINOX","article_modified_time":"2024-04-04T14:16:23+00:00","twitter_card":"summary_large_image","schema":{"@context":"https:\/\/schema.org","@graph":[{"@type":"WebPage","@id":"https:\/\/imaginox.com\/cs\/domluvit-schuzku\/","url":"https:\/\/imaginox.com\/cs\/domluvit-schuzku\/","name":"Domluvit sch\u016fzku \u2248 IMAGINOX","isPartOf":{"@id":"https:\/\/imaginox.com\/cs\/#website"},"datePublished":"2020-08-19T12:43:23+00:00","dateModified":"2024-04-04T14:16:23+00:00","description":"Chcete si domluvit sch\u016fzku osobn\u011b nebo online? Vypl\u0148te pros\u00edm formul\u00e1\u0159 a my se v\u00e1m ozveme co nejd\u0159\u00edve.","breadcrumb":{"@id":"https:\/\/imaginox.com\/cs\/domluvit-schuzku\/#breadcrumb"},"inLanguage":"cs","potentialAction":[{"@type":"ReadAction","target":["https:\/\/imaginox.com\/cs\/domluvit-schuzku\/"]}]},{"@type":"BreadcrumbList","@id":"https:\/\/imaginox.com\/cs\/domluvit-schuzku\/#breadcrumb","itemListElement":[{"@type":"ListItem","position":1,"name":"Home","item":"https:\/\/imaginox.com\/cs\/"},{"@type":"ListItem","position":2,"name":"Domluvit sch\u016fzku"}]},{"@type":"WebSite","@id":"https:\/\/imaginox.com\/cs\/#website","url":"https:\/\/imaginox.com\/cs\/","name":"IMAGINOX","description":"Nerezov\u00e9 baz\u00e9ny, v\u00ed\u0159ivky a dal\u0161\u00ed wellness produkty","publisher":{"@id":"https:\/\/imaginox.com\/cs\/#organization"},"potentialAction":[{"@type":"SearchAction","target":{"@type":"EntryPoint","urlTemplate":"https:\/\/imaginox.com\/cs\/?s={search_term_string}"},"query-input":{"@type":"PropertyValueSpecification","valueRequired":true,"valueName":"search_term_string"}}],"inLanguage":"cs"},{"@type":"Organization","@id":"https:\/\/imaginox.com\/cs\/#organization","name":"IMAGINOX s.r.o.","url":"https:\/\/imaginox.com\/cs\/","logo":{"@type":"ImageObject","inLanguage":"cs","@id":"https:\/\/imaginox.com\/cs\/#\/schema\/logo\/image\/","url":"https:\/\/imaginox.com\/wp-content\/uploads\/2021\/04\/imaginox-header-logo.png","contentUrl":"https:\/\/imaginox.com\/wp-content\/uploads\/2021\/04\/imaginox-header-logo.png","width":622,"height":88,"caption":"IMAGINOX s.r.o."},"image":{"@id":"https:\/\/imaginox.com\/cs\/#\/schema\/logo\/image\/"}}]}},"_links":{"self":[{"href":"https:\/\/imaginox.com\/cs\/wp-json\/wp\/v2\/pages\/3377","targetHints":{"allow":["GET"]}}],"collection":[{"href":"https:\/\/imaginox.com\/cs\/wp-json\/wp\/v2\/pages"}],"about":[{"href":"https:\/\/imaginox.com\/cs\/wp-json\/wp\/v2\/types\/page"}],"author":[{"embeddable":true,"href":"https:\/\/imaginox.com\/cs\/wp-json\/wp\/v2\/users\/1"}],"replies":[{"embeddable":true,"href":"https:\/\/imaginox.com\/cs\/wp-json\/wp\/v2\/comments?post=3377"}],"version-history":[{"count":20,"href":"https:\/\/imaginox.com\/cs\/wp-json\/wp\/v2\/pages\/3377\/revisions"}],"predecessor-version":[{"id":11272,"href":"https:\/\/imaginox.com\/cs\/wp-json\/wp\/v2\/pages\/3377\/revisions\/11272"}],"wp:attachment":[{"href":"https:\/\/imaginox.com\/cs\/wp-json\/wp\/v2\/media?parent=3377"}],"curies":[{"name":"wp","href":"https:\/\/api.w.org\/{rel}","templated":true}]}}