{"id":3410,"date":"2020-08-19T12:57:09","date_gmt":"2020-08-19T12:57:09","guid":{"rendered":"https:\/\/imaginox.boost.codes\/kontakt\/"},"modified":"2025-09-03T13:12:45","modified_gmt":"2025-09-03T11:12:45","slug":"kontakt","status":"publish","type":"page","link":"https:\/\/imaginox.com\/cs\/kontakt\/","title":{"rendered":"Kontakt"},"content":{"rendered":"","protected":false},"excerpt":{"rendered":"","protected":false},"author":1,"featured_media":0,"parent":0,"menu_order":0,"comment_status":"closed","ping_status":"closed","template":"acf-contact-template.php","meta":{"_acf_changed":false,"inline_featured_image":false,"footnotes":""},"class_list":["post-3410","page","type-page","status-publish","hentry"],"acf":[],"yoast_head":"<!-- This site is optimized with the Yoast SEO plugin v27.3 - https:\/\/yoast.com\/product\/yoast-seo-wordpress\/ -->\n<title>Kontaktn\u00ed informace, deale\u0159i, otev\u00edrac\u00ed doba \u2248 IMAGINOX<\/title>\n<meta name=\"description\" content=\"Domluvme si sch\u016fzku, nav\u0161tivte n\u00e1\u0161 firemn\u00ed shorwoom ve Vrchotov\u00fdch Janovic\u00edch nebo v kter\u00e9mkoliv obchodn\u00edm zastoupen\u00ed v zahrani\u010d\u00ed.\" \/>\n<meta name=\"robots\" content=\"index, follow, max-snippet:-1, max-image-preview:large, max-video-preview:-1\" \/>\n<link rel=\"canonical\" href=\"https:\/\/imaginox.com\/cs\/kontakt\/\" \/>\n<meta property=\"og:locale\" content=\"cs_CZ\" \/>\n<meta property=\"og:type\" content=\"article\" \/>\n<meta property=\"og:title\" content=\"Kontaktn\u00ed informace, deale\u0159i, otev\u00edrac\u00ed doba \u2248 IMAGINOX\" \/>\n<meta property=\"og:description\" content=\"Domluvme si sch\u016fzku, nav\u0161tivte n\u00e1\u0161 firemn\u00ed shorwoom ve Vrchotov\u00fdch Janovic\u00edch nebo v kter\u00e9mkoliv obchodn\u00edm zastoupen\u00ed v zahrani\u010d\u00ed.\" \/>\n<meta property=\"og:url\" content=\"https:\/\/imaginox.com\/cs\/kontakt\/\" \/>\n<meta property=\"og:site_name\" content=\"IMAGINOX\" \/>\n<meta property=\"article:modified_time\" content=\"2025-09-03T11:12:45+00:00\" \/>\n<meta name=\"twitter:card\" content=\"summary_large_image\" \/>\n<script type=\"application\/ld+json\" class=\"yoast-schema-graph\">{\"@context\":\"https:\\\/\\\/schema.org\",\"@graph\":[{\"@type\":\"WebPage\",\"@id\":\"https:\\\/\\\/imaginox.com\\\/cs\\\/kontakt\\\/\",\"url\":\"https:\\\/\\\/imaginox.com\\\/cs\\\/kontakt\\\/\",\"name\":\"Kontaktn\u00ed informace, deale\u0159i, otev\u00edrac\u00ed doba \u2248 IMAGINOX\",\"isPartOf\":{\"@id\":\"https:\\\/\\\/imaginox.com\\\/cs\\\/#website\"},\"datePublished\":\"2020-08-19T12:57:09+00:00\",\"dateModified\":\"2025-09-03T11:12:45+00:00\",\"description\":\"Domluvme si sch\u016fzku, nav\u0161tivte n\u00e1\u0161 firemn\u00ed shorwoom ve Vrchotov\u00fdch Janovic\u00edch nebo v kter\u00e9mkoliv obchodn\u00edm zastoupen\u00ed v zahrani\u010d\u00ed.\",\"breadcrumb\":{\"@id\":\"https:\\\/\\\/imaginox.com\\\/cs\\\/kontakt\\\/#breadcrumb\"},\"inLanguage\":\"cs\",\"potentialAction\":[{\"@type\":\"ReadAction\",\"target\":[\"https:\\\/\\\/imaginox.com\\\/cs\\\/kontakt\\\/\"]}]},{\"@type\":\"BreadcrumbList\",\"@id\":\"https:\\\/\\\/imaginox.com\\\/cs\\\/kontakt\\\/#breadcrumb\",\"itemListElement\":[{\"@type\":\"ListItem\",\"position\":1,\"name\":\"Home\",\"item\":\"https:\\\/\\\/imaginox.com\\\/cs\\\/\"},{\"@type\":\"ListItem\",\"position\":2,\"name\":\"Kontakt\"}]},{\"@type\":\"WebSite\",\"@id\":\"https:\\\/\\\/imaginox.com\\\/cs\\\/#website\",\"url\":\"https:\\\/\\\/imaginox.com\\\/cs\\\/\",\"name\":\"IMAGINOX\",\"description\":\"Nerezov\u00e9 baz\u00e9ny, v\u00ed\u0159ivky a dal\u0161\u00ed wellness produkty\",\"publisher\":{\"@id\":\"https:\\\/\\\/imaginox.com\\\/cs\\\/#organization\"},\"potentialAction\":[{\"@type\":\"SearchAction\",\"target\":{\"@type\":\"EntryPoint\",\"urlTemplate\":\"https:\\\/\\\/imaginox.com\\\/cs\\\/?s={search_term_string}\"},\"query-input\":{\"@type\":\"PropertyValueSpecification\",\"valueRequired\":true,\"valueName\":\"search_term_string\"}}],\"inLanguage\":\"cs\"},{\"@type\":\"Organization\",\"@id\":\"https:\\\/\\\/imaginox.com\\\/cs\\\/#organization\",\"name\":\"IMAGINOX s.r.o.\",\"url\":\"https:\\\/\\\/imaginox.com\\\/cs\\\/\",\"logo\":{\"@type\":\"ImageObject\",\"inLanguage\":\"cs\",\"@id\":\"https:\\\/\\\/imaginox.com\\\/cs\\\/#\\\/schema\\\/logo\\\/image\\\/\",\"url\":\"https:\\\/\\\/imaginox.com\\\/wp-content\\\/uploads\\\/2021\\\/04\\\/imaginox-header-logo.png\",\"contentUrl\":\"https:\\\/\\\/imaginox.com\\\/wp-content\\\/uploads\\\/2021\\\/04\\\/imaginox-header-logo.png\",\"width\":622,\"height\":88,\"caption\":\"IMAGINOX s.r.o.\"},\"image\":{\"@id\":\"https:\\\/\\\/imaginox.com\\\/cs\\\/#\\\/schema\\\/logo\\\/image\\\/\"}}]}<\/script>\n<!-- \/ Yoast SEO plugin. -->","yoast_head_json":{"title":"Kontaktn\u00ed informace, deale\u0159i, otev\u00edrac\u00ed doba \u2248 IMAGINOX","description":"Domluvme si sch\u016fzku, nav\u0161tivte n\u00e1\u0161 firemn\u00ed shorwoom ve Vrchotov\u00fdch Janovic\u00edch nebo v kter\u00e9mkoliv obchodn\u00edm zastoupen\u00ed v zahrani\u010d\u00ed.","robots":{"index":"index","follow":"follow","max-snippet":"max-snippet:-1","max-image-preview":"max-image-preview:large","max-video-preview":"max-video-preview:-1"},"canonical":"https:\/\/imaginox.com\/cs\/kontakt\/","og_locale":"cs_CZ","og_type":"article","og_title":"Kontaktn\u00ed informace, deale\u0159i, otev\u00edrac\u00ed doba \u2248 IMAGINOX","og_description":"Domluvme si sch\u016fzku, nav\u0161tivte n\u00e1\u0161 firemn\u00ed shorwoom ve Vrchotov\u00fdch Janovic\u00edch nebo v kter\u00e9mkoliv obchodn\u00edm zastoupen\u00ed v zahrani\u010d\u00ed.","og_url":"https:\/\/imaginox.com\/cs\/kontakt\/","og_site_name":"IMAGINOX","article_modified_time":"2025-09-03T11:12:45+00:00","twitter_card":"summary_large_image","schema":{"@context":"https:\/\/schema.org","@graph":[{"@type":"WebPage","@id":"https:\/\/imaginox.com\/cs\/kontakt\/","url":"https:\/\/imaginox.com\/cs\/kontakt\/","name":"Kontaktn\u00ed informace, deale\u0159i, otev\u00edrac\u00ed doba \u2248 IMAGINOX","isPartOf":{"@id":"https:\/\/imaginox.com\/cs\/#website"},"datePublished":"2020-08-19T12:57:09+00:00","dateModified":"2025-09-03T11:12:45+00:00","description":"Domluvme si sch\u016fzku, nav\u0161tivte n\u00e1\u0161 firemn\u00ed shorwoom ve Vrchotov\u00fdch Janovic\u00edch nebo v kter\u00e9mkoliv obchodn\u00edm zastoupen\u00ed v zahrani\u010d\u00ed.","breadcrumb":{"@id":"https:\/\/imaginox.com\/cs\/kontakt\/#breadcrumb"},"inLanguage":"cs","potentialAction":[{"@type":"ReadAction","target":["https:\/\/imaginox.com\/cs\/kontakt\/"]}]},{"@type":"BreadcrumbList","@id":"https:\/\/imaginox.com\/cs\/kontakt\/#breadcrumb","itemListElement":[{"@type":"ListItem","position":1,"name":"Home","item":"https:\/\/imaginox.com\/cs\/"},{"@type":"ListItem","position":2,"name":"Kontakt"}]},{"@type":"WebSite","@id":"https:\/\/imaginox.com\/cs\/#website","url":"https:\/\/imaginox.com\/cs\/","name":"IMAGINOX","description":"Nerezov\u00e9 baz\u00e9ny, v\u00ed\u0159ivky a dal\u0161\u00ed wellness produkty","publisher":{"@id":"https:\/\/imaginox.com\/cs\/#organization"},"potentialAction":[{"@type":"SearchAction","target":{"@type":"EntryPoint","urlTemplate":"https:\/\/imaginox.com\/cs\/?s={search_term_string}"},"query-input":{"@type":"PropertyValueSpecification","valueRequired":true,"valueName":"search_term_string"}}],"inLanguage":"cs"},{"@type":"Organization","@id":"https:\/\/imaginox.com\/cs\/#organization","name":"IMAGINOX s.r.o.","url":"https:\/\/imaginox.com\/cs\/","logo":{"@type":"ImageObject","inLanguage":"cs","@id":"https:\/\/imaginox.com\/cs\/#\/schema\/logo\/image\/","url":"https:\/\/imaginox.com\/wp-content\/uploads\/2021\/04\/imaginox-header-logo.png","contentUrl":"https:\/\/imaginox.com\/wp-content\/uploads\/2021\/04\/imaginox-header-logo.png","width":622,"height":88,"caption":"IMAGINOX s.r.o."},"image":{"@id":"https:\/\/imaginox.com\/cs\/#\/schema\/logo\/image\/"}}]}},"_links":{"self":[{"href":"https:\/\/imaginox.com\/cs\/wp-json\/wp\/v2\/pages\/3410","targetHints":{"allow":["GET"]}}],"collection":[{"href":"https:\/\/imaginox.com\/cs\/wp-json\/wp\/v2\/pages"}],"about":[{"href":"https:\/\/imaginox.com\/cs\/wp-json\/wp\/v2\/types\/page"}],"author":[{"embeddable":true,"href":"https:\/\/imaginox.com\/cs\/wp-json\/wp\/v2\/users\/1"}],"replies":[{"embeddable":true,"href":"https:\/\/imaginox.com\/cs\/wp-json\/wp\/v2\/comments?post=3410"}],"version-history":[{"count":2,"href":"https:\/\/imaginox.com\/cs\/wp-json\/wp\/v2\/pages\/3410\/revisions"}],"predecessor-version":[{"id":16083,"href":"https:\/\/imaginox.com\/cs\/wp-json\/wp\/v2\/pages\/3410\/revisions\/16083"}],"wp:attachment":[{"href":"https:\/\/imaginox.com\/cs\/wp-json\/wp\/v2\/media?parent=3410"}],"curies":[{"name":"wp","href":"https:\/\/api.w.org\/{rel}","templated":true}]}}