{"id":4188,"date":"2021-02-16T13:49:10","date_gmt":"2021-02-16T13:49:10","guid":{"rendered":"https:\/\/imaginox.boost.codes\/?page_id=4188"},"modified":"2026-03-27T00:49:36","modified_gmt":"2026-03-26T22:49:36","slug":"o-spolecnosti","status":"publish","type":"page","link":"https:\/\/imaginox.com\/cs\/o-spolecnosti\/","title":{"rendered":"O spole\u010dnosti"},"content":{"rendered":"","protected":false},"excerpt":{"rendered":"","protected":false},"author":1,"featured_media":0,"parent":0,"menu_order":0,"comment_status":"closed","ping_status":"closed","template":"acf-about-company.php","meta":{"_acf_changed":false,"inline_featured_image":false,"footnotes":""},"class_list":["post-4188","page","type-page","status-publish","hentry"],"acf":[],"yoast_head":"<!-- This site is optimized with the Yoast SEO plugin v27.3 - https:\/\/yoast.com\/product\/yoast-seo-wordpress\/ -->\n<title>O spole\u010dnosti \u2248 IMAGINOX<\/title>\n<meta name=\"description\" content=\"A\u0165 u\u017e se jedn\u00e1 o poradenstv\u00ed nebo samotn\u00e9 produkty, v\u017edy je pro n\u00e1s na prvn\u00edm m\u00edst\u011b flexibilita v\u016f\u010di klient\u016fm a obchodn\u00edm partner\u016fm.\" \/>\n<meta name=\"robots\" content=\"index, follow, max-snippet:-1, max-image-preview:large, max-video-preview:-1\" \/>\n<link rel=\"canonical\" href=\"https:\/\/imaginox.com\/cs\/o-spolecnosti\/\" \/>\n<meta property=\"og:locale\" content=\"cs_CZ\" \/>\n<meta property=\"og:type\" content=\"article\" \/>\n<meta property=\"og:title\" content=\"O spole\u010dnosti \u2248 IMAGINOX\" \/>\n<meta property=\"og:description\" content=\"A\u0165 u\u017e se jedn\u00e1 o poradenstv\u00ed nebo samotn\u00e9 produkty, v\u017edy je pro n\u00e1s na prvn\u00edm m\u00edst\u011b flexibilita v\u016f\u010di klient\u016fm a obchodn\u00edm partner\u016fm.\" \/>\n<meta property=\"og:url\" content=\"https:\/\/imaginox.com\/cs\/o-spolecnosti\/\" \/>\n<meta property=\"og:site_name\" content=\"IMAGINOX\" \/>\n<meta property=\"article:modified_time\" content=\"2026-03-26T22:49:36+00:00\" \/>\n<meta name=\"twitter:card\" content=\"summary_large_image\" \/>\n<script type=\"application\/ld+json\" class=\"yoast-schema-graph\">{\"@context\":\"https:\\\/\\\/schema.org\",\"@graph\":[{\"@type\":\"WebPage\",\"@id\":\"https:\\\/\\\/imaginox.com\\\/cs\\\/o-spolecnosti\\\/\",\"url\":\"https:\\\/\\\/imaginox.com\\\/cs\\\/o-spolecnosti\\\/\",\"name\":\"O spole\u010dnosti \u2248 IMAGINOX\",\"isPartOf\":{\"@id\":\"https:\\\/\\\/imaginox.com\\\/cs\\\/#website\"},\"datePublished\":\"2021-02-16T13:49:10+00:00\",\"dateModified\":\"2026-03-26T22:49:36+00:00\",\"description\":\"A\u0165 u\u017e se jedn\u00e1 o poradenstv\u00ed nebo samotn\u00e9 produkty, v\u017edy je pro n\u00e1s na prvn\u00edm m\u00edst\u011b flexibilita v\u016f\u010di klient\u016fm a obchodn\u00edm partner\u016fm.\",\"breadcrumb\":{\"@id\":\"https:\\\/\\\/imaginox.com\\\/cs\\\/o-spolecnosti\\\/#breadcrumb\"},\"inLanguage\":\"cs\",\"potentialAction\":[{\"@type\":\"ReadAction\",\"target\":[\"https:\\\/\\\/imaginox.com\\\/cs\\\/o-spolecnosti\\\/\"]}]},{\"@type\":\"BreadcrumbList\",\"@id\":\"https:\\\/\\\/imaginox.com\\\/cs\\\/o-spolecnosti\\\/#breadcrumb\",\"itemListElement\":[{\"@type\":\"ListItem\",\"position\":1,\"name\":\"Home\",\"item\":\"https:\\\/\\\/imaginox.com\\\/cs\\\/\"},{\"@type\":\"ListItem\",\"position\":2,\"name\":\"O spole\u010dnosti\"}]},{\"@type\":\"WebSite\",\"@id\":\"https:\\\/\\\/imaginox.com\\\/cs\\\/#website\",\"url\":\"https:\\\/\\\/imaginox.com\\\/cs\\\/\",\"name\":\"IMAGINOX\",\"description\":\"Nerezov\u00e9 baz\u00e9ny, v\u00ed\u0159ivky a dal\u0161\u00ed wellness produkty\",\"publisher\":{\"@id\":\"https:\\\/\\\/imaginox.com\\\/cs\\\/#organization\"},\"potentialAction\":[{\"@type\":\"SearchAction\",\"target\":{\"@type\":\"EntryPoint\",\"urlTemplate\":\"https:\\\/\\\/imaginox.com\\\/cs\\\/?s={search_term_string}\"},\"query-input\":{\"@type\":\"PropertyValueSpecification\",\"valueRequired\":true,\"valueName\":\"search_term_string\"}}],\"inLanguage\":\"cs\"},{\"@type\":\"Organization\",\"@id\":\"https:\\\/\\\/imaginox.com\\\/cs\\\/#organization\",\"name\":\"IMAGINOX s.r.o.\",\"url\":\"https:\\\/\\\/imaginox.com\\\/cs\\\/\",\"logo\":{\"@type\":\"ImageObject\",\"inLanguage\":\"cs\",\"@id\":\"https:\\\/\\\/imaginox.com\\\/cs\\\/#\\\/schema\\\/logo\\\/image\\\/\",\"url\":\"https:\\\/\\\/imaginox.com\\\/wp-content\\\/uploads\\\/2021\\\/04\\\/imaginox-header-logo.png\",\"contentUrl\":\"https:\\\/\\\/imaginox.com\\\/wp-content\\\/uploads\\\/2021\\\/04\\\/imaginox-header-logo.png\",\"width\":622,\"height\":88,\"caption\":\"IMAGINOX s.r.o.\"},\"image\":{\"@id\":\"https:\\\/\\\/imaginox.com\\\/cs\\\/#\\\/schema\\\/logo\\\/image\\\/\"}}]}<\/script>\n<!-- \/ Yoast SEO plugin. -->","yoast_head_json":{"title":"O spole\u010dnosti \u2248 IMAGINOX","description":"A\u0165 u\u017e se jedn\u00e1 o poradenstv\u00ed nebo samotn\u00e9 produkty, v\u017edy je pro n\u00e1s na prvn\u00edm m\u00edst\u011b flexibilita v\u016f\u010di klient\u016fm a obchodn\u00edm partner\u016fm.","robots":{"index":"index","follow":"follow","max-snippet":"max-snippet:-1","max-image-preview":"max-image-preview:large","max-video-preview":"max-video-preview:-1"},"canonical":"https:\/\/imaginox.com\/cs\/o-spolecnosti\/","og_locale":"cs_CZ","og_type":"article","og_title":"O spole\u010dnosti \u2248 IMAGINOX","og_description":"A\u0165 u\u017e se jedn\u00e1 o poradenstv\u00ed nebo samotn\u00e9 produkty, v\u017edy je pro n\u00e1s na prvn\u00edm m\u00edst\u011b flexibilita v\u016f\u010di klient\u016fm a obchodn\u00edm partner\u016fm.","og_url":"https:\/\/imaginox.com\/cs\/o-spolecnosti\/","og_site_name":"IMAGINOX","article_modified_time":"2026-03-26T22:49:36+00:00","twitter_card":"summary_large_image","schema":{"@context":"https:\/\/schema.org","@graph":[{"@type":"WebPage","@id":"https:\/\/imaginox.com\/cs\/o-spolecnosti\/","url":"https:\/\/imaginox.com\/cs\/o-spolecnosti\/","name":"O spole\u010dnosti \u2248 IMAGINOX","isPartOf":{"@id":"https:\/\/imaginox.com\/cs\/#website"},"datePublished":"2021-02-16T13:49:10+00:00","dateModified":"2026-03-26T22:49:36+00:00","description":"A\u0165 u\u017e se jedn\u00e1 o poradenstv\u00ed nebo samotn\u00e9 produkty, v\u017edy je pro n\u00e1s na prvn\u00edm m\u00edst\u011b flexibilita v\u016f\u010di klient\u016fm a obchodn\u00edm partner\u016fm.","breadcrumb":{"@id":"https:\/\/imaginox.com\/cs\/o-spolecnosti\/#breadcrumb"},"inLanguage":"cs","potentialAction":[{"@type":"ReadAction","target":["https:\/\/imaginox.com\/cs\/o-spolecnosti\/"]}]},{"@type":"BreadcrumbList","@id":"https:\/\/imaginox.com\/cs\/o-spolecnosti\/#breadcrumb","itemListElement":[{"@type":"ListItem","position":1,"name":"Home","item":"https:\/\/imaginox.com\/cs\/"},{"@type":"ListItem","position":2,"name":"O spole\u010dnosti"}]},{"@type":"WebSite","@id":"https:\/\/imaginox.com\/cs\/#website","url":"https:\/\/imaginox.com\/cs\/","name":"IMAGINOX","description":"Nerezov\u00e9 baz\u00e9ny, v\u00ed\u0159ivky a dal\u0161\u00ed wellness produkty","publisher":{"@id":"https:\/\/imaginox.com\/cs\/#organization"},"potentialAction":[{"@type":"SearchAction","target":{"@type":"EntryPoint","urlTemplate":"https:\/\/imaginox.com\/cs\/?s={search_term_string}"},"query-input":{"@type":"PropertyValueSpecification","valueRequired":true,"valueName":"search_term_string"}}],"inLanguage":"cs"},{"@type":"Organization","@id":"https:\/\/imaginox.com\/cs\/#organization","name":"IMAGINOX s.r.o.","url":"https:\/\/imaginox.com\/cs\/","logo":{"@type":"ImageObject","inLanguage":"cs","@id":"https:\/\/imaginox.com\/cs\/#\/schema\/logo\/image\/","url":"https:\/\/imaginox.com\/wp-content\/uploads\/2021\/04\/imaginox-header-logo.png","contentUrl":"https:\/\/imaginox.com\/wp-content\/uploads\/2021\/04\/imaginox-header-logo.png","width":622,"height":88,"caption":"IMAGINOX s.r.o."},"image":{"@id":"https:\/\/imaginox.com\/cs\/#\/schema\/logo\/image\/"}}]}},"_links":{"self":[{"href":"https:\/\/imaginox.com\/cs\/wp-json\/wp\/v2\/pages\/4188","targetHints":{"allow":["GET"]}}],"collection":[{"href":"https:\/\/imaginox.com\/cs\/wp-json\/wp\/v2\/pages"}],"about":[{"href":"https:\/\/imaginox.com\/cs\/wp-json\/wp\/v2\/types\/page"}],"author":[{"embeddable":true,"href":"https:\/\/imaginox.com\/cs\/wp-json\/wp\/v2\/users\/1"}],"replies":[{"embeddable":true,"href":"https:\/\/imaginox.com\/cs\/wp-json\/wp\/v2\/comments?post=4188"}],"version-history":[{"count":9,"href":"https:\/\/imaginox.com\/cs\/wp-json\/wp\/v2\/pages\/4188\/revisions"}],"predecessor-version":[{"id":18158,"href":"https:\/\/imaginox.com\/cs\/wp-json\/wp\/v2\/pages\/4188\/revisions\/18158"}],"wp:attachment":[{"href":"https:\/\/imaginox.com\/cs\/wp-json\/wp\/v2\/media?parent=4188"}],"curies":[{"name":"wp","href":"https:\/\/api.w.org\/{rel}","templated":true}]}}