{"id":4194,"date":"2021-02-16T13:50:08","date_gmt":"2021-02-16T13:50:08","guid":{"rendered":"https:\/\/imaginox.boost.codes\/?page_id=4194"},"modified":"2025-07-28T23:47:55","modified_gmt":"2025-07-28T21:47:55","slug":"planovani-projektu","status":"publish","type":"page","link":"https:\/\/imaginox.com\/cs\/planovani-projektu\/","title":{"rendered":"Pl\u00e1nov\u00e1n\u00ed wellness projekt\u016f"},"content":{"rendered":"","protected":false},"excerpt":{"rendered":"","protected":false},"author":1,"featured_media":0,"parent":0,"menu_order":0,"comment_status":"closed","ping_status":"closed","template":"acf-project-solution-template.php","meta":{"_acf_changed":false,"inline_featured_image":false,"footnotes":""},"class_list":["post-4194","page","type-page","status-publish","hentry"],"acf":[],"yoast_head":"<!-- This site is optimized with the Yoast SEO plugin v27.3 - https:\/\/yoast.com\/product\/yoast-seo-wordpress\/ -->\n<title>Pl\u00e1nov\u00e1n\u00ed wellness projekt\u016f \u2248 IMAGINOX<\/title>\n<meta name=\"description\" content=\"Zjist\u011bte v\u00edce o na\u0161em procesu designu a v\u00fdvoje, v\u00fdrob\u011b a instalaci, na\u0161\u00edch technologi\u00ed a inovac\u00edch, kvalit\u011b a certifikac\u00edch.\" \/>\n<meta name=\"robots\" content=\"index, follow, max-snippet:-1, max-image-preview:large, max-video-preview:-1\" \/>\n<link rel=\"canonical\" href=\"https:\/\/imaginox.com\/cs\/planovani-projektu\/\" \/>\n<meta property=\"og:locale\" content=\"cs_CZ\" \/>\n<meta property=\"og:type\" content=\"article\" \/>\n<meta property=\"og:title\" content=\"Pl\u00e1nov\u00e1n\u00ed wellness projekt\u016f \u2248 IMAGINOX\" \/>\n<meta property=\"og:description\" content=\"Zjist\u011bte v\u00edce o na\u0161em procesu designu a v\u00fdvoje, v\u00fdrob\u011b a instalaci, na\u0161\u00edch technologi\u00ed a inovac\u00edch, kvalit\u011b a certifikac\u00edch.\" \/>\n<meta property=\"og:url\" content=\"https:\/\/imaginox.com\/cs\/planovani-projektu\/\" \/>\n<meta property=\"og:site_name\" content=\"IMAGINOX\" \/>\n<meta property=\"article:modified_time\" content=\"2025-07-28T21:47:55+00:00\" \/>\n<meta name=\"twitter:card\" content=\"summary_large_image\" \/>\n<script type=\"application\/ld+json\" class=\"yoast-schema-graph\">{\"@context\":\"https:\\\/\\\/schema.org\",\"@graph\":[{\"@type\":\"WebPage\",\"@id\":\"https:\\\/\\\/imaginox.com\\\/cs\\\/planovani-projektu\\\/\",\"url\":\"https:\\\/\\\/imaginox.com\\\/cs\\\/planovani-projektu\\\/\",\"name\":\"Pl\u00e1nov\u00e1n\u00ed wellness projekt\u016f \u2248 IMAGINOX\",\"isPartOf\":{\"@id\":\"https:\\\/\\\/imaginox.com\\\/cs\\\/#website\"},\"datePublished\":\"2021-02-16T13:50:08+00:00\",\"dateModified\":\"2025-07-28T21:47:55+00:00\",\"description\":\"Zjist\u011bte v\u00edce o na\u0161em procesu designu a v\u00fdvoje, v\u00fdrob\u011b a instalaci, na\u0161\u00edch technologi\u00ed a inovac\u00edch, kvalit\u011b a certifikac\u00edch.\",\"breadcrumb\":{\"@id\":\"https:\\\/\\\/imaginox.com\\\/cs\\\/planovani-projektu\\\/#breadcrumb\"},\"inLanguage\":\"cs\",\"potentialAction\":[{\"@type\":\"ReadAction\",\"target\":[\"https:\\\/\\\/imaginox.com\\\/cs\\\/planovani-projektu\\\/\"]}]},{\"@type\":\"BreadcrumbList\",\"@id\":\"https:\\\/\\\/imaginox.com\\\/cs\\\/planovani-projektu\\\/#breadcrumb\",\"itemListElement\":[{\"@type\":\"ListItem\",\"position\":1,\"name\":\"Home\",\"item\":\"https:\\\/\\\/imaginox.com\\\/cs\\\/\"},{\"@type\":\"ListItem\",\"position\":2,\"name\":\"Pl\u00e1nov\u00e1n\u00ed wellness projekt\u016f\"}]},{\"@type\":\"WebSite\",\"@id\":\"https:\\\/\\\/imaginox.com\\\/cs\\\/#website\",\"url\":\"https:\\\/\\\/imaginox.com\\\/cs\\\/\",\"name\":\"IMAGINOX\",\"description\":\"Nerezov\u00e9 baz\u00e9ny, v\u00ed\u0159ivky a dal\u0161\u00ed wellness produkty\",\"publisher\":{\"@id\":\"https:\\\/\\\/imaginox.com\\\/cs\\\/#organization\"},\"potentialAction\":[{\"@type\":\"SearchAction\",\"target\":{\"@type\":\"EntryPoint\",\"urlTemplate\":\"https:\\\/\\\/imaginox.com\\\/cs\\\/?s={search_term_string}\"},\"query-input\":{\"@type\":\"PropertyValueSpecification\",\"valueRequired\":true,\"valueName\":\"search_term_string\"}}],\"inLanguage\":\"cs\"},{\"@type\":\"Organization\",\"@id\":\"https:\\\/\\\/imaginox.com\\\/cs\\\/#organization\",\"name\":\"IMAGINOX s.r.o.\",\"url\":\"https:\\\/\\\/imaginox.com\\\/cs\\\/\",\"logo\":{\"@type\":\"ImageObject\",\"inLanguage\":\"cs\",\"@id\":\"https:\\\/\\\/imaginox.com\\\/cs\\\/#\\\/schema\\\/logo\\\/image\\\/\",\"url\":\"https:\\\/\\\/imaginox.com\\\/wp-content\\\/uploads\\\/2021\\\/04\\\/imaginox-header-logo.png\",\"contentUrl\":\"https:\\\/\\\/imaginox.com\\\/wp-content\\\/uploads\\\/2021\\\/04\\\/imaginox-header-logo.png\",\"width\":622,\"height\":88,\"caption\":\"IMAGINOX s.r.o.\"},\"image\":{\"@id\":\"https:\\\/\\\/imaginox.com\\\/cs\\\/#\\\/schema\\\/logo\\\/image\\\/\"}}]}<\/script>\n<!-- \/ Yoast SEO plugin. -->","yoast_head_json":{"title":"Pl\u00e1nov\u00e1n\u00ed wellness projekt\u016f \u2248 IMAGINOX","description":"Zjist\u011bte v\u00edce o na\u0161em procesu designu a v\u00fdvoje, v\u00fdrob\u011b a instalaci, na\u0161\u00edch technologi\u00ed a inovac\u00edch, kvalit\u011b a certifikac\u00edch.","robots":{"index":"index","follow":"follow","max-snippet":"max-snippet:-1","max-image-preview":"max-image-preview:large","max-video-preview":"max-video-preview:-1"},"canonical":"https:\/\/imaginox.com\/cs\/planovani-projektu\/","og_locale":"cs_CZ","og_type":"article","og_title":"Pl\u00e1nov\u00e1n\u00ed wellness projekt\u016f \u2248 IMAGINOX","og_description":"Zjist\u011bte v\u00edce o na\u0161em procesu designu a v\u00fdvoje, v\u00fdrob\u011b a instalaci, na\u0161\u00edch technologi\u00ed a inovac\u00edch, kvalit\u011b a certifikac\u00edch.","og_url":"https:\/\/imaginox.com\/cs\/planovani-projektu\/","og_site_name":"IMAGINOX","article_modified_time":"2025-07-28T21:47:55+00:00","twitter_card":"summary_large_image","schema":{"@context":"https:\/\/schema.org","@graph":[{"@type":"WebPage","@id":"https:\/\/imaginox.com\/cs\/planovani-projektu\/","url":"https:\/\/imaginox.com\/cs\/planovani-projektu\/","name":"Pl\u00e1nov\u00e1n\u00ed wellness projekt\u016f \u2248 IMAGINOX","isPartOf":{"@id":"https:\/\/imaginox.com\/cs\/#website"},"datePublished":"2021-02-16T13:50:08+00:00","dateModified":"2025-07-28T21:47:55+00:00","description":"Zjist\u011bte v\u00edce o na\u0161em procesu designu a v\u00fdvoje, v\u00fdrob\u011b a instalaci, na\u0161\u00edch technologi\u00ed a inovac\u00edch, kvalit\u011b a certifikac\u00edch.","breadcrumb":{"@id":"https:\/\/imaginox.com\/cs\/planovani-projektu\/#breadcrumb"},"inLanguage":"cs","potentialAction":[{"@type":"ReadAction","target":["https:\/\/imaginox.com\/cs\/planovani-projektu\/"]}]},{"@type":"BreadcrumbList","@id":"https:\/\/imaginox.com\/cs\/planovani-projektu\/#breadcrumb","itemListElement":[{"@type":"ListItem","position":1,"name":"Home","item":"https:\/\/imaginox.com\/cs\/"},{"@type":"ListItem","position":2,"name":"Pl\u00e1nov\u00e1n\u00ed wellness projekt\u016f"}]},{"@type":"WebSite","@id":"https:\/\/imaginox.com\/cs\/#website","url":"https:\/\/imaginox.com\/cs\/","name":"IMAGINOX","description":"Nerezov\u00e9 baz\u00e9ny, v\u00ed\u0159ivky a dal\u0161\u00ed wellness produkty","publisher":{"@id":"https:\/\/imaginox.com\/cs\/#organization"},"potentialAction":[{"@type":"SearchAction","target":{"@type":"EntryPoint","urlTemplate":"https:\/\/imaginox.com\/cs\/?s={search_term_string}"},"query-input":{"@type":"PropertyValueSpecification","valueRequired":true,"valueName":"search_term_string"}}],"inLanguage":"cs"},{"@type":"Organization","@id":"https:\/\/imaginox.com\/cs\/#organization","name":"IMAGINOX s.r.o.","url":"https:\/\/imaginox.com\/cs\/","logo":{"@type":"ImageObject","inLanguage":"cs","@id":"https:\/\/imaginox.com\/cs\/#\/schema\/logo\/image\/","url":"https:\/\/imaginox.com\/wp-content\/uploads\/2021\/04\/imaginox-header-logo.png","contentUrl":"https:\/\/imaginox.com\/wp-content\/uploads\/2021\/04\/imaginox-header-logo.png","width":622,"height":88,"caption":"IMAGINOX s.r.o."},"image":{"@id":"https:\/\/imaginox.com\/cs\/#\/schema\/logo\/image\/"}}]}},"_links":{"self":[{"href":"https:\/\/imaginox.com\/cs\/wp-json\/wp\/v2\/pages\/4194","targetHints":{"allow":["GET"]}}],"collection":[{"href":"https:\/\/imaginox.com\/cs\/wp-json\/wp\/v2\/pages"}],"about":[{"href":"https:\/\/imaginox.com\/cs\/wp-json\/wp\/v2\/types\/page"}],"author":[{"embeddable":true,"href":"https:\/\/imaginox.com\/cs\/wp-json\/wp\/v2\/users\/1"}],"replies":[{"embeddable":true,"href":"https:\/\/imaginox.com\/cs\/wp-json\/wp\/v2\/comments?post=4194"}],"version-history":[{"count":8,"href":"https:\/\/imaginox.com\/cs\/wp-json\/wp\/v2\/pages\/4194\/revisions"}],"predecessor-version":[{"id":15782,"href":"https:\/\/imaginox.com\/cs\/wp-json\/wp\/v2\/pages\/4194\/revisions\/15782"}],"wp:attachment":[{"href":"https:\/\/imaginox.com\/cs\/wp-json\/wp\/v2\/media?parent=4194"}],"curies":[{"name":"wp","href":"https:\/\/api.w.org\/{rel}","templated":true}]}}