{"id":4866,"date":"2021-05-11T13:41:53","date_gmt":"2021-05-11T13:41:53","guid":{"rendered":"https:\/\/imaginox.boost.codes\/privacy-policy\/"},"modified":"2023-04-25T12:45:43","modified_gmt":"2023-04-25T10:45:43","slug":"zasady-zpracovani-osobnich-udaju","status":"publish","type":"page","link":"https:\/\/imaginox.com\/cs\/zasady-zpracovani-osobnich-udaju\/","title":{"rendered":"Z\u00e1sady zpracov\u00e1n\u00ed osobn\u00edch \u00fadaj\u016f"},"content":{"rendered":"<section class=\"section--catalogue section--light\">\n<div class=\"inner\">\n<h1 class=\"heading heading--bigger heading--center heading--black heading--underline\">Z\u00e1sady zpracov\u00e1n\u00ed osobn\u00edch \u00fadaj\u016f<\/h1>\n<p><object class=\"pdf-mobile\"  data=\"https:\/\/imaginox.com\/wp-content\/uploads\/2023\/03\/imaginox-group-gdpr-cs.pdf\" type=\"application\/pdf\" width=\"100%;\" height=\"1100px;\"><iframe loading=\"lazy\" src=\"https:\/\/imaginox.com\/wp-content\/uploads\/2023\/03\/imaginox-group-gdpr-cs.pdf\" width=\"100%\" height=\"100%\" style=\"border: none;\"><br \/>\nThis browser does not support PDFs. Please download the PDF to view it: &lt;a href=&#8220;https:\/\/imaginox.com\/wp-content\/uploads\/2023\/03\/imaginox-group-gdpr-cs.pdf&#8220;&gt;Download PDF&lt;\/a&gt;<br \/>\n<\/iframe><\/object><\/p>\n<h2 class=\"heading heading--center heading--black heading--underline margin-top--2x\">Vyu\u017e\u00edv\u00e1n\u00ed soubor\u016f cookies<\/h2>\n<p><object class=\"pdf-mobile\"  data=\"https:\/\/imaginox.com\/wp-content\/uploads\/2023\/03\/imaginox-group-gdpr-cookies-cs.pdf\" type=\"application\/pdf\" width=\"100%;\" height=\"1100px;\"><iframe loading=\"lazy\" src=\"https:\/\/imaginox.com\/wp-content\/uploads\/2023\/03\/imaginox-group-gdpr-cookies-cs.pdf\" width=\"100%\" height=\"100%\" style=\"border: none;\"><br \/>\nThis browser does not support PDFs. Please download the PDF to view it: &lt;a href=&#8220;https:\/\/imaginox.com\/wp-content\/uploads\/2023\/03\/imaginox-group-gdpr-cookies-cs.pdf&#8220;&gt;Download PDF&lt;\/a&gt;<br \/>\n<\/iframe><\/object><\/p>\n<h2 class=\"heading heading--center heading--black heading--underline margin-top--2x\">GDPR \u017e\u00e1dosti<\/h2>\n<table style=\"width:100%;max-width:540px;margin:auto;\">\n<tr>\n<td><span class=\"paragraph\"><strong>\u017d\u00e1dost na omezen\u00ed<\/strong><\/span><\/td>\n<td><a target=\"_blank\" rel=\"nofollow noreferer noopener\" href=\"https:\/\/imaginox.com\/wp-content\/uploads\/2023\/03\/imaginox-group-zadost-na-omezeni-zpracovani-cs.pdf\" class=\"button margin-top--05x\">St\u00e1hnout (PDF)<\/a><\/td>\n<\/tr>\n<tr>\n<td><span class=\"paragraph\"><strong>\u017d\u00e1dost na opravu<\/strong><\/span><\/td>\n<td><a target=\"_blank\" rel=\"nofollow noreferer noopener\" href=\"https:\/\/imaginox.com\/wp-content\/uploads\/2023\/03\/imaginox-group-zadost-na-opravu-cs.pdf\" class=\"button margin-top--05x\">St\u00e1hnout (PDF)<\/a><\/td>\n<\/tr>\n<tr>\n<td><span class=\"paragraph\"><strong>\u017d\u00e1dost na p\u0159enositelnost<\/strong><\/span><\/td>\n<td><a target=\"_blank\" rel=\"nofollow noreferer noopener\" href=\"https:\/\/imaginox.com\/wp-content\/uploads\/2023\/03\/imaginox-group-zadost-na-prenositelnost-cs.pdf\" class=\"button margin-top--05x\">St\u00e1hnout (PDF)<\/a><\/td>\n<\/tr>\n<tr>\n<td><span class=\"paragraph\"><strong>\u017d\u00e1dost na p\u0159\u00edstup<\/strong><\/span><\/td>\n<td><a target=\"_blank\" rel=\"nofollow noreferer noopener\" href=\"https:\/\/imaginox.com\/wp-content\/uploads\/2023\/03\/imaginox-group-zadost-na-pristup-cs.pdf\" class=\"button margin-top--05x\">St\u00e1hnout (PDF)<\/a><\/td>\n<\/tr>\n<tr>\n<td><span class=\"paragraph\"><strong>\u017d\u00e1dost na uplatn\u011bn\u00ed n\u00e1mitky<\/strong><\/span><\/td>\n<td><a target=\"_blank\" rel=\"nofollow noreferer noopener\" href=\"https:\/\/imaginox.com\/wp-content\/uploads\/2023\/03\/imaginox-group-zadost-na-uplatneni-namitky-cs.pdf\" class=\"button margin-top--05x\">St\u00e1hnout (PDF)<\/a><\/td>\n<\/tr>\n<tr>\n<td><span class=\"paragraph\"><strong>\u017d\u00e1dost na v\u00fdmaz<\/strong><\/span><\/td>\n<td><a target=\"_blank\" rel=\"nofollow noreferer noopener\" href=\"https:\/\/imaginox.com\/wp-content\/uploads\/2023\/03\/imaginox-group-zadost-na-vymaz-cs.pdf\" class=\"button margin-top--05x\">St\u00e1hnout (PDF)<\/a><\/td>\n<\/tr>\n<\/table>\n<\/div>\n<p> <!-- .inner --><br \/>\n<\/section>\n<p> <!-- section products --><\/p>\n","protected":false},"excerpt":{"rendered":"Z\u00e1sady zpracov\u00e1n\u00ed osobn\u00edch \u00fadaj\u016f This browser does not support PDFs. Please download the PDF to view it: &lt;a href=&#8220;https:\/\/imaginox.com\/wp-content\/uploads\/2023\/03\/imaginox-group-gdpr-cs.pdf&#8220;&gt;Download PDF&lt;\/a&gt; Vyu\u017e\u00edv\u00e1n\u00ed soubor\u016f cookies This browser does not support PDFs. Please download the PDF to view it: &lt;a href=&#8220;https:\/\/imaginox.com\/wp-content\/uploads\/2023\/03\/imaginox-group-gdpr-cookies-cs.pdf&#8220;&gt;Download PDF&lt;\/a&gt; GDPR \u017e\u00e1dosti \u017d\u00e1dost na omezen\u00edSt\u00e1hnout (PDF) \u017d\u00e1dost na opravuSt\u00e1hnout (PDF) \u017d\u00e1dost na p\u0159enositelnostSt\u00e1hnout (PDF) \u017d\u00e1dost na [&hellip;]","protected":false},"author":1,"featured_media":0,"parent":0,"menu_order":0,"comment_status":"closed","ping_status":"closed","template":"","meta":{"_acf_changed":false,"inline_featured_image":false,"footnotes":""},"class_list":["post-4866","page","type-page","status-publish","hentry"],"acf":[],"yoast_head":"<!-- This site is optimized with the Yoast SEO plugin v27.3 - https:\/\/yoast.com\/product\/yoast-seo-wordpress\/ -->\n<title>Z\u00e1sady zpracov\u00e1n\u00ed osobn\u00edch \u00fadaj\u016f \u2248 IMAGINOX<\/title>\n<meta name=\"robots\" content=\"index, follow, max-snippet:-1, max-image-preview:large, max-video-preview:-1\" \/>\n<link rel=\"canonical\" href=\"https:\/\/imaginox.com\/cs\/zasady-zpracovani-osobnich-udaju\/\" \/>\n<meta property=\"og:locale\" content=\"cs_CZ\" \/>\n<meta property=\"og:type\" content=\"article\" \/>\n<meta property=\"og:title\" content=\"Z\u00e1sady zpracov\u00e1n\u00ed osobn\u00edch \u00fadaj\u016f \u2248 IMAGINOX\" \/>\n<meta property=\"og:description\" content=\"Z\u00e1sady zpracov\u00e1n\u00ed osobn\u00edch \u00fadaj\u016f This browser does not support PDFs. Please download the PDF to view it: &lt;a href=&#8220;https:\/\/imaginox.com\/wp-content\/uploads\/2023\/03\/imaginox-group-gdpr-cs.pdf&#8220;&gt;Download PDF&lt;\/a&gt; Vyu\u017e\u00edv\u00e1n\u00ed soubor\u016f cookies This browser does not support PDFs. Please download the PDF to view it: &lt;a href=&#8220;https:\/\/imaginox.com\/wp-content\/uploads\/2023\/03\/imaginox-group-gdpr-cookies-cs.pdf&#8220;&gt;Download PDF&lt;\/a&gt; GDPR \u017e\u00e1dosti \u017d\u00e1dost na omezen\u00edSt\u00e1hnout (PDF) \u017d\u00e1dost na opravuSt\u00e1hnout (PDF) \u017d\u00e1dost na p\u0159enositelnostSt\u00e1hnout (PDF) \u017d\u00e1dost na [&hellip;]\" \/>\n<meta property=\"og:url\" content=\"https:\/\/imaginox.com\/cs\/zasady-zpracovani-osobnich-udaju\/\" \/>\n<meta property=\"og:site_name\" content=\"IMAGINOX\" \/>\n<meta property=\"article:modified_time\" content=\"2023-04-25T10:45:43+00:00\" \/>\n<meta name=\"twitter:card\" content=\"summary_large_image\" \/>\n<meta name=\"twitter:label1\" content=\"Odhadovan\u00e1 doba \u010dten\u00ed\" \/>\n\t<meta name=\"twitter:data1\" content=\"1 minuta\" \/>\n<script type=\"application\/ld+json\" class=\"yoast-schema-graph\">{\"@context\":\"https:\\\/\\\/schema.org\",\"@graph\":[{\"@type\":\"WebPage\",\"@id\":\"https:\\\/\\\/imaginox.com\\\/cs\\\/zasady-zpracovani-osobnich-udaju\\\/\",\"url\":\"https:\\\/\\\/imaginox.com\\\/cs\\\/zasady-zpracovani-osobnich-udaju\\\/\",\"name\":\"Z\u00e1sady zpracov\u00e1n\u00ed osobn\u00edch \u00fadaj\u016f \u2248 IMAGINOX\",\"isPartOf\":{\"@id\":\"https:\\\/\\\/imaginox.com\\\/cs\\\/#website\"},\"datePublished\":\"2021-05-11T13:41:53+00:00\",\"dateModified\":\"2023-04-25T10:45:43+00:00\",\"breadcrumb\":{\"@id\":\"https:\\\/\\\/imaginox.com\\\/cs\\\/zasady-zpracovani-osobnich-udaju\\\/#breadcrumb\"},\"inLanguage\":\"cs\",\"potentialAction\":[{\"@type\":\"ReadAction\",\"target\":[\"https:\\\/\\\/imaginox.com\\\/cs\\\/zasady-zpracovani-osobnich-udaju\\\/\"]}]},{\"@type\":\"BreadcrumbList\",\"@id\":\"https:\\\/\\\/imaginox.com\\\/cs\\\/zasady-zpracovani-osobnich-udaju\\\/#breadcrumb\",\"itemListElement\":[{\"@type\":\"ListItem\",\"position\":1,\"name\":\"Home\",\"item\":\"https:\\\/\\\/imaginox.com\\\/cs\\\/\"},{\"@type\":\"ListItem\",\"position\":2,\"name\":\"Z\u00e1sady zpracov\u00e1n\u00ed osobn\u00edch \u00fadaj\u016f\"}]},{\"@type\":\"WebSite\",\"@id\":\"https:\\\/\\\/imaginox.com\\\/cs\\\/#website\",\"url\":\"https:\\\/\\\/imaginox.com\\\/cs\\\/\",\"name\":\"IMAGINOX\",\"description\":\"Nerezov\u00e9 baz\u00e9ny, v\u00ed\u0159ivky a dal\u0161\u00ed wellness produkty\",\"publisher\":{\"@id\":\"https:\\\/\\\/imaginox.com\\\/cs\\\/#organization\"},\"potentialAction\":[{\"@type\":\"SearchAction\",\"target\":{\"@type\":\"EntryPoint\",\"urlTemplate\":\"https:\\\/\\\/imaginox.com\\\/cs\\\/?s={search_term_string}\"},\"query-input\":{\"@type\":\"PropertyValueSpecification\",\"valueRequired\":true,\"valueName\":\"search_term_string\"}}],\"inLanguage\":\"cs\"},{\"@type\":\"Organization\",\"@id\":\"https:\\\/\\\/imaginox.com\\\/cs\\\/#organization\",\"name\":\"IMAGINOX s.r.o.\",\"url\":\"https:\\\/\\\/imaginox.com\\\/cs\\\/\",\"logo\":{\"@type\":\"ImageObject\",\"inLanguage\":\"cs\",\"@id\":\"https:\\\/\\\/imaginox.com\\\/cs\\\/#\\\/schema\\\/logo\\\/image\\\/\",\"url\":\"https:\\\/\\\/imaginox.com\\\/wp-content\\\/uploads\\\/2021\\\/04\\\/imaginox-header-logo.png\",\"contentUrl\":\"https:\\\/\\\/imaginox.com\\\/wp-content\\\/uploads\\\/2021\\\/04\\\/imaginox-header-logo.png\",\"width\":622,\"height\":88,\"caption\":\"IMAGINOX s.r.o.\"},\"image\":{\"@id\":\"https:\\\/\\\/imaginox.com\\\/cs\\\/#\\\/schema\\\/logo\\\/image\\\/\"}}]}<\/script>\n<!-- \/ Yoast SEO plugin. -->","yoast_head_json":{"title":"Z\u00e1sady zpracov\u00e1n\u00ed osobn\u00edch \u00fadaj\u016f \u2248 IMAGINOX","robots":{"index":"index","follow":"follow","max-snippet":"max-snippet:-1","max-image-preview":"max-image-preview:large","max-video-preview":"max-video-preview:-1"},"canonical":"https:\/\/imaginox.com\/cs\/zasady-zpracovani-osobnich-udaju\/","og_locale":"cs_CZ","og_type":"article","og_title":"Z\u00e1sady zpracov\u00e1n\u00ed osobn\u00edch \u00fadaj\u016f \u2248 IMAGINOX","og_description":"Z\u00e1sady zpracov\u00e1n\u00ed osobn\u00edch \u00fadaj\u016f This browser does not support PDFs. Please download the PDF to view it: &lt;a href=&#8220;https:\/\/imaginox.com\/wp-content\/uploads\/2023\/03\/imaginox-group-gdpr-cs.pdf&#8220;&gt;Download PDF&lt;\/a&gt; Vyu\u017e\u00edv\u00e1n\u00ed soubor\u016f cookies This browser does not support PDFs. Please download the PDF to view it: &lt;a href=&#8220;https:\/\/imaginox.com\/wp-content\/uploads\/2023\/03\/imaginox-group-gdpr-cookies-cs.pdf&#8220;&gt;Download PDF&lt;\/a&gt; GDPR \u017e\u00e1dosti \u017d\u00e1dost na omezen\u00edSt\u00e1hnout (PDF) \u017d\u00e1dost na opravuSt\u00e1hnout (PDF) \u017d\u00e1dost na p\u0159enositelnostSt\u00e1hnout (PDF) \u017d\u00e1dost na [&hellip;]","og_url":"https:\/\/imaginox.com\/cs\/zasady-zpracovani-osobnich-udaju\/","og_site_name":"IMAGINOX","article_modified_time":"2023-04-25T10:45:43+00:00","twitter_card":"summary_large_image","twitter_misc":{"Odhadovan\u00e1 doba \u010dten\u00ed":"1 minuta"},"schema":{"@context":"https:\/\/schema.org","@graph":[{"@type":"WebPage","@id":"https:\/\/imaginox.com\/cs\/zasady-zpracovani-osobnich-udaju\/","url":"https:\/\/imaginox.com\/cs\/zasady-zpracovani-osobnich-udaju\/","name":"Z\u00e1sady zpracov\u00e1n\u00ed osobn\u00edch \u00fadaj\u016f \u2248 IMAGINOX","isPartOf":{"@id":"https:\/\/imaginox.com\/cs\/#website"},"datePublished":"2021-05-11T13:41:53+00:00","dateModified":"2023-04-25T10:45:43+00:00","breadcrumb":{"@id":"https:\/\/imaginox.com\/cs\/zasady-zpracovani-osobnich-udaju\/#breadcrumb"},"inLanguage":"cs","potentialAction":[{"@type":"ReadAction","target":["https:\/\/imaginox.com\/cs\/zasady-zpracovani-osobnich-udaju\/"]}]},{"@type":"BreadcrumbList","@id":"https:\/\/imaginox.com\/cs\/zasady-zpracovani-osobnich-udaju\/#breadcrumb","itemListElement":[{"@type":"ListItem","position":1,"name":"Home","item":"https:\/\/imaginox.com\/cs\/"},{"@type":"ListItem","position":2,"name":"Z\u00e1sady zpracov\u00e1n\u00ed osobn\u00edch \u00fadaj\u016f"}]},{"@type":"WebSite","@id":"https:\/\/imaginox.com\/cs\/#website","url":"https:\/\/imaginox.com\/cs\/","name":"IMAGINOX","description":"Nerezov\u00e9 baz\u00e9ny, v\u00ed\u0159ivky a dal\u0161\u00ed wellness produkty","publisher":{"@id":"https:\/\/imaginox.com\/cs\/#organization"},"potentialAction":[{"@type":"SearchAction","target":{"@type":"EntryPoint","urlTemplate":"https:\/\/imaginox.com\/cs\/?s={search_term_string}"},"query-input":{"@type":"PropertyValueSpecification","valueRequired":true,"valueName":"search_term_string"}}],"inLanguage":"cs"},{"@type":"Organization","@id":"https:\/\/imaginox.com\/cs\/#organization","name":"IMAGINOX s.r.o.","url":"https:\/\/imaginox.com\/cs\/","logo":{"@type":"ImageObject","inLanguage":"cs","@id":"https:\/\/imaginox.com\/cs\/#\/schema\/logo\/image\/","url":"https:\/\/imaginox.com\/wp-content\/uploads\/2021\/04\/imaginox-header-logo.png","contentUrl":"https:\/\/imaginox.com\/wp-content\/uploads\/2021\/04\/imaginox-header-logo.png","width":622,"height":88,"caption":"IMAGINOX s.r.o."},"image":{"@id":"https:\/\/imaginox.com\/cs\/#\/schema\/logo\/image\/"}}]}},"_links":{"self":[{"href":"https:\/\/imaginox.com\/cs\/wp-json\/wp\/v2\/pages\/4866","targetHints":{"allow":["GET"]}}],"collection":[{"href":"https:\/\/imaginox.com\/cs\/wp-json\/wp\/v2\/pages"}],"about":[{"href":"https:\/\/imaginox.com\/cs\/wp-json\/wp\/v2\/types\/page"}],"author":[{"embeddable":true,"href":"https:\/\/imaginox.com\/cs\/wp-json\/wp\/v2\/users\/1"}],"replies":[{"embeddable":true,"href":"https:\/\/imaginox.com\/cs\/wp-json\/wp\/v2\/comments?post=4866"}],"version-history":[{"count":6,"href":"https:\/\/imaginox.com\/cs\/wp-json\/wp\/v2\/pages\/4866\/revisions"}],"predecessor-version":[{"id":8725,"href":"https:\/\/imaginox.com\/cs\/wp-json\/wp\/v2\/pages\/4866\/revisions\/8725"}],"wp:attachment":[{"href":"https:\/\/imaginox.com\/cs\/wp-json\/wp\/v2\/media?parent=4866"}],"curies":[{"name":"wp","href":"https:\/\/api.w.org\/{rel}","templated":true}]}}