{"id":5477,"date":"2021-08-24T14:01:42","date_gmt":"2021-08-24T12:01:42","guid":{"rendered":"https:\/\/imaginox.eu\/?page_id=5477"},"modified":"2024-04-10T21:44:32","modified_gmt":"2024-04-10T19:44:32","slug":"katalog-ke-stazeni","status":"publish","type":"page","link":"https:\/\/imaginox.com\/cs\/katalog-ke-stazeni\/","title":{"rendered":"Katalog ke sta\u017een\u00ed"},"content":{"rendered":"<section class=\"section--catalogue section--light\">\n<div class=\"inner\">\n<h1 class=\"heading heading--bigger heading--center heading--black heading--underline\">Katalog ke sta\u017een\u00ed<br \/>\n<\/h1>\n<div class=\"row\">\n<div class=\"col-xs-12 col-sm-12 col-md-2 col-lg-2\"><\/div>\n<div class=\"col-xs-12 col-sm-12 col-md-8 col-lg-8\">\n<p class=\"paragraph paragraph--medium align-center margin-top--05x\">St\u00e1hn\u011bte si n\u00e1\u0161 IMAGINOX katalog bezplatn\u011b v elektronick\u00e9 podob\u011b v PDF form\u00e1tu.<\/p>\n<\/div>\n<div class=\"col-xs-12 col-sm-12 col-md-2 col-lg-2\"><\/div>\n<\/div>\n<div class=\"section--catalogue-form\" style=\"padding:80px 50px\">\n<div class=\"row\" style=\"margin-bottom:25px\">\n<div class=\"col-md-4 col-md-offset-2\">\n                    <img decoding=\"async\" src=\"https:\/\/imaginox.com\/wp-content\/uploads\/2024\/04\/IMAGINOX_kniha_referenci_EN_Stranka_01.jpg\"\n                        style=\"box-shadow: 1px 1px 3px 1px #b7b7b7;\" alt=\"Katalog Sundancespas\" class=\"img-catalog\"\n                        width=\"300\">\n                <\/div>\n<div class=\"col-md-5 catalogue-download-button-margin\">\n                    <a href=\"https:\/\/imaginox.com\/cs\/stahnete-knihu-referenci\/\" rel=\"noopener noreferrer\"\n                        class=\"button button--small button--arrow button--shadow\">ST\u00c1HNOUT KNIHU REFERENC\u00cd V PDF<\/a>\n                <\/div><\/div>\n<div class=\"row\">\n<div class=\"col-md-4 col-md-offset-2\">\n                    <img decoding=\"async\" src=\"https:\/\/imaginox.com\/wp-content\/uploads\/2024\/04\/Katalog_IMAGINOX_nahled.jpg\"\n                        style=\"box-shadow: 1px 1px 3px 1px #b7b7b7;\" alt=\"Katalog Sundancespas\" class=\"img-catalog\"\n                        width=\"300\">\n                <\/div>\n<div class=\"col-md-5 catalogue-download-button-margin\">\n                    <a href=\"https:\/\/imaginox.com\/cs\/stahnete-si-katalog-bazenu-imaginox\/\" rel=\"noopener noreferrer\"\n                        class=\"button button--small button--arrow button--shadow\">ST\u00c1HNOUT KATALOG IMAGINOX V PDF<\/a>\n                <\/div><\/div>\n<\/div>\n<\/div>\n<p> <!-- .inner --><br \/>\n<\/section>\n<p> <!-- section products --><\/p>\n","protected":false},"excerpt":{"rendered":"Katalog ke sta\u017een\u00ed St\u00e1hn\u011bte si n\u00e1\u0161 IMAGINOX katalog bezplatn\u011b v elektronick\u00e9 podob\u011b v PDF form\u00e1tu. ST\u00c1HNOUT KNIHU REFERENC\u00cd V PDF ST\u00c1HNOUT KATALOG IMAGINOX V PDF","protected":false},"author":1,"featured_media":0,"parent":0,"menu_order":0,"comment_status":"closed","ping_status":"closed","template":"","meta":{"_acf_changed":false,"inline_featured_image":false,"footnotes":""},"class_list":["post-5477","page","type-page","status-publish","hentry"],"acf":[],"yoast_head":"<!-- This site is optimized with the Yoast SEO plugin v27.3 - https:\/\/yoast.com\/product\/yoast-seo-wordpress\/ -->\n<title>Katalog ke sta\u017een\u00ed zdarma \u2248 IMAGINOX<\/title>\n<meta name=\"description\" content=\"St\u00e1hnete si n\u00e1\u0161 IMAGINOX katalog bezplatn\u011b v\u00a0elektronick\u00e9 podob\u011b v PDF form\u00e1tu.\" \/>\n<meta name=\"robots\" content=\"index, follow, max-snippet:-1, max-image-preview:large, max-video-preview:-1\" \/>\n<link rel=\"canonical\" href=\"https:\/\/imaginox.com\/cs\/katalog-ke-stazeni\/\" \/>\n<meta property=\"og:locale\" content=\"cs_CZ\" \/>\n<meta property=\"og:type\" content=\"article\" \/>\n<meta property=\"og:title\" content=\"Katalog ke sta\u017een\u00ed zdarma \u2248 IMAGINOX\" \/>\n<meta property=\"og:description\" content=\"St\u00e1hnete si n\u00e1\u0161 IMAGINOX katalog bezplatn\u011b v\u00a0elektronick\u00e9 podob\u011b v PDF form\u00e1tu.\" \/>\n<meta property=\"og:url\" content=\"https:\/\/imaginox.com\/cs\/katalog-ke-stazeni\/\" \/>\n<meta property=\"og:site_name\" content=\"IMAGINOX\" \/>\n<meta property=\"article:modified_time\" content=\"2024-04-10T19:44:32+00:00\" \/>\n<meta property=\"og:image\" content=\"https:\/\/imaginox.com\/wp-content\/uploads\/2024\/04\/IMAGINOX_kniha_referenci_EN_Stranka_01.jpg\" \/>\n<meta name=\"twitter:card\" content=\"summary_large_image\" \/>\n<script type=\"application\/ld+json\" class=\"yoast-schema-graph\">{\"@context\":\"https:\\\/\\\/schema.org\",\"@graph\":[{\"@type\":\"WebPage\",\"@id\":\"https:\\\/\\\/imaginox.com\\\/cs\\\/katalog-ke-stazeni\\\/\",\"url\":\"https:\\\/\\\/imaginox.com\\\/cs\\\/katalog-ke-stazeni\\\/\",\"name\":\"Katalog ke sta\u017een\u00ed zdarma \u2248 IMAGINOX\",\"isPartOf\":{\"@id\":\"https:\\\/\\\/imaginox.com\\\/cs\\\/#website\"},\"primaryImageOfPage\":{\"@id\":\"https:\\\/\\\/imaginox.com\\\/cs\\\/katalog-ke-stazeni\\\/#primaryimage\"},\"image\":{\"@id\":\"https:\\\/\\\/imaginox.com\\\/cs\\\/katalog-ke-stazeni\\\/#primaryimage\"},\"thumbnailUrl\":\"https:\\\/\\\/imaginox.com\\\/wp-content\\\/uploads\\\/2024\\\/04\\\/IMAGINOX_kniha_referenci_EN_Stranka_01.jpg\",\"datePublished\":\"2021-08-24T12:01:42+00:00\",\"dateModified\":\"2024-04-10T19:44:32+00:00\",\"description\":\"St\u00e1hnete si n\u00e1\u0161 IMAGINOX katalog bezplatn\u011b v\u00a0elektronick\u00e9 podob\u011b v PDF form\u00e1tu.\",\"breadcrumb\":{\"@id\":\"https:\\\/\\\/imaginox.com\\\/cs\\\/katalog-ke-stazeni\\\/#breadcrumb\"},\"inLanguage\":\"cs\",\"potentialAction\":[{\"@type\":\"ReadAction\",\"target\":[\"https:\\\/\\\/imaginox.com\\\/cs\\\/katalog-ke-stazeni\\\/\"]}]},{\"@type\":\"ImageObject\",\"inLanguage\":\"cs\",\"@id\":\"https:\\\/\\\/imaginox.com\\\/cs\\\/katalog-ke-stazeni\\\/#primaryimage\",\"url\":\"https:\\\/\\\/imaginox.com\\\/wp-content\\\/uploads\\\/2024\\\/04\\\/IMAGINOX_kniha_referenci_EN_Stranka_01.jpg\",\"contentUrl\":\"https:\\\/\\\/imaginox.com\\\/wp-content\\\/uploads\\\/2024\\\/04\\\/IMAGINOX_kniha_referenci_EN_Stranka_01.jpg\"},{\"@type\":\"BreadcrumbList\",\"@id\":\"https:\\\/\\\/imaginox.com\\\/cs\\\/katalog-ke-stazeni\\\/#breadcrumb\",\"itemListElement\":[{\"@type\":\"ListItem\",\"position\":1,\"name\":\"Home\",\"item\":\"https:\\\/\\\/imaginox.com\\\/cs\\\/\"},{\"@type\":\"ListItem\",\"position\":2,\"name\":\"Katalog ke sta\u017een\u00ed\"}]},{\"@type\":\"WebSite\",\"@id\":\"https:\\\/\\\/imaginox.com\\\/cs\\\/#website\",\"url\":\"https:\\\/\\\/imaginox.com\\\/cs\\\/\",\"name\":\"IMAGINOX\",\"description\":\"Nerezov\u00e9 baz\u00e9ny, v\u00ed\u0159ivky a dal\u0161\u00ed wellness produkty\",\"publisher\":{\"@id\":\"https:\\\/\\\/imaginox.com\\\/cs\\\/#organization\"},\"potentialAction\":[{\"@type\":\"SearchAction\",\"target\":{\"@type\":\"EntryPoint\",\"urlTemplate\":\"https:\\\/\\\/imaginox.com\\\/cs\\\/?s={search_term_string}\"},\"query-input\":{\"@type\":\"PropertyValueSpecification\",\"valueRequired\":true,\"valueName\":\"search_term_string\"}}],\"inLanguage\":\"cs\"},{\"@type\":\"Organization\",\"@id\":\"https:\\\/\\\/imaginox.com\\\/cs\\\/#organization\",\"name\":\"IMAGINOX s.r.o.\",\"url\":\"https:\\\/\\\/imaginox.com\\\/cs\\\/\",\"logo\":{\"@type\":\"ImageObject\",\"inLanguage\":\"cs\",\"@id\":\"https:\\\/\\\/imaginox.com\\\/cs\\\/#\\\/schema\\\/logo\\\/image\\\/\",\"url\":\"https:\\\/\\\/imaginox.com\\\/wp-content\\\/uploads\\\/2021\\\/04\\\/imaginox-header-logo.png\",\"contentUrl\":\"https:\\\/\\\/imaginox.com\\\/wp-content\\\/uploads\\\/2021\\\/04\\\/imaginox-header-logo.png\",\"width\":622,\"height\":88,\"caption\":\"IMAGINOX s.r.o.\"},\"image\":{\"@id\":\"https:\\\/\\\/imaginox.com\\\/cs\\\/#\\\/schema\\\/logo\\\/image\\\/\"}}]}<\/script>\n<!-- \/ Yoast SEO plugin. -->","yoast_head_json":{"title":"Katalog ke sta\u017een\u00ed zdarma \u2248 IMAGINOX","description":"St\u00e1hnete si n\u00e1\u0161 IMAGINOX katalog bezplatn\u011b v\u00a0elektronick\u00e9 podob\u011b v PDF form\u00e1tu.","robots":{"index":"index","follow":"follow","max-snippet":"max-snippet:-1","max-image-preview":"max-image-preview:large","max-video-preview":"max-video-preview:-1"},"canonical":"https:\/\/imaginox.com\/cs\/katalog-ke-stazeni\/","og_locale":"cs_CZ","og_type":"article","og_title":"Katalog ke sta\u017een\u00ed zdarma \u2248 IMAGINOX","og_description":"St\u00e1hnete si n\u00e1\u0161 IMAGINOX katalog bezplatn\u011b v\u00a0elektronick\u00e9 podob\u011b v PDF form\u00e1tu.","og_url":"https:\/\/imaginox.com\/cs\/katalog-ke-stazeni\/","og_site_name":"IMAGINOX","article_modified_time":"2024-04-10T19:44:32+00:00","og_image":[{"url":"https:\/\/imaginox.com\/wp-content\/uploads\/2024\/04\/IMAGINOX_kniha_referenci_EN_Stranka_01.jpg","type":"","width":"","height":""}],"twitter_card":"summary_large_image","schema":{"@context":"https:\/\/schema.org","@graph":[{"@type":"WebPage","@id":"https:\/\/imaginox.com\/cs\/katalog-ke-stazeni\/","url":"https:\/\/imaginox.com\/cs\/katalog-ke-stazeni\/","name":"Katalog ke sta\u017een\u00ed zdarma \u2248 IMAGINOX","isPartOf":{"@id":"https:\/\/imaginox.com\/cs\/#website"},"primaryImageOfPage":{"@id":"https:\/\/imaginox.com\/cs\/katalog-ke-stazeni\/#primaryimage"},"image":{"@id":"https:\/\/imaginox.com\/cs\/katalog-ke-stazeni\/#primaryimage"},"thumbnailUrl":"https:\/\/imaginox.com\/wp-content\/uploads\/2024\/04\/IMAGINOX_kniha_referenci_EN_Stranka_01.jpg","datePublished":"2021-08-24T12:01:42+00:00","dateModified":"2024-04-10T19:44:32+00:00","description":"St\u00e1hnete si n\u00e1\u0161 IMAGINOX katalog bezplatn\u011b v\u00a0elektronick\u00e9 podob\u011b v PDF form\u00e1tu.","breadcrumb":{"@id":"https:\/\/imaginox.com\/cs\/katalog-ke-stazeni\/#breadcrumb"},"inLanguage":"cs","potentialAction":[{"@type":"ReadAction","target":["https:\/\/imaginox.com\/cs\/katalog-ke-stazeni\/"]}]},{"@type":"ImageObject","inLanguage":"cs","@id":"https:\/\/imaginox.com\/cs\/katalog-ke-stazeni\/#primaryimage","url":"https:\/\/imaginox.com\/wp-content\/uploads\/2024\/04\/IMAGINOX_kniha_referenci_EN_Stranka_01.jpg","contentUrl":"https:\/\/imaginox.com\/wp-content\/uploads\/2024\/04\/IMAGINOX_kniha_referenci_EN_Stranka_01.jpg"},{"@type":"BreadcrumbList","@id":"https:\/\/imaginox.com\/cs\/katalog-ke-stazeni\/#breadcrumb","itemListElement":[{"@type":"ListItem","position":1,"name":"Home","item":"https:\/\/imaginox.com\/cs\/"},{"@type":"ListItem","position":2,"name":"Katalog ke sta\u017een\u00ed"}]},{"@type":"WebSite","@id":"https:\/\/imaginox.com\/cs\/#website","url":"https:\/\/imaginox.com\/cs\/","name":"IMAGINOX","description":"Nerezov\u00e9 baz\u00e9ny, v\u00ed\u0159ivky a dal\u0161\u00ed wellness produkty","publisher":{"@id":"https:\/\/imaginox.com\/cs\/#organization"},"potentialAction":[{"@type":"SearchAction","target":{"@type":"EntryPoint","urlTemplate":"https:\/\/imaginox.com\/cs\/?s={search_term_string}"},"query-input":{"@type":"PropertyValueSpecification","valueRequired":true,"valueName":"search_term_string"}}],"inLanguage":"cs"},{"@type":"Organization","@id":"https:\/\/imaginox.com\/cs\/#organization","name":"IMAGINOX s.r.o.","url":"https:\/\/imaginox.com\/cs\/","logo":{"@type":"ImageObject","inLanguage":"cs","@id":"https:\/\/imaginox.com\/cs\/#\/schema\/logo\/image\/","url":"https:\/\/imaginox.com\/wp-content\/uploads\/2021\/04\/imaginox-header-logo.png","contentUrl":"https:\/\/imaginox.com\/wp-content\/uploads\/2021\/04\/imaginox-header-logo.png","width":622,"height":88,"caption":"IMAGINOX s.r.o."},"image":{"@id":"https:\/\/imaginox.com\/cs\/#\/schema\/logo\/image\/"}}]}},"_links":{"self":[{"href":"https:\/\/imaginox.com\/cs\/wp-json\/wp\/v2\/pages\/5477","targetHints":{"allow":["GET"]}}],"collection":[{"href":"https:\/\/imaginox.com\/cs\/wp-json\/wp\/v2\/pages"}],"about":[{"href":"https:\/\/imaginox.com\/cs\/wp-json\/wp\/v2\/types\/page"}],"author":[{"embeddable":true,"href":"https:\/\/imaginox.com\/cs\/wp-json\/wp\/v2\/users\/1"}],"replies":[{"embeddable":true,"href":"https:\/\/imaginox.com\/cs\/wp-json\/wp\/v2\/comments?post=5477"}],"version-history":[{"count":17,"href":"https:\/\/imaginox.com\/cs\/wp-json\/wp\/v2\/pages\/5477\/revisions"}],"predecessor-version":[{"id":11322,"href":"https:\/\/imaginox.com\/cs\/wp-json\/wp\/v2\/pages\/5477\/revisions\/11322"}],"wp:attachment":[{"href":"https:\/\/imaginox.com\/cs\/wp-json\/wp\/v2\/media?parent=5477"}],"curies":[{"name":"wp","href":"https:\/\/api.w.org\/{rel}","templated":true}]}}