{"id":11161,"date":"2024-03-17T16:55:19","date_gmt":"2024-03-17T14:55:19","guid":{"rendered":"https:\/\/imaginox-com.boost.codes\/?page_id=11161"},"modified":"2024-03-28T16:02:13","modified_gmt":"2024-03-28T14:02:13","slug":"partner-werden","status":"publish","type":"page","link":"https:\/\/imaginox.com\/de\/partner-werden\/","title":{"rendered":"Partner Werden"},"content":{"rendered":"<section class=\"section--catalogue section--light\">\n<div class=\"inner\">\n<h1 class=\"heading heading--bigger heading--center heading--black heading--underline\">Werden Sie unser Business-Partner.<\/h1>\n<div class=\"row\">\n<div class=\"col-xs-12 col-sm-12 col-md-2 col-lg-2\"><\/div>\n<div class=\"col-xs-12 col-sm-12 col-md-8 col-lg-8\">\n<p class=\"paragraph paragraph--medium align-center margin-top--05x\">Wollen Sie Gesch\u00e4ftspartner der Gruppe IMAGINOX werden? Setzen Sie sich bitte mit uns in Verbindung! Wir werden uns ehestm\u00f6glich Ihrer Anfrage widmen. Im Formular k\u00f6nnen Sie auch Ihre Telefonnummer angeben, sodass wir uns bei Ihnen melden.<\/p>\n<\/div>\n<div class=\"col-xs-12 col-sm-12 col-md-2 col-lg-2\"><\/div>\n<\/div>\n<div class=\"section--catalogue-form section--queries-form\"><span class=\"paragraph paragraph--medium section--catalogue-form-required-data input-required\">erforderliche Daten<\/p>\n<p><\/span><\/p>\n<div class=\"boost-space-forms\" id=\"bsf-id-48\"><\/div><script src=\"https:\/\/imaginox.system.boost.space\/api\/custom_form.js?id=48&integrity=c550e24bb790f6da754f7c0b04cffc51&el=bsf-id-48&callback=boostSpaceFormsInit&csubmit=boostSpaceFormsSuccessSubmit&lang=de&v=0.4.9\" data-form=\"boost-space\"><\/script>\n<\/div>\n<\/div>\n<p><!-- .inner --><br \/>\n<\/section>\n<p><!-- section products --><\/p>\n","protected":false},"excerpt":{"rendered":"Werden Sie unser Business-Partner. Wollen Sie Gesch\u00e4ftspartner der Gruppe IMAGINOX werden? Setzen Sie sich bitte mit uns in Verbindung! Wir werden uns ehestm\u00f6glich Ihrer Anfrage widmen. Im Formular k\u00f6nnen Sie auch Ihre Telefonnummer angeben, sodass wir uns bei Ihnen melden. erforderliche Daten","protected":false},"author":11,"featured_media":0,"parent":0,"menu_order":0,"comment_status":"closed","ping_status":"closed","template":"","meta":{"_acf_changed":false,"inline_featured_image":false,"footnotes":""},"class_list":["post-11161","page","type-page","status-publish","hentry"],"acf":[],"yoast_head":"<!-- This site is optimized with the Yoast SEO plugin v27.3 - https:\/\/yoast.com\/product\/yoast-seo-wordpress\/ -->\n<title>Partner Werden \u2248 IMAGINOX<\/title>\n<meta name=\"robots\" content=\"index, follow, max-snippet:-1, max-image-preview:large, max-video-preview:-1\" \/>\n<link rel=\"canonical\" href=\"https:\/\/imaginox.com\/de\/partner-werden\/\" \/>\n<meta property=\"og:locale\" content=\"de_DE\" \/>\n<meta property=\"og:type\" content=\"article\" \/>\n<meta property=\"og:title\" content=\"Partner Werden \u2248 IMAGINOX\" \/>\n<meta property=\"og:description\" content=\"Werden Sie unser Business-Partner. Wollen Sie Gesch\u00e4ftspartner der Gruppe IMAGINOX werden? Setzen Sie sich bitte mit uns in Verbindung! Wir werden uns ehestm\u00f6glich Ihrer Anfrage widmen. Im Formular k\u00f6nnen Sie auch Ihre Telefonnummer angeben, sodass wir uns bei Ihnen melden. erforderliche Daten\" \/>\n<meta property=\"og:url\" content=\"https:\/\/imaginox.com\/de\/partner-werden\/\" \/>\n<meta property=\"og:site_name\" content=\"IMAGINOX\" \/>\n<meta property=\"article:modified_time\" content=\"2024-03-28T14:02:13+00:00\" \/>\n<meta name=\"twitter:card\" content=\"summary_large_image\" \/>\n<script type=\"application\/ld+json\" class=\"yoast-schema-graph\">{\"@context\":\"https:\\\/\\\/schema.org\",\"@graph\":[{\"@type\":\"WebPage\",\"@id\":\"https:\\\/\\\/imaginox.com\\\/de\\\/partner-werden\\\/\",\"url\":\"https:\\\/\\\/imaginox.com\\\/de\\\/partner-werden\\\/\",\"name\":\"Partner Werden \u2248 IMAGINOX\",\"isPartOf\":{\"@id\":\"https:\\\/\\\/imaginox.com\\\/de\\\/#website\"},\"datePublished\":\"2024-03-17T14:55:19+00:00\",\"dateModified\":\"2024-03-28T14:02:13+00:00\",\"breadcrumb\":{\"@id\":\"https:\\\/\\\/imaginox.com\\\/de\\\/partner-werden\\\/#breadcrumb\"},\"inLanguage\":\"de\",\"potentialAction\":[{\"@type\":\"ReadAction\",\"target\":[\"https:\\\/\\\/imaginox.com\\\/de\\\/partner-werden\\\/\"]}]},{\"@type\":\"BreadcrumbList\",\"@id\":\"https:\\\/\\\/imaginox.com\\\/de\\\/partner-werden\\\/#breadcrumb\",\"itemListElement\":[{\"@type\":\"ListItem\",\"position\":1,\"name\":\"Home\",\"item\":\"https:\\\/\\\/imaginox.com\\\/de\\\/\"},{\"@type\":\"ListItem\",\"position\":2,\"name\":\"Partner Werden\"}]},{\"@type\":\"WebSite\",\"@id\":\"https:\\\/\\\/imaginox.com\\\/de\\\/#website\",\"url\":\"https:\\\/\\\/imaginox.com\\\/de\\\/\",\"name\":\"IMAGINOX\",\"description\":\"Edelstahlbecken, Whirlpools und mehr\",\"publisher\":{\"@id\":\"https:\\\/\\\/imaginox.com\\\/de\\\/#organization\"},\"potentialAction\":[{\"@type\":\"SearchAction\",\"target\":{\"@type\":\"EntryPoint\",\"urlTemplate\":\"https:\\\/\\\/imaginox.com\\\/de\\\/?s={search_term_string}\"},\"query-input\":{\"@type\":\"PropertyValueSpecification\",\"valueRequired\":true,\"valueName\":\"search_term_string\"}}],\"inLanguage\":\"de\"},{\"@type\":\"Organization\",\"@id\":\"https:\\\/\\\/imaginox.com\\\/de\\\/#organization\",\"name\":\"IMAGINOX s.r.o.\",\"url\":\"https:\\\/\\\/imaginox.com\\\/de\\\/\",\"logo\":{\"@type\":\"ImageObject\",\"inLanguage\":\"de\",\"@id\":\"https:\\\/\\\/imaginox.com\\\/de\\\/#\\\/schema\\\/logo\\\/image\\\/\",\"url\":\"https:\\\/\\\/imaginox.com\\\/wp-content\\\/uploads\\\/2021\\\/04\\\/imaginox-header-logo.png\",\"contentUrl\":\"https:\\\/\\\/imaginox.com\\\/wp-content\\\/uploads\\\/2021\\\/04\\\/imaginox-header-logo.png\",\"width\":622,\"height\":88,\"caption\":\"IMAGINOX s.r.o.\"},\"image\":{\"@id\":\"https:\\\/\\\/imaginox.com\\\/de\\\/#\\\/schema\\\/logo\\\/image\\\/\"}}]}<\/script>\n<!-- \/ Yoast SEO plugin. -->","yoast_head_json":{"title":"Partner Werden \u2248 IMAGINOX","robots":{"index":"index","follow":"follow","max-snippet":"max-snippet:-1","max-image-preview":"max-image-preview:large","max-video-preview":"max-video-preview:-1"},"canonical":"https:\/\/imaginox.com\/de\/partner-werden\/","og_locale":"de_DE","og_type":"article","og_title":"Partner Werden \u2248 IMAGINOX","og_description":"Werden Sie unser Business-Partner. Wollen Sie Gesch\u00e4ftspartner der Gruppe IMAGINOX werden? Setzen Sie sich bitte mit uns in Verbindung! Wir werden uns ehestm\u00f6glich Ihrer Anfrage widmen. Im Formular k\u00f6nnen Sie auch Ihre Telefonnummer angeben, sodass wir uns bei Ihnen melden. erforderliche Daten","og_url":"https:\/\/imaginox.com\/de\/partner-werden\/","og_site_name":"IMAGINOX","article_modified_time":"2024-03-28T14:02:13+00:00","twitter_card":"summary_large_image","schema":{"@context":"https:\/\/schema.org","@graph":[{"@type":"WebPage","@id":"https:\/\/imaginox.com\/de\/partner-werden\/","url":"https:\/\/imaginox.com\/de\/partner-werden\/","name":"Partner Werden \u2248 IMAGINOX","isPartOf":{"@id":"https:\/\/imaginox.com\/de\/#website"},"datePublished":"2024-03-17T14:55:19+00:00","dateModified":"2024-03-28T14:02:13+00:00","breadcrumb":{"@id":"https:\/\/imaginox.com\/de\/partner-werden\/#breadcrumb"},"inLanguage":"de","potentialAction":[{"@type":"ReadAction","target":["https:\/\/imaginox.com\/de\/partner-werden\/"]}]},{"@type":"BreadcrumbList","@id":"https:\/\/imaginox.com\/de\/partner-werden\/#breadcrumb","itemListElement":[{"@type":"ListItem","position":1,"name":"Home","item":"https:\/\/imaginox.com\/de\/"},{"@type":"ListItem","position":2,"name":"Partner Werden"}]},{"@type":"WebSite","@id":"https:\/\/imaginox.com\/de\/#website","url":"https:\/\/imaginox.com\/de\/","name":"IMAGINOX","description":"Edelstahlbecken, Whirlpools und mehr","publisher":{"@id":"https:\/\/imaginox.com\/de\/#organization"},"potentialAction":[{"@type":"SearchAction","target":{"@type":"EntryPoint","urlTemplate":"https:\/\/imaginox.com\/de\/?s={search_term_string}"},"query-input":{"@type":"PropertyValueSpecification","valueRequired":true,"valueName":"search_term_string"}}],"inLanguage":"de"},{"@type":"Organization","@id":"https:\/\/imaginox.com\/de\/#organization","name":"IMAGINOX s.r.o.","url":"https:\/\/imaginox.com\/de\/","logo":{"@type":"ImageObject","inLanguage":"de","@id":"https:\/\/imaginox.com\/de\/#\/schema\/logo\/image\/","url":"https:\/\/imaginox.com\/wp-content\/uploads\/2021\/04\/imaginox-header-logo.png","contentUrl":"https:\/\/imaginox.com\/wp-content\/uploads\/2021\/04\/imaginox-header-logo.png","width":622,"height":88,"caption":"IMAGINOX s.r.o."},"image":{"@id":"https:\/\/imaginox.com\/de\/#\/schema\/logo\/image\/"}}]}},"_links":{"self":[{"href":"https:\/\/imaginox.com\/de\/wp-json\/wp\/v2\/pages\/11161","targetHints":{"allow":["GET"]}}],"collection":[{"href":"https:\/\/imaginox.com\/de\/wp-json\/wp\/v2\/pages"}],"about":[{"href":"https:\/\/imaginox.com\/de\/wp-json\/wp\/v2\/types\/page"}],"author":[{"embeddable":true,"href":"https:\/\/imaginox.com\/de\/wp-json\/wp\/v2\/users\/11"}],"replies":[{"embeddable":true,"href":"https:\/\/imaginox.com\/de\/wp-json\/wp\/v2\/comments?post=11161"}],"version-history":[{"count":3,"href":"https:\/\/imaginox.com\/de\/wp-json\/wp\/v2\/pages\/11161\/revisions"}],"predecessor-version":[{"id":11254,"href":"https:\/\/imaginox.com\/de\/wp-json\/wp\/v2\/pages\/11161\/revisions\/11254"}],"wp:attachment":[{"href":"https:\/\/imaginox.com\/de\/wp-json\/wp\/v2\/media?parent=11161"}],"curies":[{"name":"wp","href":"https:\/\/api.w.org\/{rel}","templated":true}]}}