{"id":4826,"date":"2020-06-18T10:04:27","date_gmt":"2020-06-18T10:04:27","guid":{"rendered":"https:\/\/imaginox.boost.codes\/products\/whirlpools\/"},"modified":"2025-05-10T00:15:04","modified_gmt":"2025-05-09T22:15:04","slug":"pool-hubboeden-poolterrassen-x","status":"publish","type":"page","link":"https:\/\/imaginox.com\/de\/produkte\/pool-hubboeden-poolterrassen-x\/","title":{"rendered":"Pool Hubb\u00f6den &#038; Poolterrassen"},"content":{"rendered":"","protected":false},"excerpt":{"rendered":"","protected":false},"author":1,"featured_media":0,"parent":4818,"menu_order":0,"comment_status":"closed","ping_status":"closed","template":"pool-floors.php","meta":{"_acf_changed":false,"inline_featured_image":false,"footnotes":""},"class_list":["post-4826","page","type-page","status-publish","hentry"],"acf":[],"yoast_head":"<!-- This site is optimized with the Yoast SEO plugin v27.3 - https:\/\/yoast.com\/product\/yoast-seo-wordpress\/ -->\n<title>Pool Hubb\u00f6den und Poolterrassen \u2248 IMAGINOX<\/title>\n<meta name=\"description\" content=\"AquaFloors ist ein f\u00fchrender Hersteller modernster, automatischer Pool Hubb\u00f6den und Poolterrassen. Diese beiden L\u00f6sungen werden g\u00e4nzlich nach Ma\u00df gefertigt, nach einer gr\u00fcndlichen individuellen Planung zur Gew\u00e4hrleistung der perfekten Funktionalit\u00e4t und der problemlosen Realisierung wo immer auf der Welt\" \/>\n<meta name=\"robots\" content=\"index, follow, max-snippet:-1, max-image-preview:large, max-video-preview:-1\" \/>\n<link rel=\"canonical\" href=\"https:\/\/imaginox.com\/de\/produkte\/pool-hubboeden-poolterrassen-x\/\" \/>\n<meta property=\"og:locale\" content=\"de_DE\" \/>\n<meta property=\"og:type\" content=\"article\" \/>\n<meta property=\"og:title\" content=\"Pool Hubb\u00f6den und Poolterrassen \u2248 IMAGINOX\" \/>\n<meta property=\"og:description\" content=\"AquaFloors ist ein f\u00fchrender Hersteller modernster, automatischer Pool Hubb\u00f6den und Poolterrassen. Diese beiden L\u00f6sungen werden g\u00e4nzlich nach Ma\u00df gefertigt, nach einer gr\u00fcndlichen individuellen Planung zur Gew\u00e4hrleistung der perfekten Funktionalit\u00e4t und der problemlosen Realisierung wo immer auf der Welt\" \/>\n<meta property=\"og:url\" content=\"https:\/\/imaginox.com\/de\/produkte\/pool-hubboeden-poolterrassen-x\/\" \/>\n<meta property=\"og:site_name\" content=\"IMAGINOX\" \/>\n<meta property=\"article:modified_time\" content=\"2025-05-09T22:15:04+00:00\" \/>\n<meta name=\"twitter:card\" content=\"summary_large_image\" \/>\n<script type=\"application\/ld+json\" class=\"yoast-schema-graph\">{\"@context\":\"https:\\\/\\\/schema.org\",\"@graph\":[{\"@type\":\"WebPage\",\"@id\":\"https:\\\/\\\/imaginox.com\\\/de\\\/produkte\\\/pool-hubboeden-poolterrassen-x\\\/\",\"url\":\"https:\\\/\\\/imaginox.com\\\/de\\\/produkte\\\/pool-hubboeden-poolterrassen-x\\\/\",\"name\":\"Pool Hubb\u00f6den und Poolterrassen \u2248 IMAGINOX\",\"isPartOf\":{\"@id\":\"https:\\\/\\\/imaginox.com\\\/de\\\/#website\"},\"datePublished\":\"2020-06-18T10:04:27+00:00\",\"dateModified\":\"2025-05-09T22:15:04+00:00\",\"description\":\"AquaFloors ist ein f\u00fchrender Hersteller modernster, automatischer Pool Hubb\u00f6den und Poolterrassen. Diese beiden L\u00f6sungen werden g\u00e4nzlich nach Ma\u00df gefertigt, nach einer gr\u00fcndlichen individuellen Planung zur Gew\u00e4hrleistung der perfekten Funktionalit\u00e4t und der problemlosen Realisierung wo immer auf der Welt\",\"breadcrumb\":{\"@id\":\"https:\\\/\\\/imaginox.com\\\/de\\\/produkte\\\/pool-hubboeden-poolterrassen-x\\\/#breadcrumb\"},\"inLanguage\":\"de\",\"potentialAction\":[{\"@type\":\"ReadAction\",\"target\":[\"https:\\\/\\\/imaginox.com\\\/de\\\/produkte\\\/pool-hubboeden-poolterrassen-x\\\/\"]}]},{\"@type\":\"BreadcrumbList\",\"@id\":\"https:\\\/\\\/imaginox.com\\\/de\\\/produkte\\\/pool-hubboeden-poolterrassen-x\\\/#breadcrumb\",\"itemListElement\":[{\"@type\":\"ListItem\",\"position\":1,\"name\":\"Home\",\"item\":\"https:\\\/\\\/imaginox.com\\\/de\\\/\"},{\"@type\":\"ListItem\",\"position\":2,\"name\":\"Imaginox Produkte\",\"item\":\"https:\\\/\\\/imaginox.com\\\/de\\\/produkte\\\/\"},{\"@type\":\"ListItem\",\"position\":3,\"name\":\"Pool Hubb\u00f6den &#038; Poolterrassen\"}]},{\"@type\":\"WebSite\",\"@id\":\"https:\\\/\\\/imaginox.com\\\/de\\\/#website\",\"url\":\"https:\\\/\\\/imaginox.com\\\/de\\\/\",\"name\":\"IMAGINOX\",\"description\":\"Edelstahlbecken, Whirlpools und mehr\",\"publisher\":{\"@id\":\"https:\\\/\\\/imaginox.com\\\/de\\\/#organization\"},\"potentialAction\":[{\"@type\":\"SearchAction\",\"target\":{\"@type\":\"EntryPoint\",\"urlTemplate\":\"https:\\\/\\\/imaginox.com\\\/de\\\/?s={search_term_string}\"},\"query-input\":{\"@type\":\"PropertyValueSpecification\",\"valueRequired\":true,\"valueName\":\"search_term_string\"}}],\"inLanguage\":\"de\"},{\"@type\":\"Organization\",\"@id\":\"https:\\\/\\\/imaginox.com\\\/de\\\/#organization\",\"name\":\"IMAGINOX s.r.o.\",\"url\":\"https:\\\/\\\/imaginox.com\\\/de\\\/\",\"logo\":{\"@type\":\"ImageObject\",\"inLanguage\":\"de\",\"@id\":\"https:\\\/\\\/imaginox.com\\\/de\\\/#\\\/schema\\\/logo\\\/image\\\/\",\"url\":\"https:\\\/\\\/imaginox.com\\\/wp-content\\\/uploads\\\/2021\\\/04\\\/imaginox-header-logo.png\",\"contentUrl\":\"https:\\\/\\\/imaginox.com\\\/wp-content\\\/uploads\\\/2021\\\/04\\\/imaginox-header-logo.png\",\"width\":622,\"height\":88,\"caption\":\"IMAGINOX s.r.o.\"},\"image\":{\"@id\":\"https:\\\/\\\/imaginox.com\\\/de\\\/#\\\/schema\\\/logo\\\/image\\\/\"}}]}<\/script>\n<!-- \/ Yoast SEO plugin. -->","yoast_head_json":{"title":"Pool Hubb\u00f6den und Poolterrassen \u2248 IMAGINOX","description":"AquaFloors ist ein f\u00fchrender Hersteller modernster, automatischer Pool Hubb\u00f6den und Poolterrassen. Diese beiden L\u00f6sungen werden g\u00e4nzlich nach Ma\u00df gefertigt, nach einer gr\u00fcndlichen individuellen Planung zur Gew\u00e4hrleistung der perfekten Funktionalit\u00e4t und der problemlosen Realisierung wo immer auf der Welt","robots":{"index":"index","follow":"follow","max-snippet":"max-snippet:-1","max-image-preview":"max-image-preview:large","max-video-preview":"max-video-preview:-1"},"canonical":"https:\/\/imaginox.com\/de\/produkte\/pool-hubboeden-poolterrassen-x\/","og_locale":"de_DE","og_type":"article","og_title":"Pool Hubb\u00f6den und Poolterrassen \u2248 IMAGINOX","og_description":"AquaFloors ist ein f\u00fchrender Hersteller modernster, automatischer Pool Hubb\u00f6den und Poolterrassen. Diese beiden L\u00f6sungen werden g\u00e4nzlich nach Ma\u00df gefertigt, nach einer gr\u00fcndlichen individuellen Planung zur Gew\u00e4hrleistung der perfekten Funktionalit\u00e4t und der problemlosen Realisierung wo immer auf der Welt","og_url":"https:\/\/imaginox.com\/de\/produkte\/pool-hubboeden-poolterrassen-x\/","og_site_name":"IMAGINOX","article_modified_time":"2025-05-09T22:15:04+00:00","twitter_card":"summary_large_image","schema":{"@context":"https:\/\/schema.org","@graph":[{"@type":"WebPage","@id":"https:\/\/imaginox.com\/de\/produkte\/pool-hubboeden-poolterrassen-x\/","url":"https:\/\/imaginox.com\/de\/produkte\/pool-hubboeden-poolterrassen-x\/","name":"Pool Hubb\u00f6den und Poolterrassen \u2248 IMAGINOX","isPartOf":{"@id":"https:\/\/imaginox.com\/de\/#website"},"datePublished":"2020-06-18T10:04:27+00:00","dateModified":"2025-05-09T22:15:04+00:00","description":"AquaFloors ist ein f\u00fchrender Hersteller modernster, automatischer Pool Hubb\u00f6den und Poolterrassen. Diese beiden L\u00f6sungen werden g\u00e4nzlich nach Ma\u00df gefertigt, nach einer gr\u00fcndlichen individuellen Planung zur Gew\u00e4hrleistung der perfekten Funktionalit\u00e4t und der problemlosen Realisierung wo immer auf der Welt","breadcrumb":{"@id":"https:\/\/imaginox.com\/de\/produkte\/pool-hubboeden-poolterrassen-x\/#breadcrumb"},"inLanguage":"de","potentialAction":[{"@type":"ReadAction","target":["https:\/\/imaginox.com\/de\/produkte\/pool-hubboeden-poolterrassen-x\/"]}]},{"@type":"BreadcrumbList","@id":"https:\/\/imaginox.com\/de\/produkte\/pool-hubboeden-poolterrassen-x\/#breadcrumb","itemListElement":[{"@type":"ListItem","position":1,"name":"Home","item":"https:\/\/imaginox.com\/de\/"},{"@type":"ListItem","position":2,"name":"Imaginox Produkte","item":"https:\/\/imaginox.com\/de\/produkte\/"},{"@type":"ListItem","position":3,"name":"Pool Hubb\u00f6den &#038; Poolterrassen"}]},{"@type":"WebSite","@id":"https:\/\/imaginox.com\/de\/#website","url":"https:\/\/imaginox.com\/de\/","name":"IMAGINOX","description":"Edelstahlbecken, Whirlpools und mehr","publisher":{"@id":"https:\/\/imaginox.com\/de\/#organization"},"potentialAction":[{"@type":"SearchAction","target":{"@type":"EntryPoint","urlTemplate":"https:\/\/imaginox.com\/de\/?s={search_term_string}"},"query-input":{"@type":"PropertyValueSpecification","valueRequired":true,"valueName":"search_term_string"}}],"inLanguage":"de"},{"@type":"Organization","@id":"https:\/\/imaginox.com\/de\/#organization","name":"IMAGINOX s.r.o.","url":"https:\/\/imaginox.com\/de\/","logo":{"@type":"ImageObject","inLanguage":"de","@id":"https:\/\/imaginox.com\/de\/#\/schema\/logo\/image\/","url":"https:\/\/imaginox.com\/wp-content\/uploads\/2021\/04\/imaginox-header-logo.png","contentUrl":"https:\/\/imaginox.com\/wp-content\/uploads\/2021\/04\/imaginox-header-logo.png","width":622,"height":88,"caption":"IMAGINOX s.r.o."},"image":{"@id":"https:\/\/imaginox.com\/de\/#\/schema\/logo\/image\/"}}]}},"_links":{"self":[{"href":"https:\/\/imaginox.com\/de\/wp-json\/wp\/v2\/pages\/4826","targetHints":{"allow":["GET"]}}],"collection":[{"href":"https:\/\/imaginox.com\/de\/wp-json\/wp\/v2\/pages"}],"about":[{"href":"https:\/\/imaginox.com\/de\/wp-json\/wp\/v2\/types\/page"}],"author":[{"embeddable":true,"href":"https:\/\/imaginox.com\/de\/wp-json\/wp\/v2\/users\/1"}],"replies":[{"embeddable":true,"href":"https:\/\/imaginox.com\/de\/wp-json\/wp\/v2\/comments?post=4826"}],"version-history":[{"count":8,"href":"https:\/\/imaginox.com\/de\/wp-json\/wp\/v2\/pages\/4826\/revisions"}],"predecessor-version":[{"id":11205,"href":"https:\/\/imaginox.com\/de\/wp-json\/wp\/v2\/pages\/4826\/revisions\/11205"}],"up":[{"embeddable":true,"href":"https:\/\/imaginox.com\/de\/wp-json\/wp\/v2\/pages\/4818"}],"wp:attachment":[{"href":"https:\/\/imaginox.com\/de\/wp-json\/wp\/v2\/media?parent=4826"}],"curies":[{"name":"wp","href":"https:\/\/api.w.org\/{rel}","templated":true}]}}