{"id":4832,"date":"2020-06-18T10:07:11","date_gmt":"2020-06-18T10:07:11","guid":{"rendered":"https:\/\/imaginox.boost.codes\/products\/deck-level-pools\/"},"modified":"2025-05-10T00:05:36","modified_gmt":"2025-05-09T22:05:36","slug":"sauna-und-spa-design-x","status":"publish","type":"page","link":"https:\/\/imaginox.com\/de\/produkte\/sauna-und-spa-design-x\/","title":{"rendered":"Saunen &#038; Spa"},"content":{"rendered":"","protected":false},"excerpt":{"rendered":"","protected":false},"author":1,"featured_media":0,"parent":4818,"menu_order":0,"comment_status":"closed","ping_status":"closed","template":"products-saunas.php","meta":{"_acf_changed":false,"inline_featured_image":false,"footnotes":""},"class_list":["post-4832","page","type-page","status-publish","hentry"],"acf":[],"yoast_head":"<!-- This site is optimized with the Yoast SEO plugin v27.3 - https:\/\/yoast.com\/product\/yoast-seo-wordpress\/ -->\n<title>Sauna und Spa-Design \u2248 IMAGINOX<\/title>\n<meta name=\"description\" content=\"Das Sch\u00f6ne an \u00dcberlaufbecken ist, dass der Wasserspiegel parallel mit Beckenrand verl\u00e4uft, was den Eindruck eines endlosen Wasserspiegels vermittelt.\" \/>\n<meta name=\"robots\" content=\"index, follow, max-snippet:-1, max-image-preview:large, max-video-preview:-1\" \/>\n<link rel=\"canonical\" href=\"https:\/\/imaginox.com\/de\/produkte\/sauna-und-spa-design-x\/\" \/>\n<meta property=\"og:locale\" content=\"de_DE\" \/>\n<meta property=\"og:type\" content=\"article\" \/>\n<meta property=\"og:title\" content=\"Sauna und Spa-Design \u2248 IMAGINOX\" \/>\n<meta property=\"og:description\" content=\"Das Sch\u00f6ne an \u00dcberlaufbecken ist, dass der Wasserspiegel parallel mit Beckenrand verl\u00e4uft, was den Eindruck eines endlosen Wasserspiegels vermittelt.\" \/>\n<meta property=\"og:url\" content=\"https:\/\/imaginox.com\/de\/produkte\/sauna-und-spa-design-x\/\" \/>\n<meta property=\"og:site_name\" content=\"IMAGINOX\" \/>\n<meta property=\"article:modified_time\" content=\"2025-05-09T22:05:36+00:00\" \/>\n<meta name=\"twitter:card\" content=\"summary_large_image\" \/>\n<script type=\"application\/ld+json\" class=\"yoast-schema-graph\">{\"@context\":\"https:\\\/\\\/schema.org\",\"@graph\":[{\"@type\":\"WebPage\",\"@id\":\"https:\\\/\\\/imaginox.com\\\/de\\\/produkte\\\/sauna-und-spa-design-x\\\/\",\"url\":\"https:\\\/\\\/imaginox.com\\\/de\\\/produkte\\\/sauna-und-spa-design-x\\\/\",\"name\":\"Sauna und Spa-Design \u2248 IMAGINOX\",\"isPartOf\":{\"@id\":\"https:\\\/\\\/imaginox.com\\\/de\\\/#website\"},\"datePublished\":\"2020-06-18T10:07:11+00:00\",\"dateModified\":\"2025-05-09T22:05:36+00:00\",\"description\":\"Das Sch\u00f6ne an \u00dcberlaufbecken ist, dass der Wasserspiegel parallel mit Beckenrand verl\u00e4uft, was den Eindruck eines endlosen Wasserspiegels vermittelt.\",\"breadcrumb\":{\"@id\":\"https:\\\/\\\/imaginox.com\\\/de\\\/produkte\\\/sauna-und-spa-design-x\\\/#breadcrumb\"},\"inLanguage\":\"de\",\"potentialAction\":[{\"@type\":\"ReadAction\",\"target\":[\"https:\\\/\\\/imaginox.com\\\/de\\\/produkte\\\/sauna-und-spa-design-x\\\/\"]}]},{\"@type\":\"BreadcrumbList\",\"@id\":\"https:\\\/\\\/imaginox.com\\\/de\\\/produkte\\\/sauna-und-spa-design-x\\\/#breadcrumb\",\"itemListElement\":[{\"@type\":\"ListItem\",\"position\":1,\"name\":\"Home\",\"item\":\"https:\\\/\\\/imaginox.com\\\/de\\\/\"},{\"@type\":\"ListItem\",\"position\":2,\"name\":\"Imaginox Produkte\",\"item\":\"https:\\\/\\\/imaginox.com\\\/de\\\/produkte\\\/\"},{\"@type\":\"ListItem\",\"position\":3,\"name\":\"Saunen &#038; Spa\"}]},{\"@type\":\"WebSite\",\"@id\":\"https:\\\/\\\/imaginox.com\\\/de\\\/#website\",\"url\":\"https:\\\/\\\/imaginox.com\\\/de\\\/\",\"name\":\"IMAGINOX\",\"description\":\"Edelstahlbecken, Whirlpools und mehr\",\"publisher\":{\"@id\":\"https:\\\/\\\/imaginox.com\\\/de\\\/#organization\"},\"potentialAction\":[{\"@type\":\"SearchAction\",\"target\":{\"@type\":\"EntryPoint\",\"urlTemplate\":\"https:\\\/\\\/imaginox.com\\\/de\\\/?s={search_term_string}\"},\"query-input\":{\"@type\":\"PropertyValueSpecification\",\"valueRequired\":true,\"valueName\":\"search_term_string\"}}],\"inLanguage\":\"de\"},{\"@type\":\"Organization\",\"@id\":\"https:\\\/\\\/imaginox.com\\\/de\\\/#organization\",\"name\":\"IMAGINOX s.r.o.\",\"url\":\"https:\\\/\\\/imaginox.com\\\/de\\\/\",\"logo\":{\"@type\":\"ImageObject\",\"inLanguage\":\"de\",\"@id\":\"https:\\\/\\\/imaginox.com\\\/de\\\/#\\\/schema\\\/logo\\\/image\\\/\",\"url\":\"https:\\\/\\\/imaginox.com\\\/wp-content\\\/uploads\\\/2021\\\/04\\\/imaginox-header-logo.png\",\"contentUrl\":\"https:\\\/\\\/imaginox.com\\\/wp-content\\\/uploads\\\/2021\\\/04\\\/imaginox-header-logo.png\",\"width\":622,\"height\":88,\"caption\":\"IMAGINOX s.r.o.\"},\"image\":{\"@id\":\"https:\\\/\\\/imaginox.com\\\/de\\\/#\\\/schema\\\/logo\\\/image\\\/\"}}]}<\/script>\n<!-- \/ Yoast SEO plugin. -->","yoast_head_json":{"title":"Sauna und Spa-Design \u2248 IMAGINOX","description":"Das Sch\u00f6ne an \u00dcberlaufbecken ist, dass der Wasserspiegel parallel mit Beckenrand verl\u00e4uft, was den Eindruck eines endlosen Wasserspiegels vermittelt.","robots":{"index":"index","follow":"follow","max-snippet":"max-snippet:-1","max-image-preview":"max-image-preview:large","max-video-preview":"max-video-preview:-1"},"canonical":"https:\/\/imaginox.com\/de\/produkte\/sauna-und-spa-design-x\/","og_locale":"de_DE","og_type":"article","og_title":"Sauna und Spa-Design \u2248 IMAGINOX","og_description":"Das Sch\u00f6ne an \u00dcberlaufbecken ist, dass der Wasserspiegel parallel mit Beckenrand verl\u00e4uft, was den Eindruck eines endlosen Wasserspiegels vermittelt.","og_url":"https:\/\/imaginox.com\/de\/produkte\/sauna-und-spa-design-x\/","og_site_name":"IMAGINOX","article_modified_time":"2025-05-09T22:05:36+00:00","twitter_card":"summary_large_image","schema":{"@context":"https:\/\/schema.org","@graph":[{"@type":"WebPage","@id":"https:\/\/imaginox.com\/de\/produkte\/sauna-und-spa-design-x\/","url":"https:\/\/imaginox.com\/de\/produkte\/sauna-und-spa-design-x\/","name":"Sauna und Spa-Design \u2248 IMAGINOX","isPartOf":{"@id":"https:\/\/imaginox.com\/de\/#website"},"datePublished":"2020-06-18T10:07:11+00:00","dateModified":"2025-05-09T22:05:36+00:00","description":"Das Sch\u00f6ne an \u00dcberlaufbecken ist, dass der Wasserspiegel parallel mit Beckenrand verl\u00e4uft, was den Eindruck eines endlosen Wasserspiegels vermittelt.","breadcrumb":{"@id":"https:\/\/imaginox.com\/de\/produkte\/sauna-und-spa-design-x\/#breadcrumb"},"inLanguage":"de","potentialAction":[{"@type":"ReadAction","target":["https:\/\/imaginox.com\/de\/produkte\/sauna-und-spa-design-x\/"]}]},{"@type":"BreadcrumbList","@id":"https:\/\/imaginox.com\/de\/produkte\/sauna-und-spa-design-x\/#breadcrumb","itemListElement":[{"@type":"ListItem","position":1,"name":"Home","item":"https:\/\/imaginox.com\/de\/"},{"@type":"ListItem","position":2,"name":"Imaginox Produkte","item":"https:\/\/imaginox.com\/de\/produkte\/"},{"@type":"ListItem","position":3,"name":"Saunen &#038; Spa"}]},{"@type":"WebSite","@id":"https:\/\/imaginox.com\/de\/#website","url":"https:\/\/imaginox.com\/de\/","name":"IMAGINOX","description":"Edelstahlbecken, Whirlpools und mehr","publisher":{"@id":"https:\/\/imaginox.com\/de\/#organization"},"potentialAction":[{"@type":"SearchAction","target":{"@type":"EntryPoint","urlTemplate":"https:\/\/imaginox.com\/de\/?s={search_term_string}"},"query-input":{"@type":"PropertyValueSpecification","valueRequired":true,"valueName":"search_term_string"}}],"inLanguage":"de"},{"@type":"Organization","@id":"https:\/\/imaginox.com\/de\/#organization","name":"IMAGINOX s.r.o.","url":"https:\/\/imaginox.com\/de\/","logo":{"@type":"ImageObject","inLanguage":"de","@id":"https:\/\/imaginox.com\/de\/#\/schema\/logo\/image\/","url":"https:\/\/imaginox.com\/wp-content\/uploads\/2021\/04\/imaginox-header-logo.png","contentUrl":"https:\/\/imaginox.com\/wp-content\/uploads\/2021\/04\/imaginox-header-logo.png","width":622,"height":88,"caption":"IMAGINOX s.r.o."},"image":{"@id":"https:\/\/imaginox.com\/de\/#\/schema\/logo\/image\/"}}]}},"_links":{"self":[{"href":"https:\/\/imaginox.com\/de\/wp-json\/wp\/v2\/pages\/4832","targetHints":{"allow":["GET"]}}],"collection":[{"href":"https:\/\/imaginox.com\/de\/wp-json\/wp\/v2\/pages"}],"about":[{"href":"https:\/\/imaginox.com\/de\/wp-json\/wp\/v2\/types\/page"}],"author":[{"embeddable":true,"href":"https:\/\/imaginox.com\/de\/wp-json\/wp\/v2\/users\/1"}],"replies":[{"embeddable":true,"href":"https:\/\/imaginox.com\/de\/wp-json\/wp\/v2\/comments?post=4832"}],"version-history":[{"count":3,"href":"https:\/\/imaginox.com\/de\/wp-json\/wp\/v2\/pages\/4832\/revisions"}],"predecessor-version":[{"id":11155,"href":"https:\/\/imaginox.com\/de\/wp-json\/wp\/v2\/pages\/4832\/revisions\/11155"}],"up":[{"embeddable":true,"href":"https:\/\/imaginox.com\/de\/wp-json\/wp\/v2\/pages\/4818"}],"wp:attachment":[{"href":"https:\/\/imaginox.com\/de\/wp-json\/wp\/v2\/media?parent=4832"}],"curies":[{"name":"wp","href":"https:\/\/api.w.org\/{rel}","templated":true}]}}