{"id":4858,"date":"2020-08-13T08:51:12","date_gmt":"2020-08-13T08:51:12","guid":{"rendered":"https:\/\/imaginox.boost.codes\/arrange-a-meeting\/"},"modified":"2024-04-04T16:13:25","modified_gmt":"2024-04-04T14:13:25","slug":"termin-vereinbaren","status":"publish","type":"page","link":"https:\/\/imaginox.com\/de\/termin-vereinbaren\/","title":{"rendered":"Termin Vereinbaren"},"content":{"rendered":"<section class=\"section--catalogue section--light\">\n<div class=\"inner\">\n<h1 class=\"heading heading--bigger heading--center heading--black heading--underline\">Termin Vereinbaren<\/h1>\n<div class=\"row\">\n<div class=\"col-xs-12 col-sm-12 col-md-2 col-lg-2\"><\/div>\n<div class=\"col-xs-12 col-sm-12 col-md-8 col-lg-8\">\n<p class=\"paragraph paragraph--medium align-center margin-top--05x\">Planen Sie mit uns ein pers\u00f6nliches oder ein Online-Treffen. Bitte f\u00fcllen Sie das nachstehende Formular aus. Wir werden uns ehestm\u00f6glich Ihrer Anfrage widmen. Im Formular k\u00f6nnen Sie auch Ihre Telefonnummer angeben, sodass wir uns bei Ihnen melden.<\/p>\n<\/div>\n<div class=\"col-xs-12 col-sm-12 col-md-2 col-lg-2\"><\/div>\n<\/div>\n<div class=\"section--catalogue-form section--queries-form\"><span class=\"paragraph paragraph--medium section--catalogue-form-required-data input-required\">erforderliche Daten<\/span><\/p>\n<div class=\"boost-space-forms\" id=\"bsf-id-68\"><\/div><script src=\"https:\/\/imaginox.system.boost.space\/api\/custom_form.js?id=68&integrity=2b147345636614ecffd6459e89f33198&el=bsf-id-68&callback=boostSpaceFormsInit&csubmit=boostSpaceFormsSuccessSubmit&lang=de&v=0.4.9\" data-form=\"boost-space\"><\/script>\n<\/div>\n<\/div>\n<p><!-- .inner --><br \/>\n<\/section>\n<p><!-- section products --><\/p>\n","protected":false},"excerpt":{"rendered":"Termin Vereinbaren Planen Sie mit uns ein pers\u00f6nliches oder ein Online-Treffen. Bitte f\u00fcllen Sie das nachstehende Formular aus. Wir werden uns ehestm\u00f6glich Ihrer Anfrage widmen. Im Formular k\u00f6nnen Sie auch Ihre Telefonnummer angeben, sodass wir uns bei Ihnen melden. erforderliche Daten","protected":false},"author":1,"featured_media":0,"parent":0,"menu_order":0,"comment_status":"closed","ping_status":"closed","template":"","meta":{"_acf_changed":false,"inline_featured_image":false,"footnotes":""},"class_list":["post-4858","page","type-page","status-publish","hentry"],"acf":[],"yoast_head":"<!-- This site is optimized with the Yoast SEO plugin v27.3 - https:\/\/yoast.com\/product\/yoast-seo-wordpress\/ -->\n<title>Termin Vereinbaren \u2248 IMAGINOX<\/title>\n<meta name=\"description\" content=\"M\u00f6chten Sie ein pers\u00f6nliches oder online Treffen vereinbaren? Bitte f\u00fcllen Sie diesen Formular aus und wir werden sich so bald wie m\u00f6glich bei Ihnen melden.\" \/>\n<meta name=\"robots\" content=\"index, follow, max-snippet:-1, max-image-preview:large, max-video-preview:-1\" \/>\n<link rel=\"canonical\" href=\"https:\/\/imaginox.com\/de\/termin-vereinbaren\/\" \/>\n<meta property=\"og:locale\" content=\"de_DE\" \/>\n<meta property=\"og:type\" content=\"article\" \/>\n<meta property=\"og:title\" content=\"Termin Vereinbaren \u2248 IMAGINOX\" \/>\n<meta property=\"og:description\" content=\"M\u00f6chten Sie ein pers\u00f6nliches oder online Treffen vereinbaren? Bitte f\u00fcllen Sie diesen Formular aus und wir werden sich so bald wie m\u00f6glich bei Ihnen melden.\" \/>\n<meta property=\"og:url\" content=\"https:\/\/imaginox.com\/de\/termin-vereinbaren\/\" \/>\n<meta property=\"og:site_name\" content=\"IMAGINOX\" \/>\n<meta property=\"article:modified_time\" content=\"2024-04-04T14:13:25+00:00\" \/>\n<meta name=\"twitter:card\" content=\"summary_large_image\" \/>\n<script type=\"application\/ld+json\" class=\"yoast-schema-graph\">{\"@context\":\"https:\\\/\\\/schema.org\",\"@graph\":[{\"@type\":\"WebPage\",\"@id\":\"https:\\\/\\\/imaginox.com\\\/de\\\/termin-vereinbaren\\\/\",\"url\":\"https:\\\/\\\/imaginox.com\\\/de\\\/termin-vereinbaren\\\/\",\"name\":\"Termin Vereinbaren \u2248 IMAGINOX\",\"isPartOf\":{\"@id\":\"https:\\\/\\\/imaginox.com\\\/de\\\/#website\"},\"datePublished\":\"2020-08-13T08:51:12+00:00\",\"dateModified\":\"2024-04-04T14:13:25+00:00\",\"description\":\"M\u00f6chten Sie ein pers\u00f6nliches oder online Treffen vereinbaren? Bitte f\u00fcllen Sie diesen Formular aus und wir werden sich so bald wie m\u00f6glich bei Ihnen melden.\",\"breadcrumb\":{\"@id\":\"https:\\\/\\\/imaginox.com\\\/de\\\/termin-vereinbaren\\\/#breadcrumb\"},\"inLanguage\":\"de\",\"potentialAction\":[{\"@type\":\"ReadAction\",\"target\":[\"https:\\\/\\\/imaginox.com\\\/de\\\/termin-vereinbaren\\\/\"]}]},{\"@type\":\"BreadcrumbList\",\"@id\":\"https:\\\/\\\/imaginox.com\\\/de\\\/termin-vereinbaren\\\/#breadcrumb\",\"itemListElement\":[{\"@type\":\"ListItem\",\"position\":1,\"name\":\"Home\",\"item\":\"https:\\\/\\\/imaginox.com\\\/de\\\/\"},{\"@type\":\"ListItem\",\"position\":2,\"name\":\"Termin Vereinbaren\"}]},{\"@type\":\"WebSite\",\"@id\":\"https:\\\/\\\/imaginox.com\\\/de\\\/#website\",\"url\":\"https:\\\/\\\/imaginox.com\\\/de\\\/\",\"name\":\"IMAGINOX\",\"description\":\"Edelstahlbecken, Whirlpools und mehr\",\"publisher\":{\"@id\":\"https:\\\/\\\/imaginox.com\\\/de\\\/#organization\"},\"potentialAction\":[{\"@type\":\"SearchAction\",\"target\":{\"@type\":\"EntryPoint\",\"urlTemplate\":\"https:\\\/\\\/imaginox.com\\\/de\\\/?s={search_term_string}\"},\"query-input\":{\"@type\":\"PropertyValueSpecification\",\"valueRequired\":true,\"valueName\":\"search_term_string\"}}],\"inLanguage\":\"de\"},{\"@type\":\"Organization\",\"@id\":\"https:\\\/\\\/imaginox.com\\\/de\\\/#organization\",\"name\":\"IMAGINOX s.r.o.\",\"url\":\"https:\\\/\\\/imaginox.com\\\/de\\\/\",\"logo\":{\"@type\":\"ImageObject\",\"inLanguage\":\"de\",\"@id\":\"https:\\\/\\\/imaginox.com\\\/de\\\/#\\\/schema\\\/logo\\\/image\\\/\",\"url\":\"https:\\\/\\\/imaginox.com\\\/wp-content\\\/uploads\\\/2021\\\/04\\\/imaginox-header-logo.png\",\"contentUrl\":\"https:\\\/\\\/imaginox.com\\\/wp-content\\\/uploads\\\/2021\\\/04\\\/imaginox-header-logo.png\",\"width\":622,\"height\":88,\"caption\":\"IMAGINOX s.r.o.\"},\"image\":{\"@id\":\"https:\\\/\\\/imaginox.com\\\/de\\\/#\\\/schema\\\/logo\\\/image\\\/\"}}]}<\/script>\n<!-- \/ Yoast SEO plugin. -->","yoast_head_json":{"title":"Termin Vereinbaren \u2248 IMAGINOX","description":"M\u00f6chten Sie ein pers\u00f6nliches oder online Treffen vereinbaren? Bitte f\u00fcllen Sie diesen Formular aus und wir werden sich so bald wie m\u00f6glich bei Ihnen melden.","robots":{"index":"index","follow":"follow","max-snippet":"max-snippet:-1","max-image-preview":"max-image-preview:large","max-video-preview":"max-video-preview:-1"},"canonical":"https:\/\/imaginox.com\/de\/termin-vereinbaren\/","og_locale":"de_DE","og_type":"article","og_title":"Termin Vereinbaren \u2248 IMAGINOX","og_description":"M\u00f6chten Sie ein pers\u00f6nliches oder online Treffen vereinbaren? Bitte f\u00fcllen Sie diesen Formular aus und wir werden sich so bald wie m\u00f6glich bei Ihnen melden.","og_url":"https:\/\/imaginox.com\/de\/termin-vereinbaren\/","og_site_name":"IMAGINOX","article_modified_time":"2024-04-04T14:13:25+00:00","twitter_card":"summary_large_image","schema":{"@context":"https:\/\/schema.org","@graph":[{"@type":"WebPage","@id":"https:\/\/imaginox.com\/de\/termin-vereinbaren\/","url":"https:\/\/imaginox.com\/de\/termin-vereinbaren\/","name":"Termin Vereinbaren \u2248 IMAGINOX","isPartOf":{"@id":"https:\/\/imaginox.com\/de\/#website"},"datePublished":"2020-08-13T08:51:12+00:00","dateModified":"2024-04-04T14:13:25+00:00","description":"M\u00f6chten Sie ein pers\u00f6nliches oder online Treffen vereinbaren? Bitte f\u00fcllen Sie diesen Formular aus und wir werden sich so bald wie m\u00f6glich bei Ihnen melden.","breadcrumb":{"@id":"https:\/\/imaginox.com\/de\/termin-vereinbaren\/#breadcrumb"},"inLanguage":"de","potentialAction":[{"@type":"ReadAction","target":["https:\/\/imaginox.com\/de\/termin-vereinbaren\/"]}]},{"@type":"BreadcrumbList","@id":"https:\/\/imaginox.com\/de\/termin-vereinbaren\/#breadcrumb","itemListElement":[{"@type":"ListItem","position":1,"name":"Home","item":"https:\/\/imaginox.com\/de\/"},{"@type":"ListItem","position":2,"name":"Termin Vereinbaren"}]},{"@type":"WebSite","@id":"https:\/\/imaginox.com\/de\/#website","url":"https:\/\/imaginox.com\/de\/","name":"IMAGINOX","description":"Edelstahlbecken, Whirlpools und mehr","publisher":{"@id":"https:\/\/imaginox.com\/de\/#organization"},"potentialAction":[{"@type":"SearchAction","target":{"@type":"EntryPoint","urlTemplate":"https:\/\/imaginox.com\/de\/?s={search_term_string}"},"query-input":{"@type":"PropertyValueSpecification","valueRequired":true,"valueName":"search_term_string"}}],"inLanguage":"de"},{"@type":"Organization","@id":"https:\/\/imaginox.com\/de\/#organization","name":"IMAGINOX s.r.o.","url":"https:\/\/imaginox.com\/de\/","logo":{"@type":"ImageObject","inLanguage":"de","@id":"https:\/\/imaginox.com\/de\/#\/schema\/logo\/image\/","url":"https:\/\/imaginox.com\/wp-content\/uploads\/2021\/04\/imaginox-header-logo.png","contentUrl":"https:\/\/imaginox.com\/wp-content\/uploads\/2021\/04\/imaginox-header-logo.png","width":622,"height":88,"caption":"IMAGINOX s.r.o."},"image":{"@id":"https:\/\/imaginox.com\/de\/#\/schema\/logo\/image\/"}}]}},"_links":{"self":[{"href":"https:\/\/imaginox.com\/de\/wp-json\/wp\/v2\/pages\/4858","targetHints":{"allow":["GET"]}}],"collection":[{"href":"https:\/\/imaginox.com\/de\/wp-json\/wp\/v2\/pages"}],"about":[{"href":"https:\/\/imaginox.com\/de\/wp-json\/wp\/v2\/types\/page"}],"author":[{"embeddable":true,"href":"https:\/\/imaginox.com\/de\/wp-json\/wp\/v2\/users\/1"}],"replies":[{"embeddable":true,"href":"https:\/\/imaginox.com\/de\/wp-json\/wp\/v2\/comments?post=4858"}],"version-history":[{"count":7,"href":"https:\/\/imaginox.com\/de\/wp-json\/wp\/v2\/pages\/4858\/revisions"}],"predecessor-version":[{"id":11269,"href":"https:\/\/imaginox.com\/de\/wp-json\/wp\/v2\/pages\/4858\/revisions\/11269"}],"wp:attachment":[{"href":"https:\/\/imaginox.com\/de\/wp-json\/wp\/v2\/media?parent=4858"}],"curies":[{"name":"wp","href":"https:\/\/api.w.org\/{rel}","templated":true}]}}