{"id":4860,"date":"2020-06-18T10:06:29","date_gmt":"2020-06-18T10:06:29","guid":{"rendered":"https:\/\/imaginox.boost.codes\/products\/stainless-steel-spa-products\/"},"modified":"2025-05-10T00:10:43","modified_gmt":"2025-05-09T22:10:43","slug":"wellness-planung-x","status":"publish","type":"page","link":"https:\/\/imaginox.com\/de\/produkte\/wellness-planung-x\/","title":{"rendered":"Projektierung und Umsetzung von Wellness"},"content":{"rendered":"","protected":false},"excerpt":{"rendered":"","protected":false},"author":1,"featured_media":0,"parent":4818,"menu_order":0,"comment_status":"closed","ping_status":"closed","template":"products-wellness.php","meta":{"_acf_changed":false,"inline_featured_image":false,"footnotes":""},"class_list":["post-4860","page","type-page","status-publish","hentry"],"acf":[],"yoast_head":"<!-- This site is optimized with the Yoast SEO plugin v27.3 - https:\/\/yoast.com\/product\/yoast-seo-wordpress\/ -->\n<title>Projektierung und Umsetzung von Wellness \u2248 IMAGINOX<\/title>\n<meta name=\"description\" content=\"W\u00e4hlen Sie aus unserem Angebot der Pools, der Whirlpools, der Saunen, der Hubb\u00f6den und begehbaren Terrassen oder lassen Sie sich von uns eine komplette L\u00f6sung des h\u00e4uslichen Badebereiches erstellen. Unsere erfahrenen Architekten und Designer stehen Ihnen zur Verf\u00fcgung, um Ihnen bei der Schaffung Ihres idealen Ortes der Entspannung zu helfen.\" \/>\n<meta name=\"robots\" content=\"index, follow, max-snippet:-1, max-image-preview:large, max-video-preview:-1\" \/>\n<link rel=\"canonical\" href=\"https:\/\/imaginox.com\/de\/produkte\/wellness-planung-x\/\" \/>\n<meta property=\"og:locale\" content=\"de_DE\" \/>\n<meta property=\"og:type\" content=\"article\" \/>\n<meta property=\"og:title\" content=\"Projektierung und Umsetzung von Wellness \u2248 IMAGINOX\" \/>\n<meta property=\"og:description\" content=\"W\u00e4hlen Sie aus unserem Angebot der Pools, der Whirlpools, der Saunen, der Hubb\u00f6den und begehbaren Terrassen oder lassen Sie sich von uns eine komplette L\u00f6sung des h\u00e4uslichen Badebereiches erstellen. Unsere erfahrenen Architekten und Designer stehen Ihnen zur Verf\u00fcgung, um Ihnen bei der Schaffung Ihres idealen Ortes der Entspannung zu helfen.\" \/>\n<meta property=\"og:url\" content=\"https:\/\/imaginox.com\/de\/produkte\/wellness-planung-x\/\" \/>\n<meta property=\"og:site_name\" content=\"IMAGINOX\" \/>\n<meta property=\"article:modified_time\" content=\"2025-05-09T22:10:43+00:00\" \/>\n<meta name=\"twitter:card\" content=\"summary_large_image\" \/>\n<script type=\"application\/ld+json\" class=\"yoast-schema-graph\">{\"@context\":\"https:\\\/\\\/schema.org\",\"@graph\":[{\"@type\":\"WebPage\",\"@id\":\"https:\\\/\\\/imaginox.com\\\/de\\\/produkte\\\/wellness-planung-x\\\/\",\"url\":\"https:\\\/\\\/imaginox.com\\\/de\\\/produkte\\\/wellness-planung-x\\\/\",\"name\":\"Projektierung und Umsetzung von Wellness \u2248 IMAGINOX\",\"isPartOf\":{\"@id\":\"https:\\\/\\\/imaginox.com\\\/de\\\/#website\"},\"datePublished\":\"2020-06-18T10:06:29+00:00\",\"dateModified\":\"2025-05-09T22:10:43+00:00\",\"description\":\"W\u00e4hlen Sie aus unserem Angebot der Pools, der Whirlpools, der Saunen, der Hubb\u00f6den und begehbaren Terrassen oder lassen Sie sich von uns eine komplette L\u00f6sung des h\u00e4uslichen Badebereiches erstellen. Unsere erfahrenen Architekten und Designer stehen Ihnen zur Verf\u00fcgung, um Ihnen bei der Schaffung Ihres idealen Ortes der Entspannung zu helfen.\",\"breadcrumb\":{\"@id\":\"https:\\\/\\\/imaginox.com\\\/de\\\/produkte\\\/wellness-planung-x\\\/#breadcrumb\"},\"inLanguage\":\"de\",\"potentialAction\":[{\"@type\":\"ReadAction\",\"target\":[\"https:\\\/\\\/imaginox.com\\\/de\\\/produkte\\\/wellness-planung-x\\\/\"]}]},{\"@type\":\"BreadcrumbList\",\"@id\":\"https:\\\/\\\/imaginox.com\\\/de\\\/produkte\\\/wellness-planung-x\\\/#breadcrumb\",\"itemListElement\":[{\"@type\":\"ListItem\",\"position\":1,\"name\":\"Home\",\"item\":\"https:\\\/\\\/imaginox.com\\\/de\\\/\"},{\"@type\":\"ListItem\",\"position\":2,\"name\":\"Imaginox Produkte\",\"item\":\"https:\\\/\\\/imaginox.com\\\/de\\\/produkte\\\/\"},{\"@type\":\"ListItem\",\"position\":3,\"name\":\"Projektierung und Umsetzung von Wellness\"}]},{\"@type\":\"WebSite\",\"@id\":\"https:\\\/\\\/imaginox.com\\\/de\\\/#website\",\"url\":\"https:\\\/\\\/imaginox.com\\\/de\\\/\",\"name\":\"IMAGINOX\",\"description\":\"Edelstahlbecken, Whirlpools und mehr\",\"publisher\":{\"@id\":\"https:\\\/\\\/imaginox.com\\\/de\\\/#organization\"},\"potentialAction\":[{\"@type\":\"SearchAction\",\"target\":{\"@type\":\"EntryPoint\",\"urlTemplate\":\"https:\\\/\\\/imaginox.com\\\/de\\\/?s={search_term_string}\"},\"query-input\":{\"@type\":\"PropertyValueSpecification\",\"valueRequired\":true,\"valueName\":\"search_term_string\"}}],\"inLanguage\":\"de\"},{\"@type\":\"Organization\",\"@id\":\"https:\\\/\\\/imaginox.com\\\/de\\\/#organization\",\"name\":\"IMAGINOX s.r.o.\",\"url\":\"https:\\\/\\\/imaginox.com\\\/de\\\/\",\"logo\":{\"@type\":\"ImageObject\",\"inLanguage\":\"de\",\"@id\":\"https:\\\/\\\/imaginox.com\\\/de\\\/#\\\/schema\\\/logo\\\/image\\\/\",\"url\":\"https:\\\/\\\/imaginox.com\\\/wp-content\\\/uploads\\\/2021\\\/04\\\/imaginox-header-logo.png\",\"contentUrl\":\"https:\\\/\\\/imaginox.com\\\/wp-content\\\/uploads\\\/2021\\\/04\\\/imaginox-header-logo.png\",\"width\":622,\"height\":88,\"caption\":\"IMAGINOX s.r.o.\"},\"image\":{\"@id\":\"https:\\\/\\\/imaginox.com\\\/de\\\/#\\\/schema\\\/logo\\\/image\\\/\"}}]}<\/script>\n<!-- \/ Yoast SEO plugin. -->","yoast_head_json":{"title":"Projektierung und Umsetzung von Wellness \u2248 IMAGINOX","description":"W\u00e4hlen Sie aus unserem Angebot der Pools, der Whirlpools, der Saunen, der Hubb\u00f6den und begehbaren Terrassen oder lassen Sie sich von uns eine komplette L\u00f6sung des h\u00e4uslichen Badebereiches erstellen. Unsere erfahrenen Architekten und Designer stehen Ihnen zur Verf\u00fcgung, um Ihnen bei der Schaffung Ihres idealen Ortes der Entspannung zu helfen.","robots":{"index":"index","follow":"follow","max-snippet":"max-snippet:-1","max-image-preview":"max-image-preview:large","max-video-preview":"max-video-preview:-1"},"canonical":"https:\/\/imaginox.com\/de\/produkte\/wellness-planung-x\/","og_locale":"de_DE","og_type":"article","og_title":"Projektierung und Umsetzung von Wellness \u2248 IMAGINOX","og_description":"W\u00e4hlen Sie aus unserem Angebot der Pools, der Whirlpools, der Saunen, der Hubb\u00f6den und begehbaren Terrassen oder lassen Sie sich von uns eine komplette L\u00f6sung des h\u00e4uslichen Badebereiches erstellen. Unsere erfahrenen Architekten und Designer stehen Ihnen zur Verf\u00fcgung, um Ihnen bei der Schaffung Ihres idealen Ortes der Entspannung zu helfen.","og_url":"https:\/\/imaginox.com\/de\/produkte\/wellness-planung-x\/","og_site_name":"IMAGINOX","article_modified_time":"2025-05-09T22:10:43+00:00","twitter_card":"summary_large_image","schema":{"@context":"https:\/\/schema.org","@graph":[{"@type":"WebPage","@id":"https:\/\/imaginox.com\/de\/produkte\/wellness-planung-x\/","url":"https:\/\/imaginox.com\/de\/produkte\/wellness-planung-x\/","name":"Projektierung und Umsetzung von Wellness \u2248 IMAGINOX","isPartOf":{"@id":"https:\/\/imaginox.com\/de\/#website"},"datePublished":"2020-06-18T10:06:29+00:00","dateModified":"2025-05-09T22:10:43+00:00","description":"W\u00e4hlen Sie aus unserem Angebot der Pools, der Whirlpools, der Saunen, der Hubb\u00f6den und begehbaren Terrassen oder lassen Sie sich von uns eine komplette L\u00f6sung des h\u00e4uslichen Badebereiches erstellen. Unsere erfahrenen Architekten und Designer stehen Ihnen zur Verf\u00fcgung, um Ihnen bei der Schaffung Ihres idealen Ortes der Entspannung zu helfen.","breadcrumb":{"@id":"https:\/\/imaginox.com\/de\/produkte\/wellness-planung-x\/#breadcrumb"},"inLanguage":"de","potentialAction":[{"@type":"ReadAction","target":["https:\/\/imaginox.com\/de\/produkte\/wellness-planung-x\/"]}]},{"@type":"BreadcrumbList","@id":"https:\/\/imaginox.com\/de\/produkte\/wellness-planung-x\/#breadcrumb","itemListElement":[{"@type":"ListItem","position":1,"name":"Home","item":"https:\/\/imaginox.com\/de\/"},{"@type":"ListItem","position":2,"name":"Imaginox Produkte","item":"https:\/\/imaginox.com\/de\/produkte\/"},{"@type":"ListItem","position":3,"name":"Projektierung und Umsetzung von Wellness"}]},{"@type":"WebSite","@id":"https:\/\/imaginox.com\/de\/#website","url":"https:\/\/imaginox.com\/de\/","name":"IMAGINOX","description":"Edelstahlbecken, Whirlpools und mehr","publisher":{"@id":"https:\/\/imaginox.com\/de\/#organization"},"potentialAction":[{"@type":"SearchAction","target":{"@type":"EntryPoint","urlTemplate":"https:\/\/imaginox.com\/de\/?s={search_term_string}"},"query-input":{"@type":"PropertyValueSpecification","valueRequired":true,"valueName":"search_term_string"}}],"inLanguage":"de"},{"@type":"Organization","@id":"https:\/\/imaginox.com\/de\/#organization","name":"IMAGINOX s.r.o.","url":"https:\/\/imaginox.com\/de\/","logo":{"@type":"ImageObject","inLanguage":"de","@id":"https:\/\/imaginox.com\/de\/#\/schema\/logo\/image\/","url":"https:\/\/imaginox.com\/wp-content\/uploads\/2021\/04\/imaginox-header-logo.png","contentUrl":"https:\/\/imaginox.com\/wp-content\/uploads\/2021\/04\/imaginox-header-logo.png","width":622,"height":88,"caption":"IMAGINOX s.r.o."},"image":{"@id":"https:\/\/imaginox.com\/de\/#\/schema\/logo\/image\/"}}]}},"_links":{"self":[{"href":"https:\/\/imaginox.com\/de\/wp-json\/wp\/v2\/pages\/4860","targetHints":{"allow":["GET"]}}],"collection":[{"href":"https:\/\/imaginox.com\/de\/wp-json\/wp\/v2\/pages"}],"about":[{"href":"https:\/\/imaginox.com\/de\/wp-json\/wp\/v2\/types\/page"}],"author":[{"embeddable":true,"href":"https:\/\/imaginox.com\/de\/wp-json\/wp\/v2\/users\/1"}],"replies":[{"embeddable":true,"href":"https:\/\/imaginox.com\/de\/wp-json\/wp\/v2\/comments?post=4860"}],"version-history":[{"count":3,"href":"https:\/\/imaginox.com\/de\/wp-json\/wp\/v2\/pages\/4860\/revisions"}],"predecessor-version":[{"id":11166,"href":"https:\/\/imaginox.com\/de\/wp-json\/wp\/v2\/pages\/4860\/revisions\/11166"}],"up":[{"embeddable":true,"href":"https:\/\/imaginox.com\/de\/wp-json\/wp\/v2\/pages\/4818"}],"wp:attachment":[{"href":"https:\/\/imaginox.com\/de\/wp-json\/wp\/v2\/media?parent=4860"}],"curies":[{"name":"wp","href":"https:\/\/api.w.org\/{rel}","templated":true}]}}