{"id":12717,"date":"2020-08-13T08:51:12","date_gmt":"2020-08-13T08:51:12","guid":{"rendered":"https:\/\/imaginox.com\/arrange-a-meeting\/"},"modified":"2025-01-22T19:21:42","modified_gmt":"2025-01-22T17:21:42","slug":"fixer-un-rdv","status":"publish","type":"page","link":"https:\/\/imaginox.com\/fr\/fixer-un-rdv\/","title":{"rendered":"Fixer un rdv"},"content":{"rendered":"<section class=\"section--catalogue section--light\">\n<div class=\"inner\">\n<h1 class=\"heading heading--bigger heading--center heading--black heading--underline\">Fixer un rendez-vou<\/h1>\n<div class=\"row\">\n<div class=\"col-xs-12 col-sm-12 col-md-2 col-lg-2\"><\/div>\n<div class=\"col-xs-12 col-sm-12 col-md-8 col-lg-8\">\n<p class=\"paragraph paragraph--medium align-center margin-top--05x\">Vous pouvez prendre un rdv en personne ou en ligne. Veuillez remplir le formulaire ci-dessous. Nous traiterons votre demande dans les plus brefs d\u00e9lais. Vous pouvez \u00e9galement renseigner votre num\u00e9ro de t\u00e9l\u00e9phone dans le formulaire et nous vous rappellerons.<\/p>\n<\/div>\n<div class=\"col-xs-12 col-sm-12 col-md-2 col-lg-2\"><\/div>\n<\/div>\n<div class=\"section--catalogue-form section--queries-form\"><span class=\"paragraph paragraph--medium section--catalogue-form-required-data input-required\">informations n\u00e9cessaires<\/span><\/p>\n<div class=\"boost-space-forms\" id=\"bsf-id-84\"><\/div><script src=\"https:\/\/imaginox.system.boost.space\/api\/custom_form.js?id=84&integrity=2a177d32c7ec35c0212b30fac80c2609&el=bsf-id-84&callback=boostSpaceFormsInit&csubmit=boostSpaceFormsSuccessSubmit&lang=fr&v=0.4.9\" data-form=\"boost-space\"><\/script>\n<\/div>\n<\/div>\n<p><!-- .inner --><br \/>\n<\/section>\n<p><!-- section products --><\/p>\n","protected":false},"excerpt":{"rendered":"Fixer un rendez-vou Vous pouvez prendre un rdv en personne ou en ligne. Veuillez remplir le formulaire ci-dessous. Nous traiterons votre demande dans les plus brefs d\u00e9lais. Vous pouvez \u00e9galement renseigner votre num\u00e9ro de t\u00e9l\u00e9phone dans le formulaire et nous vous rappellerons. informations n\u00e9cessaires","protected":false},"author":1,"featured_media":0,"parent":0,"menu_order":0,"comment_status":"closed","ping_status":"closed","template":"","meta":{"_acf_changed":false,"inline_featured_image":false,"footnotes":""},"class_list":["post-12717","page","type-page","status-publish","hentry"],"acf":[],"yoast_head":"<!-- This site is optimized with the Yoast SEO plugin v27.3 - https:\/\/yoast.com\/product\/yoast-seo-wordpress\/ -->\n<title>Fixer un rdv \u2248 IMAGINOX GROUP<\/title>\n<meta name=\"description\" content=\"Do you want to arrange a meeting in person or online? Please fill out the form and we will reply to you as soon as we can.\" \/>\n<meta name=\"robots\" content=\"index, follow, max-snippet:-1, max-image-preview:large, max-video-preview:-1\" \/>\n<link rel=\"canonical\" href=\"https:\/\/imaginox.com\/fr\/fixer-un-rdv\/\" \/>\n<meta property=\"og:locale\" content=\"fr_FR\" \/>\n<meta property=\"og:type\" content=\"article\" \/>\n<meta property=\"og:title\" content=\"Fixer un rdv \u2248 IMAGINOX GROUP\" \/>\n<meta property=\"og:description\" content=\"Do you want to arrange a meeting in person or online? Please fill out the form and we will reply to you as soon as we can.\" \/>\n<meta property=\"og:url\" content=\"https:\/\/imaginox.com\/fr\/fixer-un-rdv\/\" \/>\n<meta property=\"og:site_name\" content=\"IMAGINOX GROUP\" \/>\n<meta property=\"article:modified_time\" content=\"2025-01-22T17:21:42+00:00\" \/>\n<meta name=\"twitter:card\" content=\"summary_large_image\" \/>\n<script type=\"application\/ld+json\" class=\"yoast-schema-graph\">{\"@context\":\"https:\\\/\\\/schema.org\",\"@graph\":[{\"@type\":\"WebPage\",\"@id\":\"https:\\\/\\\/imaginox.com\\\/fr\\\/fixer-un-rdv\\\/\",\"url\":\"https:\\\/\\\/imaginox.com\\\/fr\\\/fixer-un-rdv\\\/\",\"name\":\"Fixer un rdv \u2248 IMAGINOX GROUP\",\"isPartOf\":{\"@id\":\"https:\\\/\\\/imaginox.com\\\/fr\\\/#website\"},\"datePublished\":\"2020-08-13T08:51:12+00:00\",\"dateModified\":\"2025-01-22T17:21:42+00:00\",\"description\":\"Do you want to arrange a meeting in person or online? Please fill out the form and we will reply to you as soon as we can.\",\"breadcrumb\":{\"@id\":\"https:\\\/\\\/imaginox.com\\\/fr\\\/fixer-un-rdv\\\/#breadcrumb\"},\"inLanguage\":\"fr-FR\",\"potentialAction\":[{\"@type\":\"ReadAction\",\"target\":[\"https:\\\/\\\/imaginox.com\\\/fr\\\/fixer-un-rdv\\\/\"]}]},{\"@type\":\"BreadcrumbList\",\"@id\":\"https:\\\/\\\/imaginox.com\\\/fr\\\/fixer-un-rdv\\\/#breadcrumb\",\"itemListElement\":[{\"@type\":\"ListItem\",\"position\":1,\"name\":\"Home\",\"item\":\"https:\\\/\\\/imaginox.com\\\/fr\\\/\"},{\"@type\":\"ListItem\",\"position\":2,\"name\":\"Fixer un rdv\"}]},{\"@type\":\"WebSite\",\"@id\":\"https:\\\/\\\/imaginox.com\\\/fr\\\/#website\",\"url\":\"https:\\\/\\\/imaginox.com\\\/fr\\\/\",\"name\":\"IMAGINOX GROUP\",\"description\":\"Welcome to the World of Well-being\",\"publisher\":{\"@id\":\"https:\\\/\\\/imaginox.com\\\/fr\\\/#organization\"},\"potentialAction\":[{\"@type\":\"SearchAction\",\"target\":{\"@type\":\"EntryPoint\",\"urlTemplate\":\"https:\\\/\\\/imaginox.com\\\/fr\\\/?s={search_term_string}\"},\"query-input\":{\"@type\":\"PropertyValueSpecification\",\"valueRequired\":true,\"valueName\":\"search_term_string\"}}],\"inLanguage\":\"fr-FR\"},{\"@type\":\"Organization\",\"@id\":\"https:\\\/\\\/imaginox.com\\\/fr\\\/#organization\",\"name\":\"IMAGINOX s.r.o.\",\"url\":\"https:\\\/\\\/imaginox.com\\\/fr\\\/\",\"logo\":{\"@type\":\"ImageObject\",\"inLanguage\":\"fr-FR\",\"@id\":\"https:\\\/\\\/imaginox.com\\\/fr\\\/#\\\/schema\\\/logo\\\/image\\\/\",\"url\":\"https:\\\/\\\/imaginox.com\\\/wp-content\\\/uploads\\\/2021\\\/04\\\/imaginox-header-logo.png\",\"contentUrl\":\"https:\\\/\\\/imaginox.com\\\/wp-content\\\/uploads\\\/2021\\\/04\\\/imaginox-header-logo.png\",\"width\":622,\"height\":88,\"caption\":\"IMAGINOX s.r.o.\"},\"image\":{\"@id\":\"https:\\\/\\\/imaginox.com\\\/fr\\\/#\\\/schema\\\/logo\\\/image\\\/\"}}]}<\/script>\n<!-- \/ Yoast SEO plugin. -->","yoast_head_json":{"title":"Fixer un rdv \u2248 IMAGINOX GROUP","description":"Do you want to arrange a meeting in person or online? Please fill out the form and we will reply to you as soon as we can.","robots":{"index":"index","follow":"follow","max-snippet":"max-snippet:-1","max-image-preview":"max-image-preview:large","max-video-preview":"max-video-preview:-1"},"canonical":"https:\/\/imaginox.com\/fr\/fixer-un-rdv\/","og_locale":"fr_FR","og_type":"article","og_title":"Fixer un rdv \u2248 IMAGINOX GROUP","og_description":"Do you want to arrange a meeting in person or online? Please fill out the form and we will reply to you as soon as we can.","og_url":"https:\/\/imaginox.com\/fr\/fixer-un-rdv\/","og_site_name":"IMAGINOX GROUP","article_modified_time":"2025-01-22T17:21:42+00:00","twitter_card":"summary_large_image","schema":{"@context":"https:\/\/schema.org","@graph":[{"@type":"WebPage","@id":"https:\/\/imaginox.com\/fr\/fixer-un-rdv\/","url":"https:\/\/imaginox.com\/fr\/fixer-un-rdv\/","name":"Fixer un rdv \u2248 IMAGINOX GROUP","isPartOf":{"@id":"https:\/\/imaginox.com\/fr\/#website"},"datePublished":"2020-08-13T08:51:12+00:00","dateModified":"2025-01-22T17:21:42+00:00","description":"Do you want to arrange a meeting in person or online? Please fill out the form and we will reply to you as soon as we can.","breadcrumb":{"@id":"https:\/\/imaginox.com\/fr\/fixer-un-rdv\/#breadcrumb"},"inLanguage":"fr-FR","potentialAction":[{"@type":"ReadAction","target":["https:\/\/imaginox.com\/fr\/fixer-un-rdv\/"]}]},{"@type":"BreadcrumbList","@id":"https:\/\/imaginox.com\/fr\/fixer-un-rdv\/#breadcrumb","itemListElement":[{"@type":"ListItem","position":1,"name":"Home","item":"https:\/\/imaginox.com\/fr\/"},{"@type":"ListItem","position":2,"name":"Fixer un rdv"}]},{"@type":"WebSite","@id":"https:\/\/imaginox.com\/fr\/#website","url":"https:\/\/imaginox.com\/fr\/","name":"IMAGINOX GROUP","description":"Welcome to the World of Well-being","publisher":{"@id":"https:\/\/imaginox.com\/fr\/#organization"},"potentialAction":[{"@type":"SearchAction","target":{"@type":"EntryPoint","urlTemplate":"https:\/\/imaginox.com\/fr\/?s={search_term_string}"},"query-input":{"@type":"PropertyValueSpecification","valueRequired":true,"valueName":"search_term_string"}}],"inLanguage":"fr-FR"},{"@type":"Organization","@id":"https:\/\/imaginox.com\/fr\/#organization","name":"IMAGINOX s.r.o.","url":"https:\/\/imaginox.com\/fr\/","logo":{"@type":"ImageObject","inLanguage":"fr-FR","@id":"https:\/\/imaginox.com\/fr\/#\/schema\/logo\/image\/","url":"https:\/\/imaginox.com\/wp-content\/uploads\/2021\/04\/imaginox-header-logo.png","contentUrl":"https:\/\/imaginox.com\/wp-content\/uploads\/2021\/04\/imaginox-header-logo.png","width":622,"height":88,"caption":"IMAGINOX s.r.o."},"image":{"@id":"https:\/\/imaginox.com\/fr\/#\/schema\/logo\/image\/"}}]}},"_links":{"self":[{"href":"https:\/\/imaginox.com\/fr\/wp-json\/wp\/v2\/pages\/12717","targetHints":{"allow":["GET"]}}],"collection":[{"href":"https:\/\/imaginox.com\/fr\/wp-json\/wp\/v2\/pages"}],"about":[{"href":"https:\/\/imaginox.com\/fr\/wp-json\/wp\/v2\/types\/page"}],"author":[{"embeddable":true,"href":"https:\/\/imaginox.com\/fr\/wp-json\/wp\/v2\/users\/1"}],"replies":[{"embeddable":true,"href":"https:\/\/imaginox.com\/fr\/wp-json\/wp\/v2\/comments?post=12717"}],"version-history":[{"count":3,"href":"https:\/\/imaginox.com\/fr\/wp-json\/wp\/v2\/pages\/12717\/revisions"}],"predecessor-version":[{"id":12894,"href":"https:\/\/imaginox.com\/fr\/wp-json\/wp\/v2\/pages\/12717\/revisions\/12894"}],"wp:attachment":[{"href":"https:\/\/imaginox.com\/fr\/wp-json\/wp\/v2\/media?parent=12717"}],"curies":[{"name":"wp","href":"https:\/\/api.w.org\/{rel}","templated":true}]}}