{"id":12858,"date":"2025-01-19T17:49:52","date_gmt":"2025-01-19T15:49:52","guid":{"rendered":"https:\/\/imaginox.com\/?page_id=12858"},"modified":"2025-01-22T16:14:05","modified_gmt":"2025-01-22T14:14:05","slug":"catalogue-a-telecharger","status":"publish","type":"page","link":"https:\/\/imaginox.com\/fr\/catalogue-a-telecharger\/","title":{"rendered":"Catalogue a telecharger"},"content":{"rendered":"<section class=\"section--catalogue section--light\">\n<div class=\"inner\">\n<h1 class=\"heading heading--bigger heading--center heading--black heading--underline\">Merci de votre int\u00e9r\u00eat<br \/>\n<\/h1>\n<div class=\"row\">\n<div class=\"col-xs-12 col-sm-12 col-md-2 col-lg-2\"><\/div>\n<div class=\"col-xs-12 col-sm-12 col-md-8 col-lg-8\">\n<p class=\"paragraph paragraph--medium align-center margin-top--05x\">T\u00e9l\u00e9chargez notre livre de r\u00e9f\u00e9rence et le catalogue des piscines IMAGINOX.<\/p>\n<\/div>\n<div class=\"col-xs-12 col-sm-12 col-md-2 col-lg-2\"><\/div>\n<\/div>\n<div class=\"section--catalogue-form\" style=\"padding:80px 50px\">\n<div class=\"row\" style=\"margin-bottom:25px\">\n<div class=\"col-md-4 col-md-offset-2\">\n                    <img decoding=\"async\" src=\"https:\/\/imaginox.com\/wp-content\/uploads\/2024\/04\/IMAGINOX_kniha_referenci_EN_Stranka_01.jpg\"\n                        style=\"box-shadow: 1px 1px 3px 1px #b7b7b7;\" alt=\"Katalog Sundancespas\" class=\"img-catalog\"\n                        width=\"300\">\n                <\/div>\n<div class=\"col-md-5 catalogue-download-button-margin\">\n                    <a href=\"https:\/\/imaginox.com\/fr\/telecharger-le-livre-de-references\/\" rel=\"noopener noreferrer\"\n                        class=\"button button--small button--arrow button--shadow\">T\u00e9l\u00e9charger le livre de r\u00e9f\u00e9rence en pdf<\/a>\n                <\/div><\/div>\n<div class=\"row\">\n<div class=\"col-md-4 col-md-offset-2\">\n                    <img decoding=\"async\" src=\"https:\/\/imaginox.com\/wp-content\/uploads\/2024\/04\/Katalog_IMAGINOX_nahled.jpg\"\n                        style=\"box-shadow: 1px 1px 3px 1px #b7b7b7;\" alt=\"Katalog Sundancespas\" class=\"img-catalog\"\n                        width=\"300\">\n                <\/div>\n<div class=\"col-md-5 catalogue-download-button-margin\">\n                    <a href=\"https:\/\/imaginox.com\/fr\/telecharger-le-catalogue-des-piscines\/\" rel=\"noopener noreferrer\"\n                        class=\"button button--small button--arrow button--shadow\">T\u00e9l\u00e9charger le catalogue IMAGINOX en pdf<\/a>\n                <\/div><\/div>\n<\/div>\n<\/div>\n<p> <!-- .inner --><br \/>\n<\/section>\n<p> <!-- section products --><\/p>\n","protected":false},"excerpt":{"rendered":"Merci de votre int\u00e9r\u00eat T\u00e9l\u00e9chargez notre livre de r\u00e9f\u00e9rence et le catalogue des piscines IMAGINOX. T\u00e9l\u00e9charger le livre de r\u00e9f\u00e9rence en pdf T\u00e9l\u00e9charger le catalogue IMAGINOX en pdf","protected":false},"author":11,"featured_media":0,"parent":0,"menu_order":0,"comment_status":"closed","ping_status":"closed","template":"","meta":{"_acf_changed":false,"inline_featured_image":false,"footnotes":""},"class_list":["post-12858","page","type-page","status-publish","hentry"],"acf":[],"yoast_head":"<!-- This site is optimized with the Yoast SEO plugin v27.3 - https:\/\/yoast.com\/product\/yoast-seo-wordpress\/ -->\n<title>Catalogue a telecharger \u2248 IMAGINOX GROUP<\/title>\n<meta name=\"robots\" content=\"index, follow, max-snippet:-1, max-image-preview:large, max-video-preview:-1\" \/>\n<link rel=\"canonical\" href=\"https:\/\/imaginox.com\/fr\/catalogue-a-telecharger\/\" \/>\n<meta property=\"og:locale\" content=\"fr_FR\" \/>\n<meta property=\"og:type\" content=\"article\" \/>\n<meta property=\"og:title\" content=\"Catalogue a telecharger \u2248 IMAGINOX GROUP\" \/>\n<meta property=\"og:description\" content=\"Merci de votre int\u00e9r\u00eat T\u00e9l\u00e9chargez notre livre de r\u00e9f\u00e9rence et le catalogue des piscines IMAGINOX. T\u00e9l\u00e9charger le livre de r\u00e9f\u00e9rence en pdf T\u00e9l\u00e9charger le catalogue IMAGINOX en pdf\" \/>\n<meta property=\"og:url\" content=\"https:\/\/imaginox.com\/fr\/catalogue-a-telecharger\/\" \/>\n<meta property=\"og:site_name\" content=\"IMAGINOX GROUP\" \/>\n<meta property=\"article:modified_time\" content=\"2025-01-22T14:14:05+00:00\" \/>\n<meta property=\"og:image\" content=\"https:\/\/imaginox.com\/wp-content\/uploads\/2024\/04\/IMAGINOX_kniha_referenci_EN_Stranka_01.jpg\" \/>\n<meta name=\"twitter:card\" content=\"summary_large_image\" \/>\n<script type=\"application\/ld+json\" class=\"yoast-schema-graph\">{\"@context\":\"https:\\\/\\\/schema.org\",\"@graph\":[{\"@type\":\"WebPage\",\"@id\":\"https:\\\/\\\/imaginox.com\\\/fr\\\/catalogue-a-telecharger\\\/\",\"url\":\"https:\\\/\\\/imaginox.com\\\/fr\\\/catalogue-a-telecharger\\\/\",\"name\":\"Catalogue a telecharger \u2248 IMAGINOX GROUP\",\"isPartOf\":{\"@id\":\"https:\\\/\\\/imaginox.com\\\/fr\\\/#website\"},\"primaryImageOfPage\":{\"@id\":\"https:\\\/\\\/imaginox.com\\\/fr\\\/catalogue-a-telecharger\\\/#primaryimage\"},\"image\":{\"@id\":\"https:\\\/\\\/imaginox.com\\\/fr\\\/catalogue-a-telecharger\\\/#primaryimage\"},\"thumbnailUrl\":\"https:\\\/\\\/imaginox.com\\\/wp-content\\\/uploads\\\/2024\\\/04\\\/IMAGINOX_kniha_referenci_EN_Stranka_01.jpg\",\"datePublished\":\"2025-01-19T15:49:52+00:00\",\"dateModified\":\"2025-01-22T14:14:05+00:00\",\"breadcrumb\":{\"@id\":\"https:\\\/\\\/imaginox.com\\\/fr\\\/catalogue-a-telecharger\\\/#breadcrumb\"},\"inLanguage\":\"fr-FR\",\"potentialAction\":[{\"@type\":\"ReadAction\",\"target\":[\"https:\\\/\\\/imaginox.com\\\/fr\\\/catalogue-a-telecharger\\\/\"]}]},{\"@type\":\"ImageObject\",\"inLanguage\":\"fr-FR\",\"@id\":\"https:\\\/\\\/imaginox.com\\\/fr\\\/catalogue-a-telecharger\\\/#primaryimage\",\"url\":\"https:\\\/\\\/imaginox.com\\\/wp-content\\\/uploads\\\/2024\\\/04\\\/IMAGINOX_kniha_referenci_EN_Stranka_01.jpg\",\"contentUrl\":\"https:\\\/\\\/imaginox.com\\\/wp-content\\\/uploads\\\/2024\\\/04\\\/IMAGINOX_kniha_referenci_EN_Stranka_01.jpg\"},{\"@type\":\"BreadcrumbList\",\"@id\":\"https:\\\/\\\/imaginox.com\\\/fr\\\/catalogue-a-telecharger\\\/#breadcrumb\",\"itemListElement\":[{\"@type\":\"ListItem\",\"position\":1,\"name\":\"Home\",\"item\":\"https:\\\/\\\/imaginox.com\\\/fr\\\/\"},{\"@type\":\"ListItem\",\"position\":2,\"name\":\"Catalogue a telecharger\"}]},{\"@type\":\"WebSite\",\"@id\":\"https:\\\/\\\/imaginox.com\\\/fr\\\/#website\",\"url\":\"https:\\\/\\\/imaginox.com\\\/fr\\\/\",\"name\":\"IMAGINOX GROUP\",\"description\":\"Welcome to the World of Well-being\",\"publisher\":{\"@id\":\"https:\\\/\\\/imaginox.com\\\/fr\\\/#organization\"},\"potentialAction\":[{\"@type\":\"SearchAction\",\"target\":{\"@type\":\"EntryPoint\",\"urlTemplate\":\"https:\\\/\\\/imaginox.com\\\/fr\\\/?s={search_term_string}\"},\"query-input\":{\"@type\":\"PropertyValueSpecification\",\"valueRequired\":true,\"valueName\":\"search_term_string\"}}],\"inLanguage\":\"fr-FR\"},{\"@type\":\"Organization\",\"@id\":\"https:\\\/\\\/imaginox.com\\\/fr\\\/#organization\",\"name\":\"IMAGINOX s.r.o.\",\"url\":\"https:\\\/\\\/imaginox.com\\\/fr\\\/\",\"logo\":{\"@type\":\"ImageObject\",\"inLanguage\":\"fr-FR\",\"@id\":\"https:\\\/\\\/imaginox.com\\\/fr\\\/#\\\/schema\\\/logo\\\/image\\\/\",\"url\":\"https:\\\/\\\/imaginox.com\\\/wp-content\\\/uploads\\\/2021\\\/04\\\/imaginox-header-logo.png\",\"contentUrl\":\"https:\\\/\\\/imaginox.com\\\/wp-content\\\/uploads\\\/2021\\\/04\\\/imaginox-header-logo.png\",\"width\":622,\"height\":88,\"caption\":\"IMAGINOX s.r.o.\"},\"image\":{\"@id\":\"https:\\\/\\\/imaginox.com\\\/fr\\\/#\\\/schema\\\/logo\\\/image\\\/\"}}]}<\/script>\n<!-- \/ Yoast SEO plugin. -->","yoast_head_json":{"title":"Catalogue a telecharger \u2248 IMAGINOX GROUP","robots":{"index":"index","follow":"follow","max-snippet":"max-snippet:-1","max-image-preview":"max-image-preview:large","max-video-preview":"max-video-preview:-1"},"canonical":"https:\/\/imaginox.com\/fr\/catalogue-a-telecharger\/","og_locale":"fr_FR","og_type":"article","og_title":"Catalogue a telecharger \u2248 IMAGINOX GROUP","og_description":"Merci de votre int\u00e9r\u00eat T\u00e9l\u00e9chargez notre livre de r\u00e9f\u00e9rence et le catalogue des piscines IMAGINOX. T\u00e9l\u00e9charger le livre de r\u00e9f\u00e9rence en pdf T\u00e9l\u00e9charger le catalogue IMAGINOX en pdf","og_url":"https:\/\/imaginox.com\/fr\/catalogue-a-telecharger\/","og_site_name":"IMAGINOX GROUP","article_modified_time":"2025-01-22T14:14:05+00:00","og_image":[{"url":"https:\/\/imaginox.com\/wp-content\/uploads\/2024\/04\/IMAGINOX_kniha_referenci_EN_Stranka_01.jpg","type":"","width":"","height":""}],"twitter_card":"summary_large_image","schema":{"@context":"https:\/\/schema.org","@graph":[{"@type":"WebPage","@id":"https:\/\/imaginox.com\/fr\/catalogue-a-telecharger\/","url":"https:\/\/imaginox.com\/fr\/catalogue-a-telecharger\/","name":"Catalogue a telecharger \u2248 IMAGINOX GROUP","isPartOf":{"@id":"https:\/\/imaginox.com\/fr\/#website"},"primaryImageOfPage":{"@id":"https:\/\/imaginox.com\/fr\/catalogue-a-telecharger\/#primaryimage"},"image":{"@id":"https:\/\/imaginox.com\/fr\/catalogue-a-telecharger\/#primaryimage"},"thumbnailUrl":"https:\/\/imaginox.com\/wp-content\/uploads\/2024\/04\/IMAGINOX_kniha_referenci_EN_Stranka_01.jpg","datePublished":"2025-01-19T15:49:52+00:00","dateModified":"2025-01-22T14:14:05+00:00","breadcrumb":{"@id":"https:\/\/imaginox.com\/fr\/catalogue-a-telecharger\/#breadcrumb"},"inLanguage":"fr-FR","potentialAction":[{"@type":"ReadAction","target":["https:\/\/imaginox.com\/fr\/catalogue-a-telecharger\/"]}]},{"@type":"ImageObject","inLanguage":"fr-FR","@id":"https:\/\/imaginox.com\/fr\/catalogue-a-telecharger\/#primaryimage","url":"https:\/\/imaginox.com\/wp-content\/uploads\/2024\/04\/IMAGINOX_kniha_referenci_EN_Stranka_01.jpg","contentUrl":"https:\/\/imaginox.com\/wp-content\/uploads\/2024\/04\/IMAGINOX_kniha_referenci_EN_Stranka_01.jpg"},{"@type":"BreadcrumbList","@id":"https:\/\/imaginox.com\/fr\/catalogue-a-telecharger\/#breadcrumb","itemListElement":[{"@type":"ListItem","position":1,"name":"Home","item":"https:\/\/imaginox.com\/fr\/"},{"@type":"ListItem","position":2,"name":"Catalogue a telecharger"}]},{"@type":"WebSite","@id":"https:\/\/imaginox.com\/fr\/#website","url":"https:\/\/imaginox.com\/fr\/","name":"IMAGINOX GROUP","description":"Welcome to the World of Well-being","publisher":{"@id":"https:\/\/imaginox.com\/fr\/#organization"},"potentialAction":[{"@type":"SearchAction","target":{"@type":"EntryPoint","urlTemplate":"https:\/\/imaginox.com\/fr\/?s={search_term_string}"},"query-input":{"@type":"PropertyValueSpecification","valueRequired":true,"valueName":"search_term_string"}}],"inLanguage":"fr-FR"},{"@type":"Organization","@id":"https:\/\/imaginox.com\/fr\/#organization","name":"IMAGINOX s.r.o.","url":"https:\/\/imaginox.com\/fr\/","logo":{"@type":"ImageObject","inLanguage":"fr-FR","@id":"https:\/\/imaginox.com\/fr\/#\/schema\/logo\/image\/","url":"https:\/\/imaginox.com\/wp-content\/uploads\/2021\/04\/imaginox-header-logo.png","contentUrl":"https:\/\/imaginox.com\/wp-content\/uploads\/2021\/04\/imaginox-header-logo.png","width":622,"height":88,"caption":"IMAGINOX s.r.o."},"image":{"@id":"https:\/\/imaginox.com\/fr\/#\/schema\/logo\/image\/"}}]}},"_links":{"self":[{"href":"https:\/\/imaginox.com\/fr\/wp-json\/wp\/v2\/pages\/12858","targetHints":{"allow":["GET"]}}],"collection":[{"href":"https:\/\/imaginox.com\/fr\/wp-json\/wp\/v2\/pages"}],"about":[{"href":"https:\/\/imaginox.com\/fr\/wp-json\/wp\/v2\/types\/page"}],"author":[{"embeddable":true,"href":"https:\/\/imaginox.com\/fr\/wp-json\/wp\/v2\/users\/11"}],"replies":[{"embeddable":true,"href":"https:\/\/imaginox.com\/fr\/wp-json\/wp\/v2\/comments?post=12858"}],"version-history":[{"count":2,"href":"https:\/\/imaginox.com\/fr\/wp-json\/wp\/v2\/pages\/12858\/revisions"}],"predecessor-version":[{"id":12888,"href":"https:\/\/imaginox.com\/fr\/wp-json\/wp\/v2\/pages\/12858\/revisions\/12888"}],"wp:attachment":[{"href":"https:\/\/imaginox.com\/fr\/wp-json\/wp\/v2\/media?parent=12858"}],"curies":[{"name":"wp","href":"https:\/\/api.w.org\/{rel}","templated":true}]}}