{"id":12863,"date":"2025-01-19T17:52:32","date_gmt":"2025-01-19T15:52:32","guid":{"rendered":"https:\/\/imaginox.com\/?page_id=12863"},"modified":"2025-01-19T17:52:47","modified_gmt":"2025-01-19T15:52:47","slug":"telecharger-le-catalogue-des-piscines","status":"publish","type":"page","link":"https:\/\/imaginox.com\/fr\/telecharger-le-catalogue-des-piscines\/","title":{"rendered":"Telecharger le catalogue des piscines"},"content":{"rendered":"<section class=\"section--catalogue section--light\">\n<div class=\"inner\">\n<h1 class=\"heading heading--bigger heading--center heading--black heading--underline\">T\u00e9l\u00e9charger le catalogue des piscines IMAGINOX<\/h1>\n<div class=\"col-12 catalogue-download-button-margin margin-top--05x\">\n                        <a download=\"telecharger-le-catalogue-des-piscines\" href=\"https:\/\/imaginox.com\/wp-content\/uploads\/2024\/04\/Katalog_IMAGINOX_265x235_CZ_online.pdf\" rel=\"noopener noreferrer\" class=\"button button--small button--arrow button--shadow\">T\u00e9l\u00e9charger le catalogue des piscines<\/a>\n                    <\/div>\n<div class=\"row\">\n<div class=\"col-xs-12 col-sm-12 col-md-2 col-lg-2\"><\/div>\n<div class=\"col-xs-12 col-sm-12 col-md-8 col-lg-8\"><\/div>\n<div class=\"col-xs-12 col-sm-12 col-md-2 col-lg-2\"><\/div><\/div>\n<div style=\"position:relative;padding-top:max(60%,326px);height:0;width:100%\"><iframe allow=\"clipboard-write\" sandbox=\"allow-top-navigation allow-top-navigation-by-user-activation allow-downloads allow-scripts allow-same-origin allow-popups allow-modals allow-popups-to-escape-sandbox allow-forms\" allowfullscreen=\"true\" style=\"position:absolute;border:none;width:100%;height:100%;left:0;right:0;top:0;bottom:0;\" src=\"https:\/\/e.issuu.com\/embed.html?d=issuu_katalog_imaginox_265x235_cz&#038;u=aquamarinespamarketing\"><\/iframe><\/div><\/div>\n<p> <!-- .inner --><br \/>\n<\/section>\n<p> <!-- section products --><\/p>\n","protected":false},"excerpt":{"rendered":"T\u00e9l\u00e9charger le catalogue des piscines IMAGINOX T\u00e9l\u00e9charger le catalogue des piscines","protected":false},"author":11,"featured_media":0,"parent":0,"menu_order":0,"comment_status":"closed","ping_status":"closed","template":"","meta":{"_acf_changed":false,"inline_featured_image":false,"footnotes":""},"class_list":["post-12863","page","type-page","status-publish","hentry"],"acf":[],"yoast_head":"<!-- This site is optimized with the Yoast SEO plugin v27.3 - https:\/\/yoast.com\/product\/yoast-seo-wordpress\/ -->\n<title>Telecharger le catalogue des piscines \u2248 IMAGINOX GROUP<\/title>\n<meta name=\"robots\" content=\"index, follow, max-snippet:-1, max-image-preview:large, max-video-preview:-1\" \/>\n<link rel=\"canonical\" href=\"https:\/\/imaginox.com\/fr\/telecharger-le-catalogue-des-piscines\/\" \/>\n<meta property=\"og:locale\" content=\"fr_FR\" \/>\n<meta property=\"og:type\" content=\"article\" \/>\n<meta property=\"og:title\" content=\"Telecharger le catalogue des piscines \u2248 IMAGINOX GROUP\" \/>\n<meta property=\"og:description\" content=\"T\u00e9l\u00e9charger le catalogue des piscines IMAGINOX T\u00e9l\u00e9charger le catalogue des piscines\" \/>\n<meta property=\"og:url\" content=\"https:\/\/imaginox.com\/fr\/telecharger-le-catalogue-des-piscines\/\" \/>\n<meta property=\"og:site_name\" content=\"IMAGINOX GROUP\" \/>\n<meta property=\"article:modified_time\" content=\"2025-01-19T15:52:47+00:00\" \/>\n<meta name=\"twitter:card\" content=\"summary_large_image\" \/>\n<script type=\"application\/ld+json\" class=\"yoast-schema-graph\">{\"@context\":\"https:\\\/\\\/schema.org\",\"@graph\":[{\"@type\":\"WebPage\",\"@id\":\"https:\\\/\\\/imaginox.com\\\/fr\\\/telecharger-le-catalogue-des-piscines\\\/\",\"url\":\"https:\\\/\\\/imaginox.com\\\/fr\\\/telecharger-le-catalogue-des-piscines\\\/\",\"name\":\"Telecharger le catalogue des piscines \u2248 IMAGINOX GROUP\",\"isPartOf\":{\"@id\":\"https:\\\/\\\/imaginox.com\\\/fr\\\/#website\"},\"datePublished\":\"2025-01-19T15:52:32+00:00\",\"dateModified\":\"2025-01-19T15:52:47+00:00\",\"breadcrumb\":{\"@id\":\"https:\\\/\\\/imaginox.com\\\/fr\\\/telecharger-le-catalogue-des-piscines\\\/#breadcrumb\"},\"inLanguage\":\"fr-FR\",\"potentialAction\":[{\"@type\":\"ReadAction\",\"target\":[\"https:\\\/\\\/imaginox.com\\\/fr\\\/telecharger-le-catalogue-des-piscines\\\/\"]}]},{\"@type\":\"BreadcrumbList\",\"@id\":\"https:\\\/\\\/imaginox.com\\\/fr\\\/telecharger-le-catalogue-des-piscines\\\/#breadcrumb\",\"itemListElement\":[{\"@type\":\"ListItem\",\"position\":1,\"name\":\"Home\",\"item\":\"https:\\\/\\\/imaginox.com\\\/fr\\\/\"},{\"@type\":\"ListItem\",\"position\":2,\"name\":\"Telecharger le catalogue des piscines\"}]},{\"@type\":\"WebSite\",\"@id\":\"https:\\\/\\\/imaginox.com\\\/fr\\\/#website\",\"url\":\"https:\\\/\\\/imaginox.com\\\/fr\\\/\",\"name\":\"IMAGINOX GROUP\",\"description\":\"Welcome to the World of Well-being\",\"publisher\":{\"@id\":\"https:\\\/\\\/imaginox.com\\\/fr\\\/#organization\"},\"potentialAction\":[{\"@type\":\"SearchAction\",\"target\":{\"@type\":\"EntryPoint\",\"urlTemplate\":\"https:\\\/\\\/imaginox.com\\\/fr\\\/?s={search_term_string}\"},\"query-input\":{\"@type\":\"PropertyValueSpecification\",\"valueRequired\":true,\"valueName\":\"search_term_string\"}}],\"inLanguage\":\"fr-FR\"},{\"@type\":\"Organization\",\"@id\":\"https:\\\/\\\/imaginox.com\\\/fr\\\/#organization\",\"name\":\"IMAGINOX s.r.o.\",\"url\":\"https:\\\/\\\/imaginox.com\\\/fr\\\/\",\"logo\":{\"@type\":\"ImageObject\",\"inLanguage\":\"fr-FR\",\"@id\":\"https:\\\/\\\/imaginox.com\\\/fr\\\/#\\\/schema\\\/logo\\\/image\\\/\",\"url\":\"https:\\\/\\\/imaginox.com\\\/wp-content\\\/uploads\\\/2021\\\/04\\\/imaginox-header-logo.png\",\"contentUrl\":\"https:\\\/\\\/imaginox.com\\\/wp-content\\\/uploads\\\/2021\\\/04\\\/imaginox-header-logo.png\",\"width\":622,\"height\":88,\"caption\":\"IMAGINOX s.r.o.\"},\"image\":{\"@id\":\"https:\\\/\\\/imaginox.com\\\/fr\\\/#\\\/schema\\\/logo\\\/image\\\/\"}}]}<\/script>\n<!-- \/ Yoast SEO plugin. -->","yoast_head_json":{"title":"Telecharger le catalogue des piscines \u2248 IMAGINOX GROUP","robots":{"index":"index","follow":"follow","max-snippet":"max-snippet:-1","max-image-preview":"max-image-preview:large","max-video-preview":"max-video-preview:-1"},"canonical":"https:\/\/imaginox.com\/fr\/telecharger-le-catalogue-des-piscines\/","og_locale":"fr_FR","og_type":"article","og_title":"Telecharger le catalogue des piscines \u2248 IMAGINOX GROUP","og_description":"T\u00e9l\u00e9charger le catalogue des piscines IMAGINOX T\u00e9l\u00e9charger le catalogue des piscines","og_url":"https:\/\/imaginox.com\/fr\/telecharger-le-catalogue-des-piscines\/","og_site_name":"IMAGINOX GROUP","article_modified_time":"2025-01-19T15:52:47+00:00","twitter_card":"summary_large_image","schema":{"@context":"https:\/\/schema.org","@graph":[{"@type":"WebPage","@id":"https:\/\/imaginox.com\/fr\/telecharger-le-catalogue-des-piscines\/","url":"https:\/\/imaginox.com\/fr\/telecharger-le-catalogue-des-piscines\/","name":"Telecharger le catalogue des piscines \u2248 IMAGINOX GROUP","isPartOf":{"@id":"https:\/\/imaginox.com\/fr\/#website"},"datePublished":"2025-01-19T15:52:32+00:00","dateModified":"2025-01-19T15:52:47+00:00","breadcrumb":{"@id":"https:\/\/imaginox.com\/fr\/telecharger-le-catalogue-des-piscines\/#breadcrumb"},"inLanguage":"fr-FR","potentialAction":[{"@type":"ReadAction","target":["https:\/\/imaginox.com\/fr\/telecharger-le-catalogue-des-piscines\/"]}]},{"@type":"BreadcrumbList","@id":"https:\/\/imaginox.com\/fr\/telecharger-le-catalogue-des-piscines\/#breadcrumb","itemListElement":[{"@type":"ListItem","position":1,"name":"Home","item":"https:\/\/imaginox.com\/fr\/"},{"@type":"ListItem","position":2,"name":"Telecharger le catalogue des piscines"}]},{"@type":"WebSite","@id":"https:\/\/imaginox.com\/fr\/#website","url":"https:\/\/imaginox.com\/fr\/","name":"IMAGINOX GROUP","description":"Welcome to the World of Well-being","publisher":{"@id":"https:\/\/imaginox.com\/fr\/#organization"},"potentialAction":[{"@type":"SearchAction","target":{"@type":"EntryPoint","urlTemplate":"https:\/\/imaginox.com\/fr\/?s={search_term_string}"},"query-input":{"@type":"PropertyValueSpecification","valueRequired":true,"valueName":"search_term_string"}}],"inLanguage":"fr-FR"},{"@type":"Organization","@id":"https:\/\/imaginox.com\/fr\/#organization","name":"IMAGINOX s.r.o.","url":"https:\/\/imaginox.com\/fr\/","logo":{"@type":"ImageObject","inLanguage":"fr-FR","@id":"https:\/\/imaginox.com\/fr\/#\/schema\/logo\/image\/","url":"https:\/\/imaginox.com\/wp-content\/uploads\/2021\/04\/imaginox-header-logo.png","contentUrl":"https:\/\/imaginox.com\/wp-content\/uploads\/2021\/04\/imaginox-header-logo.png","width":622,"height":88,"caption":"IMAGINOX s.r.o."},"image":{"@id":"https:\/\/imaginox.com\/fr\/#\/schema\/logo\/image\/"}}]}},"_links":{"self":[{"href":"https:\/\/imaginox.com\/fr\/wp-json\/wp\/v2\/pages\/12863","targetHints":{"allow":["GET"]}}],"collection":[{"href":"https:\/\/imaginox.com\/fr\/wp-json\/wp\/v2\/pages"}],"about":[{"href":"https:\/\/imaginox.com\/fr\/wp-json\/wp\/v2\/types\/page"}],"author":[{"embeddable":true,"href":"https:\/\/imaginox.com\/fr\/wp-json\/wp\/v2\/users\/11"}],"replies":[{"embeddable":true,"href":"https:\/\/imaginox.com\/fr\/wp-json\/wp\/v2\/comments?post=12863"}],"version-history":[{"count":2,"href":"https:\/\/imaginox.com\/fr\/wp-json\/wp\/v2\/pages\/12863\/revisions"}],"predecessor-version":[{"id":12865,"href":"https:\/\/imaginox.com\/fr\/wp-json\/wp\/v2\/pages\/12863\/revisions\/12865"}],"wp:attachment":[{"href":"https:\/\/imaginox.com\/fr\/wp-json\/wp\/v2\/media?parent=12863"}],"curies":[{"name":"wp","href":"https:\/\/api.w.org\/{rel}","templated":true}]}}