{"id":14338,"date":"2025-04-24T16:51:27","date_gmt":"2025-04-24T14:51:27","guid":{"rendered":"https:\/\/imaginox.com\/prodotti\/piscine-in-acciaio-inossidabile-2\/"},"modified":"2025-10-10T12:31:43","modified_gmt":"2025-10-10T10:31:43","slug":"piscine-in-acciaio-inossidabile","status":"publish","type":"page","link":"https:\/\/imaginox.com\/it\/prodotti\/piscine-in-acciaio-inossidabile\/","title":{"rendered":"Piscine e vasche idromassaggio in acciaio inox"},"content":{"rendered":"","protected":false},"excerpt":{"rendered":"","protected":false},"author":17,"featured_media":0,"parent":12654,"menu_order":0,"comment_status":"closed","ping_status":"closed","template":"nerezove-bazeny-virivky-acf.php","meta":{"_acf_changed":false,"inline_featured_image":false,"footnotes":""},"class_list":["post-14338","page","type-page","status-publish","hentry"],"acf":[],"yoast_head":"<!-- This site is optimized with the Yoast SEO plugin v27.3 - https:\/\/yoast.com\/product\/yoast-seo-wordpress\/ -->\n<title>Piscine e vasche idromassaggio in acciaio inox \u2248 IMAGINOX GROUP<\/title>\n<meta name=\"description\" content=\"Una piscina pu\u00f2 essere pi\u00f9 di un semplice luogo di refrigerio: pu\u00f2 diventare un elemento di design e elevare il vostro spazio relax.\" \/>\n<meta name=\"robots\" content=\"index, follow, max-snippet:-1, max-image-preview:large, max-video-preview:-1\" \/>\n<link rel=\"canonical\" href=\"https:\/\/imaginox.com\/it\/prodotti\/piscine-in-acciaio-inossidabile\/\" \/>\n<meta property=\"og:locale\" content=\"it_IT\" \/>\n<meta property=\"og:type\" content=\"article\" \/>\n<meta property=\"og:title\" content=\"Piscine e vasche idromassaggio in acciaio inox \u2248 IMAGINOX GROUP\" \/>\n<meta property=\"og:description\" content=\"Una piscina pu\u00f2 essere pi\u00f9 di un semplice luogo di refrigerio: pu\u00f2 diventare un elemento di design e elevare il vostro spazio relax.\" \/>\n<meta property=\"og:url\" content=\"https:\/\/imaginox.com\/it\/prodotti\/piscine-in-acciaio-inossidabile\/\" \/>\n<meta property=\"og:site_name\" content=\"IMAGINOX GROUP\" \/>\n<meta property=\"article:modified_time\" content=\"2025-10-10T10:31:43+00:00\" \/>\n<meta name=\"twitter:card\" content=\"summary_large_image\" \/>\n<script type=\"application\/ld+json\" class=\"yoast-schema-graph\">{\"@context\":\"https:\\\/\\\/schema.org\",\"@graph\":[{\"@type\":\"WebPage\",\"@id\":\"https:\\\/\\\/imaginox.com\\\/it\\\/prodotti\\\/piscine-in-acciaio-inossidabile\\\/\",\"url\":\"https:\\\/\\\/imaginox.com\\\/it\\\/prodotti\\\/piscine-in-acciaio-inossidabile\\\/\",\"name\":\"Piscine e vasche idromassaggio in acciaio inox \u2248 IMAGINOX GROUP\",\"isPartOf\":{\"@id\":\"https:\\\/\\\/imaginox.com\\\/it\\\/#website\"},\"datePublished\":\"2025-04-24T14:51:27+00:00\",\"dateModified\":\"2025-10-10T10:31:43+00:00\",\"description\":\"Una piscina pu\u00f2 essere pi\u00f9 di un semplice luogo di refrigerio: pu\u00f2 diventare un elemento di design e elevare il vostro spazio relax.\",\"breadcrumb\":{\"@id\":\"https:\\\/\\\/imaginox.com\\\/it\\\/prodotti\\\/piscine-in-acciaio-inossidabile\\\/#breadcrumb\"},\"inLanguage\":\"it-IT\",\"potentialAction\":[{\"@type\":\"ReadAction\",\"target\":[\"https:\\\/\\\/imaginox.com\\\/it\\\/prodotti\\\/piscine-in-acciaio-inossidabile\\\/\"]}]},{\"@type\":\"BreadcrumbList\",\"@id\":\"https:\\\/\\\/imaginox.com\\\/it\\\/prodotti\\\/piscine-in-acciaio-inossidabile\\\/#breadcrumb\",\"itemListElement\":[{\"@type\":\"ListItem\",\"position\":1,\"name\":\"Home\",\"item\":\"https:\\\/\\\/imaginox.com\\\/it\\\/\"},{\"@type\":\"ListItem\",\"position\":2,\"name\":\"PRODOTTI\",\"item\":\"https:\\\/\\\/imaginox.com\\\/it\\\/prodotti\\\/\"},{\"@type\":\"ListItem\",\"position\":3,\"name\":\"Piscine e vasche idromassaggio in acciaio inox\"}]},{\"@type\":\"WebSite\",\"@id\":\"https:\\\/\\\/imaginox.com\\\/it\\\/#website\",\"url\":\"https:\\\/\\\/imaginox.com\\\/it\\\/\",\"name\":\"IMAGINOX GROUP\",\"description\":\"Welcome to the World of Well-being\",\"publisher\":{\"@id\":\"https:\\\/\\\/imaginox.com\\\/it\\\/#organization\"},\"potentialAction\":[{\"@type\":\"SearchAction\",\"target\":{\"@type\":\"EntryPoint\",\"urlTemplate\":\"https:\\\/\\\/imaginox.com\\\/it\\\/?s={search_term_string}\"},\"query-input\":{\"@type\":\"PropertyValueSpecification\",\"valueRequired\":true,\"valueName\":\"search_term_string\"}}],\"inLanguage\":\"it-IT\"},{\"@type\":\"Organization\",\"@id\":\"https:\\\/\\\/imaginox.com\\\/it\\\/#organization\",\"name\":\"IMAGINOX s.r.o.\",\"url\":\"https:\\\/\\\/imaginox.com\\\/it\\\/\",\"logo\":{\"@type\":\"ImageObject\",\"inLanguage\":\"it-IT\",\"@id\":\"https:\\\/\\\/imaginox.com\\\/it\\\/#\\\/schema\\\/logo\\\/image\\\/\",\"url\":\"https:\\\/\\\/imaginox.com\\\/wp-content\\\/uploads\\\/2021\\\/04\\\/imaginox-header-logo.png\",\"contentUrl\":\"https:\\\/\\\/imaginox.com\\\/wp-content\\\/uploads\\\/2021\\\/04\\\/imaginox-header-logo.png\",\"width\":622,\"height\":88,\"caption\":\"IMAGINOX s.r.o.\"},\"image\":{\"@id\":\"https:\\\/\\\/imaginox.com\\\/it\\\/#\\\/schema\\\/logo\\\/image\\\/\"}}]}<\/script>\n<!-- \/ Yoast SEO plugin. -->","yoast_head_json":{"title":"Piscine e vasche idromassaggio in acciaio inox \u2248 IMAGINOX GROUP","description":"Una piscina pu\u00f2 essere pi\u00f9 di un semplice luogo di refrigerio: pu\u00f2 diventare un elemento di design e elevare il vostro spazio relax.","robots":{"index":"index","follow":"follow","max-snippet":"max-snippet:-1","max-image-preview":"max-image-preview:large","max-video-preview":"max-video-preview:-1"},"canonical":"https:\/\/imaginox.com\/it\/prodotti\/piscine-in-acciaio-inossidabile\/","og_locale":"it_IT","og_type":"article","og_title":"Piscine e vasche idromassaggio in acciaio inox \u2248 IMAGINOX GROUP","og_description":"Una piscina pu\u00f2 essere pi\u00f9 di un semplice luogo di refrigerio: pu\u00f2 diventare un elemento di design e elevare il vostro spazio relax.","og_url":"https:\/\/imaginox.com\/it\/prodotti\/piscine-in-acciaio-inossidabile\/","og_site_name":"IMAGINOX GROUP","article_modified_time":"2025-10-10T10:31:43+00:00","twitter_card":"summary_large_image","schema":{"@context":"https:\/\/schema.org","@graph":[{"@type":"WebPage","@id":"https:\/\/imaginox.com\/it\/prodotti\/piscine-in-acciaio-inossidabile\/","url":"https:\/\/imaginox.com\/it\/prodotti\/piscine-in-acciaio-inossidabile\/","name":"Piscine e vasche idromassaggio in acciaio inox \u2248 IMAGINOX GROUP","isPartOf":{"@id":"https:\/\/imaginox.com\/it\/#website"},"datePublished":"2025-04-24T14:51:27+00:00","dateModified":"2025-10-10T10:31:43+00:00","description":"Una piscina pu\u00f2 essere pi\u00f9 di un semplice luogo di refrigerio: pu\u00f2 diventare un elemento di design e elevare il vostro spazio relax.","breadcrumb":{"@id":"https:\/\/imaginox.com\/it\/prodotti\/piscine-in-acciaio-inossidabile\/#breadcrumb"},"inLanguage":"it-IT","potentialAction":[{"@type":"ReadAction","target":["https:\/\/imaginox.com\/it\/prodotti\/piscine-in-acciaio-inossidabile\/"]}]},{"@type":"BreadcrumbList","@id":"https:\/\/imaginox.com\/it\/prodotti\/piscine-in-acciaio-inossidabile\/#breadcrumb","itemListElement":[{"@type":"ListItem","position":1,"name":"Home","item":"https:\/\/imaginox.com\/it\/"},{"@type":"ListItem","position":2,"name":"PRODOTTI","item":"https:\/\/imaginox.com\/it\/prodotti\/"},{"@type":"ListItem","position":3,"name":"Piscine e vasche idromassaggio in acciaio inox"}]},{"@type":"WebSite","@id":"https:\/\/imaginox.com\/it\/#website","url":"https:\/\/imaginox.com\/it\/","name":"IMAGINOX GROUP","description":"Welcome to the World of Well-being","publisher":{"@id":"https:\/\/imaginox.com\/it\/#organization"},"potentialAction":[{"@type":"SearchAction","target":{"@type":"EntryPoint","urlTemplate":"https:\/\/imaginox.com\/it\/?s={search_term_string}"},"query-input":{"@type":"PropertyValueSpecification","valueRequired":true,"valueName":"search_term_string"}}],"inLanguage":"it-IT"},{"@type":"Organization","@id":"https:\/\/imaginox.com\/it\/#organization","name":"IMAGINOX s.r.o.","url":"https:\/\/imaginox.com\/it\/","logo":{"@type":"ImageObject","inLanguage":"it-IT","@id":"https:\/\/imaginox.com\/it\/#\/schema\/logo\/image\/","url":"https:\/\/imaginox.com\/wp-content\/uploads\/2021\/04\/imaginox-header-logo.png","contentUrl":"https:\/\/imaginox.com\/wp-content\/uploads\/2021\/04\/imaginox-header-logo.png","width":622,"height":88,"caption":"IMAGINOX s.r.o."},"image":{"@id":"https:\/\/imaginox.com\/it\/#\/schema\/logo\/image\/"}}]}},"_links":{"self":[{"href":"https:\/\/imaginox.com\/it\/wp-json\/wp\/v2\/pages\/14338","targetHints":{"allow":["GET"]}}],"collection":[{"href":"https:\/\/imaginox.com\/it\/wp-json\/wp\/v2\/pages"}],"about":[{"href":"https:\/\/imaginox.com\/it\/wp-json\/wp\/v2\/types\/page"}],"author":[{"embeddable":true,"href":"https:\/\/imaginox.com\/it\/wp-json\/wp\/v2\/users\/17"}],"replies":[{"embeddable":true,"href":"https:\/\/imaginox.com\/it\/wp-json\/wp\/v2\/comments?post=14338"}],"version-history":[{"count":13,"href":"https:\/\/imaginox.com\/it\/wp-json\/wp\/v2\/pages\/14338\/revisions"}],"predecessor-version":[{"id":16531,"href":"https:\/\/imaginox.com\/it\/wp-json\/wp\/v2\/pages\/14338\/revisions\/16531"}],"up":[{"embeddable":true,"href":"https:\/\/imaginox.com\/it\/wp-json\/wp\/v2\/pages\/12654"}],"wp:attachment":[{"href":"https:\/\/imaginox.com\/it\/wp-json\/wp\/v2\/media?parent=14338"}],"curies":[{"name":"wp","href":"https:\/\/api.w.org\/{rel}","templated":true}]}}