{"id":10936,"date":"2024-01-23T16:36:44","date_gmt":"2024-01-23T14:36:44","guid":{"rendered":"https:\/\/imaginox-com.boost.codes\/dowload-our-catalogue\/"},"modified":"2024-03-31T19:49:01","modified_gmt":"2024-03-31T17:49:01","slug":"stiahnite-si-nas-katalog","status":"publish","type":"page","link":"https:\/\/imaginox.com\/sk\/stiahnite-si-nas-katalog\/","title":{"rendered":"Stiahnite si n\u00e1\u0161 katal\u00f3g"},"content":{"rendered":"<section class=\"section--catalogue section--light\">\n<div class=\"inner\">\n<h1 class=\"heading heading--bigger heading--center heading--black heading--underline\">Stiahnite si n\u00e1\u0161 katal\u00f3g<\/h1>\n<div class=\"row\">\n<div class=\"col-xs-12 col-sm-12 col-md-2 col-lg-2\"><\/div>\n<div class=\"col-xs-12 col-sm-12 col-md-8 col-lg-8\">\n<p class=\"paragraph paragraph--medium align-center margin-top--05x\">Po\u0161leme v\u00e1m odkaz na va\u0161u e-mailov\u00fa adresu, aby ste si mohli stiahnu\u0165 katal\u00f3g v elektronickej podobe.<\/p>\n<\/div>\n<div class=\"col-xs-12 col-sm-12 col-md-2 col-lg-2\"><\/div>\n<\/div>\n<div class=\"section--catalogue-form--cat\">\n<div class=\"section--catalogue-form section--queries-form \"><span class=\"paragraph paragraph--medium section--catalogue-form-required-data input-required\">povinn\u00e9 pole<\/span><\/p>\n<div class=\"boost-space-forms\" id=\"bsf-id-59\"><\/div><script src=\"https:\/\/imaginox.system.boost.space\/api\/custom_form.js?id=59&integrity=55c56e1b515599fb07cd257a8cb91d96&el=bsf-id-59&callback=boostSpaceFormsInit&csubmit=boostSpaceFormsSuccessSubmit&lang=sk&v=0.4.9\" data-form=\"boost-space\"><\/script><\/div>\n<\/div>\n<\/div>\n<p><!-- .inner --><br \/>\n<\/section>\n<p><!-- section products --><\/p>\n","protected":false},"excerpt":{"rendered":"Stiahnite si n\u00e1\u0161 katal\u00f3g Po\u0161leme v\u00e1m odkaz na va\u0161u e-mailov\u00fa adresu, aby ste si mohli stiahnu\u0165 katal\u00f3g v elektronickej podobe. povinn\u00e9 pole","protected":false},"author":11,"featured_media":0,"parent":0,"menu_order":0,"comment_status":"closed","ping_status":"closed","template":"","meta":{"_acf_changed":false,"inline_featured_image":false,"footnotes":""},"class_list":["post-10936","page","type-page","status-publish","hentry"],"acf":[],"yoast_head":"<!-- This site is optimized with the Yoast SEO plugin v27.3 - https:\/\/yoast.com\/product\/yoast-seo-wordpress\/ -->\n<title>Stiahnite si n\u00e1\u0161 katal\u00f3g \u2248 IMAGINOX<\/title>\n<meta name=\"robots\" content=\"index, follow, max-snippet:-1, max-image-preview:large, max-video-preview:-1\" \/>\n<link rel=\"canonical\" href=\"https:\/\/imaginox.com\/sk\/stiahnite-si-nas-katalog\/\" \/>\n<meta property=\"og:locale\" content=\"sk_SK\" \/>\n<meta property=\"og:type\" content=\"article\" \/>\n<meta property=\"og:title\" content=\"Stiahnite si n\u00e1\u0161 katal\u00f3g \u2248 IMAGINOX\" \/>\n<meta property=\"og:description\" content=\"Stiahnite si n\u00e1\u0161 katal\u00f3g Po\u0161leme v\u00e1m odkaz na va\u0161u e-mailov\u00fa adresu, aby ste si mohli stiahnu\u0165 katal\u00f3g v elektronickej podobe. povinn\u00e9 pole\" \/>\n<meta property=\"og:url\" content=\"https:\/\/imaginox.com\/sk\/stiahnite-si-nas-katalog\/\" \/>\n<meta property=\"og:site_name\" content=\"IMAGINOX\" \/>\n<meta property=\"article:modified_time\" content=\"2024-03-31T17:49:01+00:00\" \/>\n<meta name=\"twitter:card\" content=\"summary_large_image\" \/>\n<script type=\"application\/ld+json\" class=\"yoast-schema-graph\">{\"@context\":\"https:\\\/\\\/schema.org\",\"@graph\":[{\"@type\":\"WebPage\",\"@id\":\"https:\\\/\\\/imaginox.com\\\/sk\\\/stiahnite-si-nas-katalog\\\/\",\"url\":\"https:\\\/\\\/imaginox.com\\\/sk\\\/stiahnite-si-nas-katalog\\\/\",\"name\":\"Stiahnite si n\u00e1\u0161 katal\u00f3g \u2248 IMAGINOX\",\"isPartOf\":{\"@id\":\"https:\\\/\\\/imaginox.com\\\/sk\\\/#website\"},\"datePublished\":\"2024-01-23T14:36:44+00:00\",\"dateModified\":\"2024-03-31T17:49:01+00:00\",\"breadcrumb\":{\"@id\":\"https:\\\/\\\/imaginox.com\\\/sk\\\/stiahnite-si-nas-katalog\\\/#breadcrumb\"},\"inLanguage\":\"sk-SK\",\"potentialAction\":[{\"@type\":\"ReadAction\",\"target\":[\"https:\\\/\\\/imaginox.com\\\/sk\\\/stiahnite-si-nas-katalog\\\/\"]}]},{\"@type\":\"BreadcrumbList\",\"@id\":\"https:\\\/\\\/imaginox.com\\\/sk\\\/stiahnite-si-nas-katalog\\\/#breadcrumb\",\"itemListElement\":[{\"@type\":\"ListItem\",\"position\":1,\"name\":\"Home\",\"item\":\"https:\\\/\\\/imaginox.com\\\/sk\\\/\"},{\"@type\":\"ListItem\",\"position\":2,\"name\":\"Stiahnite si n\u00e1\u0161 katal\u00f3g\"}]},{\"@type\":\"WebSite\",\"@id\":\"https:\\\/\\\/imaginox.com\\\/sk\\\/#website\",\"url\":\"https:\\\/\\\/imaginox.com\\\/sk\\\/\",\"name\":\"IMAGINOX\",\"description\":\"Nerezov\u00e9 baz\u00e9ny, v\u00edrivky a dal\u0161ie\",\"publisher\":{\"@id\":\"https:\\\/\\\/imaginox.com\\\/sk\\\/#organization\"},\"potentialAction\":[{\"@type\":\"SearchAction\",\"target\":{\"@type\":\"EntryPoint\",\"urlTemplate\":\"https:\\\/\\\/imaginox.com\\\/sk\\\/?s={search_term_string}\"},\"query-input\":{\"@type\":\"PropertyValueSpecification\",\"valueRequired\":true,\"valueName\":\"search_term_string\"}}],\"inLanguage\":\"sk-SK\"},{\"@type\":\"Organization\",\"@id\":\"https:\\\/\\\/imaginox.com\\\/sk\\\/#organization\",\"name\":\"IMAGINOX s.r.o.\",\"url\":\"https:\\\/\\\/imaginox.com\\\/sk\\\/\",\"logo\":{\"@type\":\"ImageObject\",\"inLanguage\":\"sk-SK\",\"@id\":\"https:\\\/\\\/imaginox.com\\\/sk\\\/#\\\/schema\\\/logo\\\/image\\\/\",\"url\":\"https:\\\/\\\/imaginox.com\\\/wp-content\\\/uploads\\\/2021\\\/04\\\/imaginox-header-logo.png\",\"contentUrl\":\"https:\\\/\\\/imaginox.com\\\/wp-content\\\/uploads\\\/2021\\\/04\\\/imaginox-header-logo.png\",\"width\":622,\"height\":88,\"caption\":\"IMAGINOX s.r.o.\"},\"image\":{\"@id\":\"https:\\\/\\\/imaginox.com\\\/sk\\\/#\\\/schema\\\/logo\\\/image\\\/\"}}]}<\/script>\n<!-- \/ Yoast SEO plugin. -->","yoast_head_json":{"title":"Stiahnite si n\u00e1\u0161 katal\u00f3g \u2248 IMAGINOX","robots":{"index":"index","follow":"follow","max-snippet":"max-snippet:-1","max-image-preview":"max-image-preview:large","max-video-preview":"max-video-preview:-1"},"canonical":"https:\/\/imaginox.com\/sk\/stiahnite-si-nas-katalog\/","og_locale":"sk_SK","og_type":"article","og_title":"Stiahnite si n\u00e1\u0161 katal\u00f3g \u2248 IMAGINOX","og_description":"Stiahnite si n\u00e1\u0161 katal\u00f3g Po\u0161leme v\u00e1m odkaz na va\u0161u e-mailov\u00fa adresu, aby ste si mohli stiahnu\u0165 katal\u00f3g v elektronickej podobe. povinn\u00e9 pole","og_url":"https:\/\/imaginox.com\/sk\/stiahnite-si-nas-katalog\/","og_site_name":"IMAGINOX","article_modified_time":"2024-03-31T17:49:01+00:00","twitter_card":"summary_large_image","schema":{"@context":"https:\/\/schema.org","@graph":[{"@type":"WebPage","@id":"https:\/\/imaginox.com\/sk\/stiahnite-si-nas-katalog\/","url":"https:\/\/imaginox.com\/sk\/stiahnite-si-nas-katalog\/","name":"Stiahnite si n\u00e1\u0161 katal\u00f3g \u2248 IMAGINOX","isPartOf":{"@id":"https:\/\/imaginox.com\/sk\/#website"},"datePublished":"2024-01-23T14:36:44+00:00","dateModified":"2024-03-31T17:49:01+00:00","breadcrumb":{"@id":"https:\/\/imaginox.com\/sk\/stiahnite-si-nas-katalog\/#breadcrumb"},"inLanguage":"sk-SK","potentialAction":[{"@type":"ReadAction","target":["https:\/\/imaginox.com\/sk\/stiahnite-si-nas-katalog\/"]}]},{"@type":"BreadcrumbList","@id":"https:\/\/imaginox.com\/sk\/stiahnite-si-nas-katalog\/#breadcrumb","itemListElement":[{"@type":"ListItem","position":1,"name":"Home","item":"https:\/\/imaginox.com\/sk\/"},{"@type":"ListItem","position":2,"name":"Stiahnite si n\u00e1\u0161 katal\u00f3g"}]},{"@type":"WebSite","@id":"https:\/\/imaginox.com\/sk\/#website","url":"https:\/\/imaginox.com\/sk\/","name":"IMAGINOX","description":"Nerezov\u00e9 baz\u00e9ny, v\u00edrivky a dal\u0161ie","publisher":{"@id":"https:\/\/imaginox.com\/sk\/#organization"},"potentialAction":[{"@type":"SearchAction","target":{"@type":"EntryPoint","urlTemplate":"https:\/\/imaginox.com\/sk\/?s={search_term_string}"},"query-input":{"@type":"PropertyValueSpecification","valueRequired":true,"valueName":"search_term_string"}}],"inLanguage":"sk-SK"},{"@type":"Organization","@id":"https:\/\/imaginox.com\/sk\/#organization","name":"IMAGINOX s.r.o.","url":"https:\/\/imaginox.com\/sk\/","logo":{"@type":"ImageObject","inLanguage":"sk-SK","@id":"https:\/\/imaginox.com\/sk\/#\/schema\/logo\/image\/","url":"https:\/\/imaginox.com\/wp-content\/uploads\/2021\/04\/imaginox-header-logo.png","contentUrl":"https:\/\/imaginox.com\/wp-content\/uploads\/2021\/04\/imaginox-header-logo.png","width":622,"height":88,"caption":"IMAGINOX s.r.o."},"image":{"@id":"https:\/\/imaginox.com\/sk\/#\/schema\/logo\/image\/"}}]}},"_links":{"self":[{"href":"https:\/\/imaginox.com\/sk\/wp-json\/wp\/v2\/pages\/10936","targetHints":{"allow":["GET"]}}],"collection":[{"href":"https:\/\/imaginox.com\/sk\/wp-json\/wp\/v2\/pages"}],"about":[{"href":"https:\/\/imaginox.com\/sk\/wp-json\/wp\/v2\/types\/page"}],"author":[{"embeddable":true,"href":"https:\/\/imaginox.com\/sk\/wp-json\/wp\/v2\/users\/11"}],"replies":[{"embeddable":true,"href":"https:\/\/imaginox.com\/sk\/wp-json\/wp\/v2\/comments?post=10936"}],"version-history":[{"count":2,"href":"https:\/\/imaginox.com\/sk\/wp-json\/wp\/v2\/pages\/10936\/revisions"}],"predecessor-version":[{"id":11264,"href":"https:\/\/imaginox.com\/sk\/wp-json\/wp\/v2\/pages\/10936\/revisions\/11264"}],"wp:attachment":[{"href":"https:\/\/imaginox.com\/sk\/wp-json\/wp\/v2\/media?parent=10936"}],"curies":[{"name":"wp","href":"https:\/\/api.w.org\/{rel}","templated":true}]}}