{"id":10940,"date":"2024-01-23T16:34:03","date_gmt":"2024-01-23T14:34:03","guid":{"rendered":"https:\/\/imaginox-com.boost.codes\/project-quotation\/"},"modified":"2024-03-28T15:59:08","modified_gmt":"2024-03-28T13:59:08","slug":"cenova-ponuka","status":"publish","type":"page","link":"https:\/\/imaginox.com\/sk\/cenova-ponuka\/","title":{"rendered":"Cenov\u00e1 ponuka"},"content":{"rendered":"<section class=\"section--catalogue section--light\">\n<div class=\"inner\">\n<h1 class=\"heading heading--bigger heading--center heading--black heading--underline\">Z\u00edskajte podrobn\u00fa cenov\u00fa ponuku projektu<\/h1>\n<div class=\"row\">\n<div class=\"col-xs-12 col-sm-12 col-md-2 col-lg-2\"><\/div>\n<div class=\"col-xs-12 col-sm-12 col-md-8 col-lg-8\">\n<p class=\"paragraph paragraph--medium align-center margin-top--05x\">Pl\u00e1nujete projekt wellness? Kontaktujte n\u00e1s! M\u00e1te ot\u00e1zky t\u00fdkaj\u00face sa na\u0161ich produktov? Sp\u00fdtajte sa n\u00e1s na viac inform\u00e1ci\u00ed! Odpovieme v\u00e1m \u010do najsk\u00f4r. M\u00f4\u017eete n\u00e1m tie\u017e zanecha\u0165 svoje telef\u00f3nne \u010d\u00edslo a my v\u00e1m zavol\u00e1me sp\u00e4\u0165.<\/p>\n<\/div>\n<div class=\"col-xs-12 col-sm-12 col-md-2 col-lg-2\"><\/div>\n<\/div>\n<div class=\"section--catalogue-form section--queries-form\"><span class=\"paragraph paragraph--medium section--catalogue-form-required-data input-required\">povinn\u00e9 pole<\/span><\/p>\n<div class=\"boost-space-forms\" id=\"bsf-id-39\"><\/div><script src=\"https:\/\/imaginox.system.boost.space\/api\/custom_form.js?id=39&integrity=24dc6291c2a1592004acbe43d2b9df9d&el=bsf-id-39&callback=boostSpaceFormsInit&csubmit=boostSpaceFormsSuccessSubmit&lang=sk&v=0.4.9\" data-form=\"boost-space\"><\/script>\n<\/div>\n<\/div>\n<p><!-- .inner --><br \/>\n<\/section>\n<p><!-- section products --><\/p>\n","protected":false},"excerpt":{"rendered":"Z\u00edskajte podrobn\u00fa cenov\u00fa ponuku projektu Pl\u00e1nujete projekt wellness? Kontaktujte n\u00e1s! M\u00e1te ot\u00e1zky t\u00fdkaj\u00face sa na\u0161ich produktov? Sp\u00fdtajte sa n\u00e1s na viac inform\u00e1ci\u00ed! Odpovieme v\u00e1m \u010do najsk\u00f4r. M\u00f4\u017eete n\u00e1m tie\u017e zanecha\u0165 svoje telef\u00f3nne \u010d\u00edslo a my v\u00e1m zavol\u00e1me sp\u00e4\u0165. povinn\u00e9 pole","protected":false},"author":11,"featured_media":0,"parent":0,"menu_order":0,"comment_status":"closed","ping_status":"closed","template":"","meta":{"_acf_changed":false,"inline_featured_image":false,"footnotes":""},"class_list":["post-10940","page","type-page","status-publish","hentry"],"acf":[],"yoast_head":"<!-- This site is optimized with the Yoast SEO plugin v27.3 - https:\/\/yoast.com\/product\/yoast-seo-wordpress\/ -->\n<title>Cenov\u00e1 ponuka \u2248 IMAGINOX<\/title>\n<meta name=\"robots\" content=\"index, follow, max-snippet:-1, max-image-preview:large, max-video-preview:-1\" \/>\n<link rel=\"canonical\" href=\"https:\/\/imaginox.com\/sk\/cenova-ponuka\/\" \/>\n<meta property=\"og:locale\" content=\"sk_SK\" \/>\n<meta property=\"og:type\" content=\"article\" \/>\n<meta property=\"og:title\" content=\"Cenov\u00e1 ponuka \u2248 IMAGINOX\" \/>\n<meta property=\"og:description\" content=\"Z\u00edskajte podrobn\u00fa cenov\u00fa ponuku projektu Pl\u00e1nujete projekt wellness? Kontaktujte n\u00e1s! M\u00e1te ot\u00e1zky t\u00fdkaj\u00face sa na\u0161ich produktov? Sp\u00fdtajte sa n\u00e1s na viac inform\u00e1ci\u00ed! Odpovieme v\u00e1m \u010do najsk\u00f4r. M\u00f4\u017eete n\u00e1m tie\u017e zanecha\u0165 svoje telef\u00f3nne \u010d\u00edslo a my v\u00e1m zavol\u00e1me sp\u00e4\u0165. povinn\u00e9 pole\" \/>\n<meta property=\"og:url\" content=\"https:\/\/imaginox.com\/sk\/cenova-ponuka\/\" \/>\n<meta property=\"og:site_name\" content=\"IMAGINOX\" \/>\n<meta property=\"article:modified_time\" content=\"2024-03-28T13:59:08+00:00\" \/>\n<meta name=\"twitter:card\" content=\"summary_large_image\" \/>\n<script type=\"application\/ld+json\" class=\"yoast-schema-graph\">{\"@context\":\"https:\\\/\\\/schema.org\",\"@graph\":[{\"@type\":\"WebPage\",\"@id\":\"https:\\\/\\\/imaginox.com\\\/sk\\\/cenova-ponuka\\\/\",\"url\":\"https:\\\/\\\/imaginox.com\\\/sk\\\/cenova-ponuka\\\/\",\"name\":\"Cenov\u00e1 ponuka \u2248 IMAGINOX\",\"isPartOf\":{\"@id\":\"https:\\\/\\\/imaginox.com\\\/sk\\\/#website\"},\"datePublished\":\"2024-01-23T14:34:03+00:00\",\"dateModified\":\"2024-03-28T13:59:08+00:00\",\"breadcrumb\":{\"@id\":\"https:\\\/\\\/imaginox.com\\\/sk\\\/cenova-ponuka\\\/#breadcrumb\"},\"inLanguage\":\"sk-SK\",\"potentialAction\":[{\"@type\":\"ReadAction\",\"target\":[\"https:\\\/\\\/imaginox.com\\\/sk\\\/cenova-ponuka\\\/\"]}]},{\"@type\":\"BreadcrumbList\",\"@id\":\"https:\\\/\\\/imaginox.com\\\/sk\\\/cenova-ponuka\\\/#breadcrumb\",\"itemListElement\":[{\"@type\":\"ListItem\",\"position\":1,\"name\":\"Home\",\"item\":\"https:\\\/\\\/imaginox.com\\\/sk\\\/\"},{\"@type\":\"ListItem\",\"position\":2,\"name\":\"Cenov\u00e1 ponuka\"}]},{\"@type\":\"WebSite\",\"@id\":\"https:\\\/\\\/imaginox.com\\\/sk\\\/#website\",\"url\":\"https:\\\/\\\/imaginox.com\\\/sk\\\/\",\"name\":\"IMAGINOX\",\"description\":\"Nerezov\u00e9 baz\u00e9ny, v\u00edrivky a dal\u0161ie\",\"publisher\":{\"@id\":\"https:\\\/\\\/imaginox.com\\\/sk\\\/#organization\"},\"potentialAction\":[{\"@type\":\"SearchAction\",\"target\":{\"@type\":\"EntryPoint\",\"urlTemplate\":\"https:\\\/\\\/imaginox.com\\\/sk\\\/?s={search_term_string}\"},\"query-input\":{\"@type\":\"PropertyValueSpecification\",\"valueRequired\":true,\"valueName\":\"search_term_string\"}}],\"inLanguage\":\"sk-SK\"},{\"@type\":\"Organization\",\"@id\":\"https:\\\/\\\/imaginox.com\\\/sk\\\/#organization\",\"name\":\"IMAGINOX s.r.o.\",\"url\":\"https:\\\/\\\/imaginox.com\\\/sk\\\/\",\"logo\":{\"@type\":\"ImageObject\",\"inLanguage\":\"sk-SK\",\"@id\":\"https:\\\/\\\/imaginox.com\\\/sk\\\/#\\\/schema\\\/logo\\\/image\\\/\",\"url\":\"https:\\\/\\\/imaginox.com\\\/wp-content\\\/uploads\\\/2021\\\/04\\\/imaginox-header-logo.png\",\"contentUrl\":\"https:\\\/\\\/imaginox.com\\\/wp-content\\\/uploads\\\/2021\\\/04\\\/imaginox-header-logo.png\",\"width\":622,\"height\":88,\"caption\":\"IMAGINOX s.r.o.\"},\"image\":{\"@id\":\"https:\\\/\\\/imaginox.com\\\/sk\\\/#\\\/schema\\\/logo\\\/image\\\/\"}}]}<\/script>\n<!-- \/ Yoast SEO plugin. -->","yoast_head_json":{"title":"Cenov\u00e1 ponuka \u2248 IMAGINOX","robots":{"index":"index","follow":"follow","max-snippet":"max-snippet:-1","max-image-preview":"max-image-preview:large","max-video-preview":"max-video-preview:-1"},"canonical":"https:\/\/imaginox.com\/sk\/cenova-ponuka\/","og_locale":"sk_SK","og_type":"article","og_title":"Cenov\u00e1 ponuka \u2248 IMAGINOX","og_description":"Z\u00edskajte podrobn\u00fa cenov\u00fa ponuku projektu Pl\u00e1nujete projekt wellness? Kontaktujte n\u00e1s! M\u00e1te ot\u00e1zky t\u00fdkaj\u00face sa na\u0161ich produktov? Sp\u00fdtajte sa n\u00e1s na viac inform\u00e1ci\u00ed! Odpovieme v\u00e1m \u010do najsk\u00f4r. M\u00f4\u017eete n\u00e1m tie\u017e zanecha\u0165 svoje telef\u00f3nne \u010d\u00edslo a my v\u00e1m zavol\u00e1me sp\u00e4\u0165. povinn\u00e9 pole","og_url":"https:\/\/imaginox.com\/sk\/cenova-ponuka\/","og_site_name":"IMAGINOX","article_modified_time":"2024-03-28T13:59:08+00:00","twitter_card":"summary_large_image","schema":{"@context":"https:\/\/schema.org","@graph":[{"@type":"WebPage","@id":"https:\/\/imaginox.com\/sk\/cenova-ponuka\/","url":"https:\/\/imaginox.com\/sk\/cenova-ponuka\/","name":"Cenov\u00e1 ponuka \u2248 IMAGINOX","isPartOf":{"@id":"https:\/\/imaginox.com\/sk\/#website"},"datePublished":"2024-01-23T14:34:03+00:00","dateModified":"2024-03-28T13:59:08+00:00","breadcrumb":{"@id":"https:\/\/imaginox.com\/sk\/cenova-ponuka\/#breadcrumb"},"inLanguage":"sk-SK","potentialAction":[{"@type":"ReadAction","target":["https:\/\/imaginox.com\/sk\/cenova-ponuka\/"]}]},{"@type":"BreadcrumbList","@id":"https:\/\/imaginox.com\/sk\/cenova-ponuka\/#breadcrumb","itemListElement":[{"@type":"ListItem","position":1,"name":"Home","item":"https:\/\/imaginox.com\/sk\/"},{"@type":"ListItem","position":2,"name":"Cenov\u00e1 ponuka"}]},{"@type":"WebSite","@id":"https:\/\/imaginox.com\/sk\/#website","url":"https:\/\/imaginox.com\/sk\/","name":"IMAGINOX","description":"Nerezov\u00e9 baz\u00e9ny, v\u00edrivky a dal\u0161ie","publisher":{"@id":"https:\/\/imaginox.com\/sk\/#organization"},"potentialAction":[{"@type":"SearchAction","target":{"@type":"EntryPoint","urlTemplate":"https:\/\/imaginox.com\/sk\/?s={search_term_string}"},"query-input":{"@type":"PropertyValueSpecification","valueRequired":true,"valueName":"search_term_string"}}],"inLanguage":"sk-SK"},{"@type":"Organization","@id":"https:\/\/imaginox.com\/sk\/#organization","name":"IMAGINOX s.r.o.","url":"https:\/\/imaginox.com\/sk\/","logo":{"@type":"ImageObject","inLanguage":"sk-SK","@id":"https:\/\/imaginox.com\/sk\/#\/schema\/logo\/image\/","url":"https:\/\/imaginox.com\/wp-content\/uploads\/2021\/04\/imaginox-header-logo.png","contentUrl":"https:\/\/imaginox.com\/wp-content\/uploads\/2021\/04\/imaginox-header-logo.png","width":622,"height":88,"caption":"IMAGINOX s.r.o."},"image":{"@id":"https:\/\/imaginox.com\/sk\/#\/schema\/logo\/image\/"}}]}},"_links":{"self":[{"href":"https:\/\/imaginox.com\/sk\/wp-json\/wp\/v2\/pages\/10940","targetHints":{"allow":["GET"]}}],"collection":[{"href":"https:\/\/imaginox.com\/sk\/wp-json\/wp\/v2\/pages"}],"about":[{"href":"https:\/\/imaginox.com\/sk\/wp-json\/wp\/v2\/types\/page"}],"author":[{"embeddable":true,"href":"https:\/\/imaginox.com\/sk\/wp-json\/wp\/v2\/users\/11"}],"replies":[{"embeddable":true,"href":"https:\/\/imaginox.com\/sk\/wp-json\/wp\/v2\/comments?post=10940"}],"version-history":[{"count":2,"href":"https:\/\/imaginox.com\/sk\/wp-json\/wp\/v2\/pages\/10940\/revisions"}],"predecessor-version":[{"id":11249,"href":"https:\/\/imaginox.com\/sk\/wp-json\/wp\/v2\/pages\/10940\/revisions\/11249"}],"wp:attachment":[{"href":"https:\/\/imaginox.com\/sk\/wp-json\/wp\/v2\/media?parent=10940"}],"curies":[{"name":"wp","href":"https:\/\/api.w.org\/{rel}","templated":true}]}}