{"id":11307,"date":"2024-04-10T21:26:23","date_gmt":"2024-04-10T19:26:23","guid":{"rendered":"https:\/\/imaginox.com\/?page_id=11307"},"modified":"2024-04-30T18:15:37","modified_gmt":"2024-04-30T16:15:37","slug":"stiahnite-si-knihu-referencii","status":"publish","type":"page","link":"https:\/\/imaginox.com\/sk\/stiahnite-si-knihu-referencii\/","title":{"rendered":"Stiahnite si knihu referenci\u00ed"},"content":{"rendered":"<section class=\"section--catalogue section--light\">\n<div class=\"inner\">\n<h1 class=\"heading heading--bigger heading--center heading--black heading--underline\">Stiahnite si knihu referenci\u00ed<\/h1>\n<div class=\"col-12 catalogue-download-button-margin margin-top--05x\">\n                        <a download=\"Stiahnite si knihu referenci\u00ed\" href=\"https:\/\/imaginox.com\/wp-content\/uploads\/2024\/04\/IMAGINOX_kniha_referenci_EN.pdf\" rel=\"noopener noreferrer\" class=\"button button--small button--arrow button--shadow\">Stiahnite si knihu referenci\u00ed<\/a>\n                    <\/div>\n<div class=\"row\">\n<div class=\"col-xs-12 col-sm-12 col-md-2 col-lg-2\"><\/div>\n<div class=\"col-xs-12 col-sm-12 col-md-8 col-lg-8\"><\/div>\n<div class=\"col-xs-12 col-sm-12 col-md-2 col-lg-2\"><\/div><\/div>\n<div style=\"position:relative;padding-top:max(60%,326px);height:0;width:100%\"><iframe allow=\"clipboard-write\" sandbox=\"allow-top-navigation allow-top-navigation-by-user-activation allow-downloads allow-scripts allow-same-origin allow-popups allow-modals allow-popups-to-escape-sandbox allow-forms\" allowfullscreen=\"true\" style=\"position:absolute;border:none;width:100%;height:100%;left:0;right:0;top:0;bottom:0;\" src=\"https:\/\/e.issuu.com\/embed.html?d=kniha_referenc_ablona_web_ea206e8d02477c&#038;u=aquamarinespamarketing\"><\/iframe><\/div><\/div>\n<p> <!-- .inner --><br \/>\n<\/section>\n<p> <!-- section products --><\/p>\n","protected":false},"excerpt":{"rendered":"Stiahnite si knihu referenci\u00ed Stiahnite si knihu referenci\u00ed","protected":false},"author":11,"featured_media":0,"parent":0,"menu_order":0,"comment_status":"closed","ping_status":"closed","template":"","meta":{"_acf_changed":false,"inline_featured_image":false,"footnotes":""},"class_list":["post-11307","page","type-page","status-publish","hentry"],"acf":[],"yoast_head":"<!-- This site is optimized with the Yoast SEO plugin v27.3 - https:\/\/yoast.com\/product\/yoast-seo-wordpress\/ -->\n<title>Stiahnite si knihu referenci\u00ed \u2248 IMAGINOX<\/title>\n<meta name=\"robots\" content=\"index, follow, max-snippet:-1, max-image-preview:large, max-video-preview:-1\" \/>\n<link rel=\"canonical\" href=\"https:\/\/imaginox.com\/sk\/stiahnite-si-knihu-referencii\/\" \/>\n<meta property=\"og:locale\" content=\"sk_SK\" \/>\n<meta property=\"og:type\" content=\"article\" \/>\n<meta property=\"og:title\" content=\"Stiahnite si knihu referenci\u00ed \u2248 IMAGINOX\" \/>\n<meta property=\"og:description\" content=\"Stiahnite si knihu referenci\u00ed Stiahnite si knihu referenci\u00ed\" \/>\n<meta property=\"og:url\" content=\"https:\/\/imaginox.com\/sk\/stiahnite-si-knihu-referencii\/\" \/>\n<meta property=\"og:site_name\" content=\"IMAGINOX\" \/>\n<meta property=\"article:modified_time\" content=\"2024-04-30T16:15:37+00:00\" \/>\n<meta name=\"twitter:card\" content=\"summary_large_image\" \/>\n<script type=\"application\/ld+json\" class=\"yoast-schema-graph\">{\"@context\":\"https:\\\/\\\/schema.org\",\"@graph\":[{\"@type\":\"WebPage\",\"@id\":\"https:\\\/\\\/imaginox.com\\\/sk\\\/stiahnite-si-knihu-referencii\\\/\",\"url\":\"https:\\\/\\\/imaginox.com\\\/sk\\\/stiahnite-si-knihu-referencii\\\/\",\"name\":\"Stiahnite si knihu referenci\u00ed \u2248 IMAGINOX\",\"isPartOf\":{\"@id\":\"https:\\\/\\\/imaginox.com\\\/sk\\\/#website\"},\"datePublished\":\"2024-04-10T19:26:23+00:00\",\"dateModified\":\"2024-04-30T16:15:37+00:00\",\"breadcrumb\":{\"@id\":\"https:\\\/\\\/imaginox.com\\\/sk\\\/stiahnite-si-knihu-referencii\\\/#breadcrumb\"},\"inLanguage\":\"sk-SK\",\"potentialAction\":[{\"@type\":\"ReadAction\",\"target\":[\"https:\\\/\\\/imaginox.com\\\/sk\\\/stiahnite-si-knihu-referencii\\\/\"]}]},{\"@type\":\"BreadcrumbList\",\"@id\":\"https:\\\/\\\/imaginox.com\\\/sk\\\/stiahnite-si-knihu-referencii\\\/#breadcrumb\",\"itemListElement\":[{\"@type\":\"ListItem\",\"position\":1,\"name\":\"Home\",\"item\":\"https:\\\/\\\/imaginox.com\\\/sk\\\/\"},{\"@type\":\"ListItem\",\"position\":2,\"name\":\"Stiahnite si knihu referenci\u00ed\"}]},{\"@type\":\"WebSite\",\"@id\":\"https:\\\/\\\/imaginox.com\\\/sk\\\/#website\",\"url\":\"https:\\\/\\\/imaginox.com\\\/sk\\\/\",\"name\":\"IMAGINOX\",\"description\":\"Nerezov\u00e9 baz\u00e9ny, v\u00edrivky a dal\u0161ie\",\"publisher\":{\"@id\":\"https:\\\/\\\/imaginox.com\\\/sk\\\/#organization\"},\"potentialAction\":[{\"@type\":\"SearchAction\",\"target\":{\"@type\":\"EntryPoint\",\"urlTemplate\":\"https:\\\/\\\/imaginox.com\\\/sk\\\/?s={search_term_string}\"},\"query-input\":{\"@type\":\"PropertyValueSpecification\",\"valueRequired\":true,\"valueName\":\"search_term_string\"}}],\"inLanguage\":\"sk-SK\"},{\"@type\":\"Organization\",\"@id\":\"https:\\\/\\\/imaginox.com\\\/sk\\\/#organization\",\"name\":\"IMAGINOX s.r.o.\",\"url\":\"https:\\\/\\\/imaginox.com\\\/sk\\\/\",\"logo\":{\"@type\":\"ImageObject\",\"inLanguage\":\"sk-SK\",\"@id\":\"https:\\\/\\\/imaginox.com\\\/sk\\\/#\\\/schema\\\/logo\\\/image\\\/\",\"url\":\"https:\\\/\\\/imaginox.com\\\/wp-content\\\/uploads\\\/2021\\\/04\\\/imaginox-header-logo.png\",\"contentUrl\":\"https:\\\/\\\/imaginox.com\\\/wp-content\\\/uploads\\\/2021\\\/04\\\/imaginox-header-logo.png\",\"width\":622,\"height\":88,\"caption\":\"IMAGINOX s.r.o.\"},\"image\":{\"@id\":\"https:\\\/\\\/imaginox.com\\\/sk\\\/#\\\/schema\\\/logo\\\/image\\\/\"}}]}<\/script>\n<!-- \/ Yoast SEO plugin. -->","yoast_head_json":{"title":"Stiahnite si knihu referenci\u00ed \u2248 IMAGINOX","robots":{"index":"index","follow":"follow","max-snippet":"max-snippet:-1","max-image-preview":"max-image-preview:large","max-video-preview":"max-video-preview:-1"},"canonical":"https:\/\/imaginox.com\/sk\/stiahnite-si-knihu-referencii\/","og_locale":"sk_SK","og_type":"article","og_title":"Stiahnite si knihu referenci\u00ed \u2248 IMAGINOX","og_description":"Stiahnite si knihu referenci\u00ed Stiahnite si knihu referenci\u00ed","og_url":"https:\/\/imaginox.com\/sk\/stiahnite-si-knihu-referencii\/","og_site_name":"IMAGINOX","article_modified_time":"2024-04-30T16:15:37+00:00","twitter_card":"summary_large_image","schema":{"@context":"https:\/\/schema.org","@graph":[{"@type":"WebPage","@id":"https:\/\/imaginox.com\/sk\/stiahnite-si-knihu-referencii\/","url":"https:\/\/imaginox.com\/sk\/stiahnite-si-knihu-referencii\/","name":"Stiahnite si knihu referenci\u00ed \u2248 IMAGINOX","isPartOf":{"@id":"https:\/\/imaginox.com\/sk\/#website"},"datePublished":"2024-04-10T19:26:23+00:00","dateModified":"2024-04-30T16:15:37+00:00","breadcrumb":{"@id":"https:\/\/imaginox.com\/sk\/stiahnite-si-knihu-referencii\/#breadcrumb"},"inLanguage":"sk-SK","potentialAction":[{"@type":"ReadAction","target":["https:\/\/imaginox.com\/sk\/stiahnite-si-knihu-referencii\/"]}]},{"@type":"BreadcrumbList","@id":"https:\/\/imaginox.com\/sk\/stiahnite-si-knihu-referencii\/#breadcrumb","itemListElement":[{"@type":"ListItem","position":1,"name":"Home","item":"https:\/\/imaginox.com\/sk\/"},{"@type":"ListItem","position":2,"name":"Stiahnite si knihu referenci\u00ed"}]},{"@type":"WebSite","@id":"https:\/\/imaginox.com\/sk\/#website","url":"https:\/\/imaginox.com\/sk\/","name":"IMAGINOX","description":"Nerezov\u00e9 baz\u00e9ny, v\u00edrivky a dal\u0161ie","publisher":{"@id":"https:\/\/imaginox.com\/sk\/#organization"},"potentialAction":[{"@type":"SearchAction","target":{"@type":"EntryPoint","urlTemplate":"https:\/\/imaginox.com\/sk\/?s={search_term_string}"},"query-input":{"@type":"PropertyValueSpecification","valueRequired":true,"valueName":"search_term_string"}}],"inLanguage":"sk-SK"},{"@type":"Organization","@id":"https:\/\/imaginox.com\/sk\/#organization","name":"IMAGINOX s.r.o.","url":"https:\/\/imaginox.com\/sk\/","logo":{"@type":"ImageObject","inLanguage":"sk-SK","@id":"https:\/\/imaginox.com\/sk\/#\/schema\/logo\/image\/","url":"https:\/\/imaginox.com\/wp-content\/uploads\/2021\/04\/imaginox-header-logo.png","contentUrl":"https:\/\/imaginox.com\/wp-content\/uploads\/2021\/04\/imaginox-header-logo.png","width":622,"height":88,"caption":"IMAGINOX s.r.o."},"image":{"@id":"https:\/\/imaginox.com\/sk\/#\/schema\/logo\/image\/"}}]}},"_links":{"self":[{"href":"https:\/\/imaginox.com\/sk\/wp-json\/wp\/v2\/pages\/11307","targetHints":{"allow":["GET"]}}],"collection":[{"href":"https:\/\/imaginox.com\/sk\/wp-json\/wp\/v2\/pages"}],"about":[{"href":"https:\/\/imaginox.com\/sk\/wp-json\/wp\/v2\/types\/page"}],"author":[{"embeddable":true,"href":"https:\/\/imaginox.com\/sk\/wp-json\/wp\/v2\/users\/11"}],"replies":[{"embeddable":true,"href":"https:\/\/imaginox.com\/sk\/wp-json\/wp\/v2\/comments?post=11307"}],"version-history":[{"count":4,"href":"https:\/\/imaginox.com\/sk\/wp-json\/wp\/v2\/pages\/11307\/revisions"}],"predecessor-version":[{"id":11381,"href":"https:\/\/imaginox.com\/sk\/wp-json\/wp\/v2\/pages\/11307\/revisions\/11381"}],"wp:attachment":[{"href":"https:\/\/imaginox.com\/sk\/wp-json\/wp\/v2\/media?parent=11307"}],"curies":[{"name":"wp","href":"https:\/\/api.w.org\/{rel}","templated":true}]}}