{"id":14335,"date":"2025-04-24T16:31:11","date_gmt":"2025-04-24T14:31:11","guid":{"rendered":"https:\/\/imaginox.com\/vyrobky\/nerezove-bazeny-a-virivky-2\/"},"modified":"2025-09-18T11:07:16","modified_gmt":"2025-09-18T09:07:16","slug":"bazeny-a-virivky-z-nerezu","status":"publish","type":"page","link":"https:\/\/imaginox.com\/sk\/vyrobky\/bazeny-a-virivky-z-nerezu\/","title":{"rendered":"Baz\u00e9ny a v\u00edrivky z nerezu"},"content":{"rendered":"","protected":false},"excerpt":{"rendered":"","protected":false},"author":17,"featured_media":0,"parent":6972,"menu_order":0,"comment_status":"closed","ping_status":"closed","template":"nerezove-bazeny-virivky-acf.php","meta":{"_acf_changed":false,"inline_featured_image":false,"footnotes":""},"class_list":["post-14335","page","type-page","status-publish","hentry"],"acf":[],"yoast_head":"<!-- This site is optimized with the Yoast SEO plugin v27.3 - https:\/\/yoast.com\/product\/yoast-seo-wordpress\/ -->\n<title>Baz\u00e9ny a v\u00edrivky z nerezu \u2248 IMAGINOX<\/title>\n<meta name=\"description\" content=\"Baz\u00e9n m\u00f4\u017ee by\u0165 viac ne\u017e len miestom na ochladenie \u2013 m\u00f4\u017ee sa sta\u0165 dizajnov\u00fdm prvkom a posun\u00fa\u0165 v\u00e1\u0161 relaxa\u010dn\u00fd alebo wellness priestor na \u00faplne nov\u00fa \u00farove\u0148.\" \/>\n<meta name=\"robots\" content=\"index, follow, max-snippet:-1, max-image-preview:large, max-video-preview:-1\" \/>\n<link rel=\"canonical\" href=\"https:\/\/imaginox.com\/sk\/vyrobky\/bazeny-a-virivky-z-nerezu\/\" \/>\n<meta property=\"og:locale\" content=\"sk_SK\" \/>\n<meta property=\"og:type\" content=\"article\" \/>\n<meta property=\"og:title\" content=\"Baz\u00e9ny a v\u00edrivky z nerezu \u2248 IMAGINOX\" \/>\n<meta property=\"og:description\" content=\"Baz\u00e9n m\u00f4\u017ee by\u0165 viac ne\u017e len miestom na ochladenie \u2013 m\u00f4\u017ee sa sta\u0165 dizajnov\u00fdm prvkom a posun\u00fa\u0165 v\u00e1\u0161 relaxa\u010dn\u00fd alebo wellness priestor na \u00faplne nov\u00fa \u00farove\u0148.\" \/>\n<meta property=\"og:url\" content=\"https:\/\/imaginox.com\/sk\/vyrobky\/bazeny-a-virivky-z-nerezu\/\" \/>\n<meta property=\"og:site_name\" content=\"IMAGINOX\" \/>\n<meta property=\"article:modified_time\" content=\"2025-09-18T09:07:16+00:00\" \/>\n<meta name=\"twitter:card\" content=\"summary_large_image\" \/>\n<script type=\"application\/ld+json\" class=\"yoast-schema-graph\">{\"@context\":\"https:\\\/\\\/schema.org\",\"@graph\":[{\"@type\":\"WebPage\",\"@id\":\"https:\\\/\\\/imaginox.com\\\/sk\\\/vyrobky\\\/bazeny-a-virivky-z-nerezu\\\/\",\"url\":\"https:\\\/\\\/imaginox.com\\\/sk\\\/vyrobky\\\/bazeny-a-virivky-z-nerezu\\\/\",\"name\":\"Baz\u00e9ny a v\u00edrivky z nerezu \u2248 IMAGINOX\",\"isPartOf\":{\"@id\":\"https:\\\/\\\/imaginox.com\\\/sk\\\/#website\"},\"datePublished\":\"2025-04-24T14:31:11+00:00\",\"dateModified\":\"2025-09-18T09:07:16+00:00\",\"description\":\"Baz\u00e9n m\u00f4\u017ee by\u0165 viac ne\u017e len miestom na ochladenie \u2013 m\u00f4\u017ee sa sta\u0165 dizajnov\u00fdm prvkom a posun\u00fa\u0165 v\u00e1\u0161 relaxa\u010dn\u00fd alebo wellness priestor na \u00faplne nov\u00fa \u00farove\u0148.\",\"breadcrumb\":{\"@id\":\"https:\\\/\\\/imaginox.com\\\/sk\\\/vyrobky\\\/bazeny-a-virivky-z-nerezu\\\/#breadcrumb\"},\"inLanguage\":\"sk-SK\",\"potentialAction\":[{\"@type\":\"ReadAction\",\"target\":[\"https:\\\/\\\/imaginox.com\\\/sk\\\/vyrobky\\\/bazeny-a-virivky-z-nerezu\\\/\"]}]},{\"@type\":\"BreadcrumbList\",\"@id\":\"https:\\\/\\\/imaginox.com\\\/sk\\\/vyrobky\\\/bazeny-a-virivky-z-nerezu\\\/#breadcrumb\",\"itemListElement\":[{\"@type\":\"ListItem\",\"position\":1,\"name\":\"Home\",\"item\":\"https:\\\/\\\/imaginox.com\\\/sk\\\/\"},{\"@type\":\"ListItem\",\"position\":2,\"name\":\"V\u00fdrobky\",\"item\":\"https:\\\/\\\/imaginox.com\\\/sk\\\/vyrobky\\\/\"},{\"@type\":\"ListItem\",\"position\":3,\"name\":\"Baz\u00e9ny a v\u00edrivky z nerezu\"}]},{\"@type\":\"WebSite\",\"@id\":\"https:\\\/\\\/imaginox.com\\\/sk\\\/#website\",\"url\":\"https:\\\/\\\/imaginox.com\\\/sk\\\/\",\"name\":\"IMAGINOX\",\"description\":\"Nerezov\u00e9 baz\u00e9ny, v\u00edrivky a dal\u0161ie\",\"publisher\":{\"@id\":\"https:\\\/\\\/imaginox.com\\\/sk\\\/#organization\"},\"potentialAction\":[{\"@type\":\"SearchAction\",\"target\":{\"@type\":\"EntryPoint\",\"urlTemplate\":\"https:\\\/\\\/imaginox.com\\\/sk\\\/?s={search_term_string}\"},\"query-input\":{\"@type\":\"PropertyValueSpecification\",\"valueRequired\":true,\"valueName\":\"search_term_string\"}}],\"inLanguage\":\"sk-SK\"},{\"@type\":\"Organization\",\"@id\":\"https:\\\/\\\/imaginox.com\\\/sk\\\/#organization\",\"name\":\"IMAGINOX s.r.o.\",\"url\":\"https:\\\/\\\/imaginox.com\\\/sk\\\/\",\"logo\":{\"@type\":\"ImageObject\",\"inLanguage\":\"sk-SK\",\"@id\":\"https:\\\/\\\/imaginox.com\\\/sk\\\/#\\\/schema\\\/logo\\\/image\\\/\",\"url\":\"https:\\\/\\\/imaginox.com\\\/wp-content\\\/uploads\\\/2021\\\/04\\\/imaginox-header-logo.png\",\"contentUrl\":\"https:\\\/\\\/imaginox.com\\\/wp-content\\\/uploads\\\/2021\\\/04\\\/imaginox-header-logo.png\",\"width\":622,\"height\":88,\"caption\":\"IMAGINOX s.r.o.\"},\"image\":{\"@id\":\"https:\\\/\\\/imaginox.com\\\/sk\\\/#\\\/schema\\\/logo\\\/image\\\/\"}}]}<\/script>\n<!-- \/ Yoast SEO plugin. -->","yoast_head_json":{"title":"Baz\u00e9ny a v\u00edrivky z nerezu \u2248 IMAGINOX","description":"Baz\u00e9n m\u00f4\u017ee by\u0165 viac ne\u017e len miestom na ochladenie \u2013 m\u00f4\u017ee sa sta\u0165 dizajnov\u00fdm prvkom a posun\u00fa\u0165 v\u00e1\u0161 relaxa\u010dn\u00fd alebo wellness priestor na \u00faplne nov\u00fa \u00farove\u0148.","robots":{"index":"index","follow":"follow","max-snippet":"max-snippet:-1","max-image-preview":"max-image-preview:large","max-video-preview":"max-video-preview:-1"},"canonical":"https:\/\/imaginox.com\/sk\/vyrobky\/bazeny-a-virivky-z-nerezu\/","og_locale":"sk_SK","og_type":"article","og_title":"Baz\u00e9ny a v\u00edrivky z nerezu \u2248 IMAGINOX","og_description":"Baz\u00e9n m\u00f4\u017ee by\u0165 viac ne\u017e len miestom na ochladenie \u2013 m\u00f4\u017ee sa sta\u0165 dizajnov\u00fdm prvkom a posun\u00fa\u0165 v\u00e1\u0161 relaxa\u010dn\u00fd alebo wellness priestor na \u00faplne nov\u00fa \u00farove\u0148.","og_url":"https:\/\/imaginox.com\/sk\/vyrobky\/bazeny-a-virivky-z-nerezu\/","og_site_name":"IMAGINOX","article_modified_time":"2025-09-18T09:07:16+00:00","twitter_card":"summary_large_image","schema":{"@context":"https:\/\/schema.org","@graph":[{"@type":"WebPage","@id":"https:\/\/imaginox.com\/sk\/vyrobky\/bazeny-a-virivky-z-nerezu\/","url":"https:\/\/imaginox.com\/sk\/vyrobky\/bazeny-a-virivky-z-nerezu\/","name":"Baz\u00e9ny a v\u00edrivky z nerezu \u2248 IMAGINOX","isPartOf":{"@id":"https:\/\/imaginox.com\/sk\/#website"},"datePublished":"2025-04-24T14:31:11+00:00","dateModified":"2025-09-18T09:07:16+00:00","description":"Baz\u00e9n m\u00f4\u017ee by\u0165 viac ne\u017e len miestom na ochladenie \u2013 m\u00f4\u017ee sa sta\u0165 dizajnov\u00fdm prvkom a posun\u00fa\u0165 v\u00e1\u0161 relaxa\u010dn\u00fd alebo wellness priestor na \u00faplne nov\u00fa \u00farove\u0148.","breadcrumb":{"@id":"https:\/\/imaginox.com\/sk\/vyrobky\/bazeny-a-virivky-z-nerezu\/#breadcrumb"},"inLanguage":"sk-SK","potentialAction":[{"@type":"ReadAction","target":["https:\/\/imaginox.com\/sk\/vyrobky\/bazeny-a-virivky-z-nerezu\/"]}]},{"@type":"BreadcrumbList","@id":"https:\/\/imaginox.com\/sk\/vyrobky\/bazeny-a-virivky-z-nerezu\/#breadcrumb","itemListElement":[{"@type":"ListItem","position":1,"name":"Home","item":"https:\/\/imaginox.com\/sk\/"},{"@type":"ListItem","position":2,"name":"V\u00fdrobky","item":"https:\/\/imaginox.com\/sk\/vyrobky\/"},{"@type":"ListItem","position":3,"name":"Baz\u00e9ny a v\u00edrivky z nerezu"}]},{"@type":"WebSite","@id":"https:\/\/imaginox.com\/sk\/#website","url":"https:\/\/imaginox.com\/sk\/","name":"IMAGINOX","description":"Nerezov\u00e9 baz\u00e9ny, v\u00edrivky a dal\u0161ie","publisher":{"@id":"https:\/\/imaginox.com\/sk\/#organization"},"potentialAction":[{"@type":"SearchAction","target":{"@type":"EntryPoint","urlTemplate":"https:\/\/imaginox.com\/sk\/?s={search_term_string}"},"query-input":{"@type":"PropertyValueSpecification","valueRequired":true,"valueName":"search_term_string"}}],"inLanguage":"sk-SK"},{"@type":"Organization","@id":"https:\/\/imaginox.com\/sk\/#organization","name":"IMAGINOX s.r.o.","url":"https:\/\/imaginox.com\/sk\/","logo":{"@type":"ImageObject","inLanguage":"sk-SK","@id":"https:\/\/imaginox.com\/sk\/#\/schema\/logo\/image\/","url":"https:\/\/imaginox.com\/wp-content\/uploads\/2021\/04\/imaginox-header-logo.png","contentUrl":"https:\/\/imaginox.com\/wp-content\/uploads\/2021\/04\/imaginox-header-logo.png","width":622,"height":88,"caption":"IMAGINOX s.r.o."},"image":{"@id":"https:\/\/imaginox.com\/sk\/#\/schema\/logo\/image\/"}}]}},"_links":{"self":[{"href":"https:\/\/imaginox.com\/sk\/wp-json\/wp\/v2\/pages\/14335","targetHints":{"allow":["GET"]}}],"collection":[{"href":"https:\/\/imaginox.com\/sk\/wp-json\/wp\/v2\/pages"}],"about":[{"href":"https:\/\/imaginox.com\/sk\/wp-json\/wp\/v2\/types\/page"}],"author":[{"embeddable":true,"href":"https:\/\/imaginox.com\/sk\/wp-json\/wp\/v2\/users\/17"}],"replies":[{"embeddable":true,"href":"https:\/\/imaginox.com\/sk\/wp-json\/wp\/v2\/comments?post=14335"}],"version-history":[{"count":3,"href":"https:\/\/imaginox.com\/sk\/wp-json\/wp\/v2\/pages\/14335\/revisions"}],"predecessor-version":[{"id":16126,"href":"https:\/\/imaginox.com\/sk\/wp-json\/wp\/v2\/pages\/14335\/revisions\/16126"}],"up":[{"embeddable":true,"href":"https:\/\/imaginox.com\/sk\/wp-json\/wp\/v2\/pages\/6972"}],"wp:attachment":[{"href":"https:\/\/imaginox.com\/sk\/wp-json\/wp\/v2\/media?parent=14335"}],"curies":[{"name":"wp","href":"https:\/\/api.w.org\/{rel}","templated":true}]}}