{"id":6595,"date":"2020-06-18T10:04:27","date_gmt":"2020-06-18T10:04:27","guid":{"rendered":"https:\/\/imaginox.eu\/whirlpools\/"},"modified":"2025-05-10T00:16:27","modified_gmt":"2025-05-09T22:16:27","slug":"posuvne-dna-a-terasy-x","status":"publish","type":"page","link":"https:\/\/imaginox.com\/sk\/vyrobky\/posuvne-dna-a-terasy-x\/","title":{"rendered":"Posuvn\u00e9 dn\u00e1 a terasy"},"content":{"rendered":"","protected":false},"excerpt":{"rendered":"","protected":false},"author":1,"featured_media":0,"parent":6972,"menu_order":0,"comment_status":"closed","ping_status":"closed","template":"pool-floors.php","meta":{"_acf_changed":false,"inline_featured_image":false,"footnotes":""},"class_list":["post-6595","page","type-page","status-publish","hentry"],"acf":[],"yoast_head":"<!-- This site is optimized with the Yoast SEO plugin v27.3 - https:\/\/yoast.com\/product\/yoast-seo-wordpress\/ -->\n<title>Posuvn\u00e9 dn\u00e1 a terasy \u2248 IMAGINOX<\/title>\n<meta name=\"description\" content=\"Nerezov\u00e9 v\u00edrivky IMAGINOX s\u00fa luxusnou alternat\u00edvou ku klasick\u00fdm akryl\u00e1tov\u00fdm v\u00edriv\u00fdm vaniam. Modern\u00fd \u0161t\u00fdlov\u00fd vzh\u013ead nerezov\u00e9ho materi\u00e1lu je aj ve\u013emi praktick\u00fd.\" \/>\n<meta name=\"robots\" content=\"index, follow, max-snippet:-1, max-image-preview:large, max-video-preview:-1\" \/>\n<link rel=\"canonical\" href=\"https:\/\/imaginox.com\/sk\/vyrobky\/posuvne-dna-a-terasy-x\/\" \/>\n<meta property=\"og:locale\" content=\"sk_SK\" \/>\n<meta property=\"og:type\" content=\"article\" \/>\n<meta property=\"og:title\" content=\"Posuvn\u00e9 dn\u00e1 a terasy \u2248 IMAGINOX\" \/>\n<meta property=\"og:description\" content=\"Nerezov\u00e9 v\u00edrivky IMAGINOX s\u00fa luxusnou alternat\u00edvou ku klasick\u00fdm akryl\u00e1tov\u00fdm v\u00edriv\u00fdm vaniam. Modern\u00fd \u0161t\u00fdlov\u00fd vzh\u013ead nerezov\u00e9ho materi\u00e1lu je aj ve\u013emi praktick\u00fd.\" \/>\n<meta property=\"og:url\" content=\"https:\/\/imaginox.com\/sk\/vyrobky\/posuvne-dna-a-terasy-x\/\" \/>\n<meta property=\"og:site_name\" content=\"IMAGINOX\" \/>\n<meta property=\"article:modified_time\" content=\"2025-05-09T22:16:27+00:00\" \/>\n<meta name=\"twitter:card\" content=\"summary_large_image\" \/>\n<script type=\"application\/ld+json\" class=\"yoast-schema-graph\">{\"@context\":\"https:\\\/\\\/schema.org\",\"@graph\":[{\"@type\":\"WebPage\",\"@id\":\"https:\\\/\\\/imaginox.com\\\/sk\\\/vyrobky\\\/posuvne-dna-a-terasy-x\\\/\",\"url\":\"https:\\\/\\\/imaginox.com\\\/sk\\\/vyrobky\\\/posuvne-dna-a-terasy-x\\\/\",\"name\":\"Posuvn\u00e9 dn\u00e1 a terasy \u2248 IMAGINOX\",\"isPartOf\":{\"@id\":\"https:\\\/\\\/imaginox.com\\\/sk\\\/#website\"},\"datePublished\":\"2020-06-18T10:04:27+00:00\",\"dateModified\":\"2025-05-09T22:16:27+00:00\",\"description\":\"Nerezov\u00e9 v\u00edrivky IMAGINOX s\u00fa luxusnou alternat\u00edvou ku klasick\u00fdm akryl\u00e1tov\u00fdm v\u00edriv\u00fdm vaniam. Modern\u00fd \u0161t\u00fdlov\u00fd vzh\u013ead nerezov\u00e9ho materi\u00e1lu je aj ve\u013emi praktick\u00fd.\",\"breadcrumb\":{\"@id\":\"https:\\\/\\\/imaginox.com\\\/sk\\\/vyrobky\\\/posuvne-dna-a-terasy-x\\\/#breadcrumb\"},\"inLanguage\":\"sk-SK\",\"potentialAction\":[{\"@type\":\"ReadAction\",\"target\":[\"https:\\\/\\\/imaginox.com\\\/sk\\\/vyrobky\\\/posuvne-dna-a-terasy-x\\\/\"]}]},{\"@type\":\"BreadcrumbList\",\"@id\":\"https:\\\/\\\/imaginox.com\\\/sk\\\/vyrobky\\\/posuvne-dna-a-terasy-x\\\/#breadcrumb\",\"itemListElement\":[{\"@type\":\"ListItem\",\"position\":1,\"name\":\"Home\",\"item\":\"https:\\\/\\\/imaginox.com\\\/sk\\\/\"},{\"@type\":\"ListItem\",\"position\":2,\"name\":\"V\u00fdrobky\",\"item\":\"https:\\\/\\\/imaginox.com\\\/sk\\\/vyrobky\\\/\"},{\"@type\":\"ListItem\",\"position\":3,\"name\":\"Posuvn\u00e9 dn\u00e1 a terasy\"}]},{\"@type\":\"WebSite\",\"@id\":\"https:\\\/\\\/imaginox.com\\\/sk\\\/#website\",\"url\":\"https:\\\/\\\/imaginox.com\\\/sk\\\/\",\"name\":\"IMAGINOX\",\"description\":\"Nerezov\u00e9 baz\u00e9ny, v\u00edrivky a dal\u0161ie\",\"publisher\":{\"@id\":\"https:\\\/\\\/imaginox.com\\\/sk\\\/#organization\"},\"potentialAction\":[{\"@type\":\"SearchAction\",\"target\":{\"@type\":\"EntryPoint\",\"urlTemplate\":\"https:\\\/\\\/imaginox.com\\\/sk\\\/?s={search_term_string}\"},\"query-input\":{\"@type\":\"PropertyValueSpecification\",\"valueRequired\":true,\"valueName\":\"search_term_string\"}}],\"inLanguage\":\"sk-SK\"},{\"@type\":\"Organization\",\"@id\":\"https:\\\/\\\/imaginox.com\\\/sk\\\/#organization\",\"name\":\"IMAGINOX s.r.o.\",\"url\":\"https:\\\/\\\/imaginox.com\\\/sk\\\/\",\"logo\":{\"@type\":\"ImageObject\",\"inLanguage\":\"sk-SK\",\"@id\":\"https:\\\/\\\/imaginox.com\\\/sk\\\/#\\\/schema\\\/logo\\\/image\\\/\",\"url\":\"https:\\\/\\\/imaginox.com\\\/wp-content\\\/uploads\\\/2021\\\/04\\\/imaginox-header-logo.png\",\"contentUrl\":\"https:\\\/\\\/imaginox.com\\\/wp-content\\\/uploads\\\/2021\\\/04\\\/imaginox-header-logo.png\",\"width\":622,\"height\":88,\"caption\":\"IMAGINOX s.r.o.\"},\"image\":{\"@id\":\"https:\\\/\\\/imaginox.com\\\/sk\\\/#\\\/schema\\\/logo\\\/image\\\/\"}}]}<\/script>\n<!-- \/ Yoast SEO plugin. -->","yoast_head_json":{"title":"Posuvn\u00e9 dn\u00e1 a terasy \u2248 IMAGINOX","description":"Nerezov\u00e9 v\u00edrivky IMAGINOX s\u00fa luxusnou alternat\u00edvou ku klasick\u00fdm akryl\u00e1tov\u00fdm v\u00edriv\u00fdm vaniam. Modern\u00fd \u0161t\u00fdlov\u00fd vzh\u013ead nerezov\u00e9ho materi\u00e1lu je aj ve\u013emi praktick\u00fd.","robots":{"index":"index","follow":"follow","max-snippet":"max-snippet:-1","max-image-preview":"max-image-preview:large","max-video-preview":"max-video-preview:-1"},"canonical":"https:\/\/imaginox.com\/sk\/vyrobky\/posuvne-dna-a-terasy-x\/","og_locale":"sk_SK","og_type":"article","og_title":"Posuvn\u00e9 dn\u00e1 a terasy \u2248 IMAGINOX","og_description":"Nerezov\u00e9 v\u00edrivky IMAGINOX s\u00fa luxusnou alternat\u00edvou ku klasick\u00fdm akryl\u00e1tov\u00fdm v\u00edriv\u00fdm vaniam. Modern\u00fd \u0161t\u00fdlov\u00fd vzh\u013ead nerezov\u00e9ho materi\u00e1lu je aj ve\u013emi praktick\u00fd.","og_url":"https:\/\/imaginox.com\/sk\/vyrobky\/posuvne-dna-a-terasy-x\/","og_site_name":"IMAGINOX","article_modified_time":"2025-05-09T22:16:27+00:00","twitter_card":"summary_large_image","schema":{"@context":"https:\/\/schema.org","@graph":[{"@type":"WebPage","@id":"https:\/\/imaginox.com\/sk\/vyrobky\/posuvne-dna-a-terasy-x\/","url":"https:\/\/imaginox.com\/sk\/vyrobky\/posuvne-dna-a-terasy-x\/","name":"Posuvn\u00e9 dn\u00e1 a terasy \u2248 IMAGINOX","isPartOf":{"@id":"https:\/\/imaginox.com\/sk\/#website"},"datePublished":"2020-06-18T10:04:27+00:00","dateModified":"2025-05-09T22:16:27+00:00","description":"Nerezov\u00e9 v\u00edrivky IMAGINOX s\u00fa luxusnou alternat\u00edvou ku klasick\u00fdm akryl\u00e1tov\u00fdm v\u00edriv\u00fdm vaniam. Modern\u00fd \u0161t\u00fdlov\u00fd vzh\u013ead nerezov\u00e9ho materi\u00e1lu je aj ve\u013emi praktick\u00fd.","breadcrumb":{"@id":"https:\/\/imaginox.com\/sk\/vyrobky\/posuvne-dna-a-terasy-x\/#breadcrumb"},"inLanguage":"sk-SK","potentialAction":[{"@type":"ReadAction","target":["https:\/\/imaginox.com\/sk\/vyrobky\/posuvne-dna-a-terasy-x\/"]}]},{"@type":"BreadcrumbList","@id":"https:\/\/imaginox.com\/sk\/vyrobky\/posuvne-dna-a-terasy-x\/#breadcrumb","itemListElement":[{"@type":"ListItem","position":1,"name":"Home","item":"https:\/\/imaginox.com\/sk\/"},{"@type":"ListItem","position":2,"name":"V\u00fdrobky","item":"https:\/\/imaginox.com\/sk\/vyrobky\/"},{"@type":"ListItem","position":3,"name":"Posuvn\u00e9 dn\u00e1 a terasy"}]},{"@type":"WebSite","@id":"https:\/\/imaginox.com\/sk\/#website","url":"https:\/\/imaginox.com\/sk\/","name":"IMAGINOX","description":"Nerezov\u00e9 baz\u00e9ny, v\u00edrivky a dal\u0161ie","publisher":{"@id":"https:\/\/imaginox.com\/sk\/#organization"},"potentialAction":[{"@type":"SearchAction","target":{"@type":"EntryPoint","urlTemplate":"https:\/\/imaginox.com\/sk\/?s={search_term_string}"},"query-input":{"@type":"PropertyValueSpecification","valueRequired":true,"valueName":"search_term_string"}}],"inLanguage":"sk-SK"},{"@type":"Organization","@id":"https:\/\/imaginox.com\/sk\/#organization","name":"IMAGINOX s.r.o.","url":"https:\/\/imaginox.com\/sk\/","logo":{"@type":"ImageObject","inLanguage":"sk-SK","@id":"https:\/\/imaginox.com\/sk\/#\/schema\/logo\/image\/","url":"https:\/\/imaginox.com\/wp-content\/uploads\/2021\/04\/imaginox-header-logo.png","contentUrl":"https:\/\/imaginox.com\/wp-content\/uploads\/2021\/04\/imaginox-header-logo.png","width":622,"height":88,"caption":"IMAGINOX s.r.o."},"image":{"@id":"https:\/\/imaginox.com\/sk\/#\/schema\/logo\/image\/"}}]}},"_links":{"self":[{"href":"https:\/\/imaginox.com\/sk\/wp-json\/wp\/v2\/pages\/6595","targetHints":{"allow":["GET"]}}],"collection":[{"href":"https:\/\/imaginox.com\/sk\/wp-json\/wp\/v2\/pages"}],"about":[{"href":"https:\/\/imaginox.com\/sk\/wp-json\/wp\/v2\/types\/page"}],"author":[{"embeddable":true,"href":"https:\/\/imaginox.com\/sk\/wp-json\/wp\/v2\/users\/1"}],"replies":[{"embeddable":true,"href":"https:\/\/imaginox.com\/sk\/wp-json\/wp\/v2\/comments?post=6595"}],"version-history":[{"count":4,"href":"https:\/\/imaginox.com\/sk\/wp-json\/wp\/v2\/pages\/6595\/revisions"}],"predecessor-version":[{"id":10931,"href":"https:\/\/imaginox.com\/sk\/wp-json\/wp\/v2\/pages\/6595\/revisions\/10931"}],"up":[{"embeddable":true,"href":"https:\/\/imaginox.com\/sk\/wp-json\/wp\/v2\/pages\/6972"}],"wp:attachment":[{"href":"https:\/\/imaginox.com\/sk\/wp-json\/wp\/v2\/media?parent=6595"}],"curies":[{"name":"wp","href":"https:\/\/api.w.org\/{rel}","templated":true}]}}