{"id":6971,"date":"2022-08-10T00:22:39","date_gmt":"2022-08-09T22:22:39","guid":{"rendered":"https:\/\/imaginox.eu\/dohodnut-si-schodzku\/"},"modified":"2024-04-04T16:13:19","modified_gmt":"2024-04-04T14:13:19","slug":"dohodnut-si-schodzku","status":"publish","type":"page","link":"https:\/\/imaginox.com\/sk\/dohodnut-si-schodzku\/","title":{"rendered":"Dohodn\u00fa\u0165 si sch\u00f4dzku"},"content":{"rendered":"<section class=\"section--catalogue section--light\">\n<div class=\"inner\">\n<h1 class=\"heading heading--bigger heading--center heading--black heading--underline\">Dohodn\u00fa\u0165 si sch\u00f4dzku<\/h1>\n<div class=\"row\">\n<div class=\"col-xs-12 col-sm-12 col-md-2 col-lg-2\"><\/div>\n<div class=\"col-xs-12 col-sm-12 col-md-8 col-lg-8\">\n<p class=\"paragraph paragraph--medium align-center margin-top--05x\">Chcete si dohodn\u00fa\u0165 stretnutie osobne alebo online? Vypl\u0148te pros\u00edm formul\u00e1r a my v\u00e1m \u010do najsk\u00f4r odpovieme. M\u00f4\u017eete n\u00e1m tie\u017e zanecha\u0165 svoje telef\u00f3nne \u010d\u00edslo a my v\u00e1s budeme kontaktova\u0165 sp\u00e4\u0165.<\/p>\n<\/div>\n<div class=\"col-xs-12 col-sm-12 col-md-2 col-lg-2\"><\/div>\n<\/div>\n<div class=\"section--catalogue-form section--queries-form\"><span class=\"paragraph paragraph--medium section--catalogue-form-required-data input-required\">povinn\u00e9 pole<\/span><\/p>\n<div class=\"boost-space-forms\" id=\"bsf-id-66\"><\/div><script src=\"https:\/\/imaginox.system.boost.space\/api\/custom_form.js?id=66&integrity=4b410818da9ce89515ce9ba069ab50fa&el=bsf-id-66&callback=boostSpaceFormsInit&csubmit=boostSpaceFormsSuccessSubmit&lang=sk&v=0.4.9\" data-form=\"boost-space\"><\/script>\n<\/div>\n<\/div>\n<p><!-- .inner --><br \/>\n<\/section>\n<p><!-- section products --><\/p>\n","protected":false},"excerpt":{"rendered":"Dohodn\u00fa\u0165 si sch\u00f4dzku Chcete si dohodn\u00fa\u0165 stretnutie osobne alebo online? Vypl\u0148te pros\u00edm formul\u00e1r a my v\u00e1m \u010do najsk\u00f4r odpovieme. M\u00f4\u017eete n\u00e1m tie\u017e zanecha\u0165 svoje telef\u00f3nne \u010d\u00edslo a my v\u00e1s budeme kontaktova\u0165 sp\u00e4\u0165. povinn\u00e9 pole","protected":false},"author":1,"featured_media":0,"parent":0,"menu_order":0,"comment_status":"closed","ping_status":"closed","template":"","meta":{"_acf_changed":false,"inline_featured_image":false,"footnotes":""},"class_list":["post-6971","page","type-page","status-publish","hentry"],"acf":[],"yoast_head":"<!-- This site is optimized with the Yoast SEO plugin v27.3 - https:\/\/yoast.com\/product\/yoast-seo-wordpress\/ -->\n<title>Dohodn\u00fa\u0165 sch\u00f4dzku \u2248 IMAGINOX<\/title>\n<meta name=\"description\" content=\"Vypl\u0148te pros\u00edm formul\u00e1r a my v\u00e1m odpovieme hne\u010f, ako to bude mo\u017en\u00e9.\" \/>\n<meta name=\"robots\" content=\"index, follow, max-snippet:-1, max-image-preview:large, max-video-preview:-1\" \/>\n<link rel=\"canonical\" href=\"https:\/\/imaginox.com\/sk\/dohodnut-si-schodzku\/\" \/>\n<meta property=\"og:locale\" content=\"sk_SK\" \/>\n<meta property=\"og:type\" content=\"article\" \/>\n<meta property=\"og:title\" content=\"Dohodn\u00fa\u0165 sch\u00f4dzku \u2248 IMAGINOX\" \/>\n<meta property=\"og:description\" content=\"Vypl\u0148te pros\u00edm formul\u00e1r a my v\u00e1m odpovieme hne\u010f, ako to bude mo\u017en\u00e9.\" \/>\n<meta property=\"og:url\" content=\"https:\/\/imaginox.com\/sk\/dohodnut-si-schodzku\/\" \/>\n<meta property=\"og:site_name\" content=\"IMAGINOX\" \/>\n<meta property=\"article:modified_time\" content=\"2024-04-04T14:13:19+00:00\" \/>\n<meta name=\"twitter:card\" content=\"summary_large_image\" \/>\n<script type=\"application\/ld+json\" class=\"yoast-schema-graph\">{\"@context\":\"https:\\\/\\\/schema.org\",\"@graph\":[{\"@type\":\"WebPage\",\"@id\":\"https:\\\/\\\/imaginox.com\\\/sk\\\/dohodnut-si-schodzku\\\/\",\"url\":\"https:\\\/\\\/imaginox.com\\\/sk\\\/dohodnut-si-schodzku\\\/\",\"name\":\"Dohodn\u00fa\u0165 sch\u00f4dzku \u2248 IMAGINOX\",\"isPartOf\":{\"@id\":\"https:\\\/\\\/imaginox.com\\\/sk\\\/#website\"},\"datePublished\":\"2022-08-09T22:22:39+00:00\",\"dateModified\":\"2024-04-04T14:13:19+00:00\",\"description\":\"Vypl\u0148te pros\u00edm formul\u00e1r a my v\u00e1m odpovieme hne\u010f, ako to bude mo\u017en\u00e9.\",\"breadcrumb\":{\"@id\":\"https:\\\/\\\/imaginox.com\\\/sk\\\/dohodnut-si-schodzku\\\/#breadcrumb\"},\"inLanguage\":\"sk-SK\",\"potentialAction\":[{\"@type\":\"ReadAction\",\"target\":[\"https:\\\/\\\/imaginox.com\\\/sk\\\/dohodnut-si-schodzku\\\/\"]}]},{\"@type\":\"BreadcrumbList\",\"@id\":\"https:\\\/\\\/imaginox.com\\\/sk\\\/dohodnut-si-schodzku\\\/#breadcrumb\",\"itemListElement\":[{\"@type\":\"ListItem\",\"position\":1,\"name\":\"Home\",\"item\":\"https:\\\/\\\/imaginox.com\\\/sk\\\/\"},{\"@type\":\"ListItem\",\"position\":2,\"name\":\"Dohodn\u00fa\u0165 si sch\u00f4dzku\"}]},{\"@type\":\"WebSite\",\"@id\":\"https:\\\/\\\/imaginox.com\\\/sk\\\/#website\",\"url\":\"https:\\\/\\\/imaginox.com\\\/sk\\\/\",\"name\":\"IMAGINOX\",\"description\":\"Nerezov\u00e9 baz\u00e9ny, v\u00edrivky a dal\u0161ie\",\"publisher\":{\"@id\":\"https:\\\/\\\/imaginox.com\\\/sk\\\/#organization\"},\"potentialAction\":[{\"@type\":\"SearchAction\",\"target\":{\"@type\":\"EntryPoint\",\"urlTemplate\":\"https:\\\/\\\/imaginox.com\\\/sk\\\/?s={search_term_string}\"},\"query-input\":{\"@type\":\"PropertyValueSpecification\",\"valueRequired\":true,\"valueName\":\"search_term_string\"}}],\"inLanguage\":\"sk-SK\"},{\"@type\":\"Organization\",\"@id\":\"https:\\\/\\\/imaginox.com\\\/sk\\\/#organization\",\"name\":\"IMAGINOX s.r.o.\",\"url\":\"https:\\\/\\\/imaginox.com\\\/sk\\\/\",\"logo\":{\"@type\":\"ImageObject\",\"inLanguage\":\"sk-SK\",\"@id\":\"https:\\\/\\\/imaginox.com\\\/sk\\\/#\\\/schema\\\/logo\\\/image\\\/\",\"url\":\"https:\\\/\\\/imaginox.com\\\/wp-content\\\/uploads\\\/2021\\\/04\\\/imaginox-header-logo.png\",\"contentUrl\":\"https:\\\/\\\/imaginox.com\\\/wp-content\\\/uploads\\\/2021\\\/04\\\/imaginox-header-logo.png\",\"width\":622,\"height\":88,\"caption\":\"IMAGINOX s.r.o.\"},\"image\":{\"@id\":\"https:\\\/\\\/imaginox.com\\\/sk\\\/#\\\/schema\\\/logo\\\/image\\\/\"}}]}<\/script>\n<!-- \/ Yoast SEO plugin. -->","yoast_head_json":{"title":"Dohodn\u00fa\u0165 sch\u00f4dzku \u2248 IMAGINOX","description":"Vypl\u0148te pros\u00edm formul\u00e1r a my v\u00e1m odpovieme hne\u010f, ako to bude mo\u017en\u00e9.","robots":{"index":"index","follow":"follow","max-snippet":"max-snippet:-1","max-image-preview":"max-image-preview:large","max-video-preview":"max-video-preview:-1"},"canonical":"https:\/\/imaginox.com\/sk\/dohodnut-si-schodzku\/","og_locale":"sk_SK","og_type":"article","og_title":"Dohodn\u00fa\u0165 sch\u00f4dzku \u2248 IMAGINOX","og_description":"Vypl\u0148te pros\u00edm formul\u00e1r a my v\u00e1m odpovieme hne\u010f, ako to bude mo\u017en\u00e9.","og_url":"https:\/\/imaginox.com\/sk\/dohodnut-si-schodzku\/","og_site_name":"IMAGINOX","article_modified_time":"2024-04-04T14:13:19+00:00","twitter_card":"summary_large_image","schema":{"@context":"https:\/\/schema.org","@graph":[{"@type":"WebPage","@id":"https:\/\/imaginox.com\/sk\/dohodnut-si-schodzku\/","url":"https:\/\/imaginox.com\/sk\/dohodnut-si-schodzku\/","name":"Dohodn\u00fa\u0165 sch\u00f4dzku \u2248 IMAGINOX","isPartOf":{"@id":"https:\/\/imaginox.com\/sk\/#website"},"datePublished":"2022-08-09T22:22:39+00:00","dateModified":"2024-04-04T14:13:19+00:00","description":"Vypl\u0148te pros\u00edm formul\u00e1r a my v\u00e1m odpovieme hne\u010f, ako to bude mo\u017en\u00e9.","breadcrumb":{"@id":"https:\/\/imaginox.com\/sk\/dohodnut-si-schodzku\/#breadcrumb"},"inLanguage":"sk-SK","potentialAction":[{"@type":"ReadAction","target":["https:\/\/imaginox.com\/sk\/dohodnut-si-schodzku\/"]}]},{"@type":"BreadcrumbList","@id":"https:\/\/imaginox.com\/sk\/dohodnut-si-schodzku\/#breadcrumb","itemListElement":[{"@type":"ListItem","position":1,"name":"Home","item":"https:\/\/imaginox.com\/sk\/"},{"@type":"ListItem","position":2,"name":"Dohodn\u00fa\u0165 si sch\u00f4dzku"}]},{"@type":"WebSite","@id":"https:\/\/imaginox.com\/sk\/#website","url":"https:\/\/imaginox.com\/sk\/","name":"IMAGINOX","description":"Nerezov\u00e9 baz\u00e9ny, v\u00edrivky a dal\u0161ie","publisher":{"@id":"https:\/\/imaginox.com\/sk\/#organization"},"potentialAction":[{"@type":"SearchAction","target":{"@type":"EntryPoint","urlTemplate":"https:\/\/imaginox.com\/sk\/?s={search_term_string}"},"query-input":{"@type":"PropertyValueSpecification","valueRequired":true,"valueName":"search_term_string"}}],"inLanguage":"sk-SK"},{"@type":"Organization","@id":"https:\/\/imaginox.com\/sk\/#organization","name":"IMAGINOX s.r.o.","url":"https:\/\/imaginox.com\/sk\/","logo":{"@type":"ImageObject","inLanguage":"sk-SK","@id":"https:\/\/imaginox.com\/sk\/#\/schema\/logo\/image\/","url":"https:\/\/imaginox.com\/wp-content\/uploads\/2021\/04\/imaginox-header-logo.png","contentUrl":"https:\/\/imaginox.com\/wp-content\/uploads\/2021\/04\/imaginox-header-logo.png","width":622,"height":88,"caption":"IMAGINOX s.r.o."},"image":{"@id":"https:\/\/imaginox.com\/sk\/#\/schema\/logo\/image\/"}}]}},"_links":{"self":[{"href":"https:\/\/imaginox.com\/sk\/wp-json\/wp\/v2\/pages\/6971","targetHints":{"allow":["GET"]}}],"collection":[{"href":"https:\/\/imaginox.com\/sk\/wp-json\/wp\/v2\/pages"}],"about":[{"href":"https:\/\/imaginox.com\/sk\/wp-json\/wp\/v2\/types\/page"}],"author":[{"embeddable":true,"href":"https:\/\/imaginox.com\/sk\/wp-json\/wp\/v2\/users\/1"}],"replies":[{"embeddable":true,"href":"https:\/\/imaginox.com\/sk\/wp-json\/wp\/v2\/comments?post=6971"}],"version-history":[{"count":6,"href":"https:\/\/imaginox.com\/sk\/wp-json\/wp\/v2\/pages\/6971\/revisions"}],"predecessor-version":[{"id":11268,"href":"https:\/\/imaginox.com\/sk\/wp-json\/wp\/v2\/pages\/6971\/revisions\/11268"}],"wp:attachment":[{"href":"https:\/\/imaginox.com\/sk\/wp-json\/wp\/v2\/media?parent=6971"}],"curies":[{"name":"wp","href":"https:\/\/api.w.org\/{rel}","templated":true}]}}