{"id":6972,"date":"2022-08-10T00:26:01","date_gmt":"2022-08-09T22:26:01","guid":{"rendered":"https:\/\/imaginox.eu\/vyrobky\/"},"modified":"2025-05-15T23:23:55","modified_gmt":"2025-05-15T21:23:55","slug":"vyrobky","status":"publish","type":"page","link":"https:\/\/imaginox.com\/sk\/vyrobky\/","title":{"rendered":"V\u00fdrobky"},"content":{"rendered":"","protected":false},"excerpt":{"rendered":"","protected":false},"author":1,"featured_media":0,"parent":0,"menu_order":0,"comment_status":"closed","ping_status":"closed","template":"products.php","meta":{"_acf_changed":false,"inline_featured_image":false,"footnotes":""},"class_list":["post-6972","page","type-page","status-publish","hentry"],"acf":[],"yoast_head":"<!-- This site is optimized with the Yoast SEO plugin v27.3 - https:\/\/yoast.com\/product\/yoast-seo-wordpress\/ -->\n<title>Imaginox produkty \u2248 IMAGINOX<\/title>\n<meta name=\"description\" content=\"Vyberte si zo \u0161irokej ponuky typizovan\u00fdch v\u00fdrobkov alebo zvoli\u0165 mo\u017enos\u0165 z\u00e1kazkovej v\u00fdroby presne pod\u013ea va\u0161ich prian\u00ed.\" \/>\n<meta name=\"robots\" content=\"index, follow, max-snippet:-1, max-image-preview:large, max-video-preview:-1\" \/>\n<link rel=\"canonical\" href=\"https:\/\/imaginox.com\/sk\/vyrobky\/\" \/>\n<meta property=\"og:locale\" content=\"sk_SK\" \/>\n<meta property=\"og:type\" content=\"article\" \/>\n<meta property=\"og:title\" content=\"Imaginox produkty \u2248 IMAGINOX\" \/>\n<meta property=\"og:description\" content=\"Vyberte si zo \u0161irokej ponuky typizovan\u00fdch v\u00fdrobkov alebo zvoli\u0165 mo\u017enos\u0165 z\u00e1kazkovej v\u00fdroby presne pod\u013ea va\u0161ich prian\u00ed.\" \/>\n<meta property=\"og:url\" content=\"https:\/\/imaginox.com\/sk\/vyrobky\/\" \/>\n<meta property=\"og:site_name\" content=\"IMAGINOX\" \/>\n<meta property=\"article:modified_time\" content=\"2025-05-15T21:23:55+00:00\" \/>\n<meta name=\"twitter:card\" content=\"summary_large_image\" \/>\n<script type=\"application\/ld+json\" class=\"yoast-schema-graph\">{\"@context\":\"https:\\\/\\\/schema.org\",\"@graph\":[{\"@type\":\"WebPage\",\"@id\":\"https:\\\/\\\/imaginox.com\\\/sk\\\/vyrobky\\\/\",\"url\":\"https:\\\/\\\/imaginox.com\\\/sk\\\/vyrobky\\\/\",\"name\":\"Imaginox produkty \u2248 IMAGINOX\",\"isPartOf\":{\"@id\":\"https:\\\/\\\/imaginox.com\\\/sk\\\/#website\"},\"datePublished\":\"2022-08-09T22:26:01+00:00\",\"dateModified\":\"2025-05-15T21:23:55+00:00\",\"description\":\"Vyberte si zo \u0161irokej ponuky typizovan\u00fdch v\u00fdrobkov alebo zvoli\u0165 mo\u017enos\u0165 z\u00e1kazkovej v\u00fdroby presne pod\u013ea va\u0161ich prian\u00ed.\",\"breadcrumb\":{\"@id\":\"https:\\\/\\\/imaginox.com\\\/sk\\\/vyrobky\\\/#breadcrumb\"},\"inLanguage\":\"sk-SK\",\"potentialAction\":[{\"@type\":\"ReadAction\",\"target\":[\"https:\\\/\\\/imaginox.com\\\/sk\\\/vyrobky\\\/\"]}]},{\"@type\":\"BreadcrumbList\",\"@id\":\"https:\\\/\\\/imaginox.com\\\/sk\\\/vyrobky\\\/#breadcrumb\",\"itemListElement\":[{\"@type\":\"ListItem\",\"position\":1,\"name\":\"Home\",\"item\":\"https:\\\/\\\/imaginox.com\\\/sk\\\/\"},{\"@type\":\"ListItem\",\"position\":2,\"name\":\"V\u00fdrobky\"}]},{\"@type\":\"WebSite\",\"@id\":\"https:\\\/\\\/imaginox.com\\\/sk\\\/#website\",\"url\":\"https:\\\/\\\/imaginox.com\\\/sk\\\/\",\"name\":\"IMAGINOX\",\"description\":\"Nerezov\u00e9 baz\u00e9ny, v\u00edrivky a dal\u0161ie\",\"publisher\":{\"@id\":\"https:\\\/\\\/imaginox.com\\\/sk\\\/#organization\"},\"potentialAction\":[{\"@type\":\"SearchAction\",\"target\":{\"@type\":\"EntryPoint\",\"urlTemplate\":\"https:\\\/\\\/imaginox.com\\\/sk\\\/?s={search_term_string}\"},\"query-input\":{\"@type\":\"PropertyValueSpecification\",\"valueRequired\":true,\"valueName\":\"search_term_string\"}}],\"inLanguage\":\"sk-SK\"},{\"@type\":\"Organization\",\"@id\":\"https:\\\/\\\/imaginox.com\\\/sk\\\/#organization\",\"name\":\"IMAGINOX s.r.o.\",\"url\":\"https:\\\/\\\/imaginox.com\\\/sk\\\/\",\"logo\":{\"@type\":\"ImageObject\",\"inLanguage\":\"sk-SK\",\"@id\":\"https:\\\/\\\/imaginox.com\\\/sk\\\/#\\\/schema\\\/logo\\\/image\\\/\",\"url\":\"https:\\\/\\\/imaginox.com\\\/wp-content\\\/uploads\\\/2021\\\/04\\\/imaginox-header-logo.png\",\"contentUrl\":\"https:\\\/\\\/imaginox.com\\\/wp-content\\\/uploads\\\/2021\\\/04\\\/imaginox-header-logo.png\",\"width\":622,\"height\":88,\"caption\":\"IMAGINOX s.r.o.\"},\"image\":{\"@id\":\"https:\\\/\\\/imaginox.com\\\/sk\\\/#\\\/schema\\\/logo\\\/image\\\/\"}}]}<\/script>\n<!-- \/ Yoast SEO plugin. -->","yoast_head_json":{"title":"Imaginox produkty \u2248 IMAGINOX","description":"Vyberte si zo \u0161irokej ponuky typizovan\u00fdch v\u00fdrobkov alebo zvoli\u0165 mo\u017enos\u0165 z\u00e1kazkovej v\u00fdroby presne pod\u013ea va\u0161ich prian\u00ed.","robots":{"index":"index","follow":"follow","max-snippet":"max-snippet:-1","max-image-preview":"max-image-preview:large","max-video-preview":"max-video-preview:-1"},"canonical":"https:\/\/imaginox.com\/sk\/vyrobky\/","og_locale":"sk_SK","og_type":"article","og_title":"Imaginox produkty \u2248 IMAGINOX","og_description":"Vyberte si zo \u0161irokej ponuky typizovan\u00fdch v\u00fdrobkov alebo zvoli\u0165 mo\u017enos\u0165 z\u00e1kazkovej v\u00fdroby presne pod\u013ea va\u0161ich prian\u00ed.","og_url":"https:\/\/imaginox.com\/sk\/vyrobky\/","og_site_name":"IMAGINOX","article_modified_time":"2025-05-15T21:23:55+00:00","twitter_card":"summary_large_image","schema":{"@context":"https:\/\/schema.org","@graph":[{"@type":"WebPage","@id":"https:\/\/imaginox.com\/sk\/vyrobky\/","url":"https:\/\/imaginox.com\/sk\/vyrobky\/","name":"Imaginox produkty \u2248 IMAGINOX","isPartOf":{"@id":"https:\/\/imaginox.com\/sk\/#website"},"datePublished":"2022-08-09T22:26:01+00:00","dateModified":"2025-05-15T21:23:55+00:00","description":"Vyberte si zo \u0161irokej ponuky typizovan\u00fdch v\u00fdrobkov alebo zvoli\u0165 mo\u017enos\u0165 z\u00e1kazkovej v\u00fdroby presne pod\u013ea va\u0161ich prian\u00ed.","breadcrumb":{"@id":"https:\/\/imaginox.com\/sk\/vyrobky\/#breadcrumb"},"inLanguage":"sk-SK","potentialAction":[{"@type":"ReadAction","target":["https:\/\/imaginox.com\/sk\/vyrobky\/"]}]},{"@type":"BreadcrumbList","@id":"https:\/\/imaginox.com\/sk\/vyrobky\/#breadcrumb","itemListElement":[{"@type":"ListItem","position":1,"name":"Home","item":"https:\/\/imaginox.com\/sk\/"},{"@type":"ListItem","position":2,"name":"V\u00fdrobky"}]},{"@type":"WebSite","@id":"https:\/\/imaginox.com\/sk\/#website","url":"https:\/\/imaginox.com\/sk\/","name":"IMAGINOX","description":"Nerezov\u00e9 baz\u00e9ny, v\u00edrivky a dal\u0161ie","publisher":{"@id":"https:\/\/imaginox.com\/sk\/#organization"},"potentialAction":[{"@type":"SearchAction","target":{"@type":"EntryPoint","urlTemplate":"https:\/\/imaginox.com\/sk\/?s={search_term_string}"},"query-input":{"@type":"PropertyValueSpecification","valueRequired":true,"valueName":"search_term_string"}}],"inLanguage":"sk-SK"},{"@type":"Organization","@id":"https:\/\/imaginox.com\/sk\/#organization","name":"IMAGINOX s.r.o.","url":"https:\/\/imaginox.com\/sk\/","logo":{"@type":"ImageObject","inLanguage":"sk-SK","@id":"https:\/\/imaginox.com\/sk\/#\/schema\/logo\/image\/","url":"https:\/\/imaginox.com\/wp-content\/uploads\/2021\/04\/imaginox-header-logo.png","contentUrl":"https:\/\/imaginox.com\/wp-content\/uploads\/2021\/04\/imaginox-header-logo.png","width":622,"height":88,"caption":"IMAGINOX s.r.o."},"image":{"@id":"https:\/\/imaginox.com\/sk\/#\/schema\/logo\/image\/"}}]}},"_links":{"self":[{"href":"https:\/\/imaginox.com\/sk\/wp-json\/wp\/v2\/pages\/6972","targetHints":{"allow":["GET"]}}],"collection":[{"href":"https:\/\/imaginox.com\/sk\/wp-json\/wp\/v2\/pages"}],"about":[{"href":"https:\/\/imaginox.com\/sk\/wp-json\/wp\/v2\/types\/page"}],"author":[{"embeddable":true,"href":"https:\/\/imaginox.com\/sk\/wp-json\/wp\/v2\/users\/1"}],"replies":[{"embeddable":true,"href":"https:\/\/imaginox.com\/sk\/wp-json\/wp\/v2\/comments?post=6972"}],"version-history":[{"count":2,"href":"https:\/\/imaginox.com\/sk\/wp-json\/wp\/v2\/pages\/6972\/revisions"}],"predecessor-version":[{"id":14963,"href":"https:\/\/imaginox.com\/sk\/wp-json\/wp\/v2\/pages\/6972\/revisions\/14963"}],"wp:attachment":[{"href":"https:\/\/imaginox.com\/sk\/wp-json\/wp\/v2\/media?parent=6972"}],"curies":[{"name":"wp","href":"https:\/\/api.w.org\/{rel}","templated":true}]}}