{"id":8077,"date":"2022-10-26T15:05:55","date_gmt":"2022-10-26T13:05:55","guid":{"rendered":"https:\/\/imaginox.eu\/?page_id=8077"},"modified":"2024-04-10T21:44:47","modified_gmt":"2024-04-10T19:44:47","slug":"katalog-na-stiahnutie","status":"publish","type":"page","link":"https:\/\/imaginox.com\/sk\/katalog-na-stiahnutie\/","title":{"rendered":"Katal\u00f3g na stiahnutie"},"content":{"rendered":"<section class=\"section--catalogue section--light\">\n<div class=\"inner\">\n<h1 class=\"heading heading--bigger heading--center heading--black heading--underline\">Katal\u00f3g na stiahnutie<br \/>\n<\/h1>\n<div class=\"row\">\n<div class=\"col-xs-12 col-sm-12 col-md-2 col-lg-2\"><\/div>\n<div class=\"col-xs-12 col-sm-12 col-md-8 col-lg-8\">\n<p class=\"paragraph paragraph--medium align-center margin-top--05x\">Stiahnite si n\u00e1\u0161 IMAGINOX katal\u00f3g bezplatne v elektronickej podobe v PDF form\u00e1te.<\/p>\n<\/div>\n<div class=\"col-xs-12 col-sm-12 col-md-2 col-lg-2\"><\/div>\n<\/div>\n<div class=\"section--catalogue-form\" style=\"padding:80px 50px\">\n<div class=\"row\" style=\"margin-bottom:25px\">\n<div class=\"col-md-4 col-md-offset-2\">\n                    <img decoding=\"async\" src=\"https:\/\/imaginox.com\/wp-content\/uploads\/2024\/04\/IMAGINOX_kniha_referenci_EN_Stranka_01.jpg\"\n                        style=\"box-shadow: 1px 1px 3px 1px #b7b7b7;\" alt=\"Katalog Sundancespas\" class=\"img-catalog\"\n                        width=\"300\">\n                <\/div>\n<div class=\"col-md-5 catalogue-download-button-margin\">\n                    <a href=\"https:\/\/imaginox.com\/sk\/stiahnite-si-knihu-referencii\/\" rel=\"noopener noreferrer\"\n                        class=\"button button--small button--arrow button--shadow\">Stiahnu\u0165 knihu referenci\u00ed v PDF<\/a>\n                <\/div><\/div>\n<div class=\"row\">\n<div class=\"col-md-4 col-md-offset-2\">\n                    <img decoding=\"async\" src=\"https:\/\/imaginox.com\/wp-content\/uploads\/2024\/04\/Katalog_IMAGINOX_nahled.jpg\"\n                        style=\"box-shadow: 1px 1px 3px 1px #b7b7b7;\" alt=\"Katalog Sundancespas\" class=\"img-catalog\"\n                        width=\"300\">\n                <\/div>\n<div class=\"col-md-5 catalogue-download-button-margin\">\n                    <a href=\"https:\/\/imaginox.com\/sk\/stiahnite-si-katalog-bazenov-imaginox\/\" rel=\"noopener noreferrer\"\n                        class=\"button button--small button--arrow button--shadow\">Stiahnu\u0165 katal\u00f3g Imaginox v PDF<\/a>\n                <\/div><\/div>\n<\/div>\n<\/div>\n<p> <!-- .inner --><br \/>\n<\/section>\n<p> <!-- section products --><\/p>\n","protected":false},"excerpt":{"rendered":"Katal\u00f3g na stiahnutie Stiahnite si n\u00e1\u0161 IMAGINOX katal\u00f3g bezplatne v elektronickej podobe v PDF form\u00e1te. Stiahnu\u0165 knihu referenci\u00ed v PDF Stiahnu\u0165 katal\u00f3g Imaginox v PDF","protected":false},"author":1,"featured_media":0,"parent":0,"menu_order":0,"comment_status":"closed","ping_status":"closed","template":"","meta":{"_acf_changed":false,"inline_featured_image":false,"footnotes":""},"class_list":["post-8077","page","type-page","status-publish","hentry"],"acf":[],"yoast_head":"<!-- This site is optimized with the Yoast SEO plugin v27.3 - https:\/\/yoast.com\/product\/yoast-seo-wordpress\/ -->\n<title>Katal\u00f3g na stiahnutie \u2248 IMAGINOX<\/title>\n<meta name=\"robots\" content=\"index, follow, max-snippet:-1, max-image-preview:large, max-video-preview:-1\" \/>\n<link rel=\"canonical\" href=\"https:\/\/imaginox.com\/sk\/katalog-na-stiahnutie\/\" \/>\n<meta property=\"og:locale\" content=\"sk_SK\" \/>\n<meta property=\"og:type\" content=\"article\" \/>\n<meta property=\"og:title\" content=\"Katal\u00f3g na stiahnutie \u2248 IMAGINOX\" \/>\n<meta property=\"og:description\" content=\"Katal\u00f3g na stiahnutie Stiahnite si n\u00e1\u0161 IMAGINOX katal\u00f3g bezplatne v elektronickej podobe v PDF form\u00e1te. Stiahnu\u0165 knihu referenci\u00ed v PDF Stiahnu\u0165 katal\u00f3g Imaginox v PDF\" \/>\n<meta property=\"og:url\" content=\"https:\/\/imaginox.com\/sk\/katalog-na-stiahnutie\/\" \/>\n<meta property=\"og:site_name\" content=\"IMAGINOX\" \/>\n<meta property=\"article:modified_time\" content=\"2024-04-10T19:44:47+00:00\" \/>\n<meta property=\"og:image\" content=\"https:\/\/imaginox.com\/wp-content\/uploads\/2024\/04\/IMAGINOX_kniha_referenci_EN_Stranka_01.jpg\" \/>\n<meta name=\"twitter:card\" content=\"summary_large_image\" \/>\n<script type=\"application\/ld+json\" class=\"yoast-schema-graph\">{\"@context\":\"https:\\\/\\\/schema.org\",\"@graph\":[{\"@type\":\"WebPage\",\"@id\":\"https:\\\/\\\/imaginox.com\\\/sk\\\/katalog-na-stiahnutie\\\/\",\"url\":\"https:\\\/\\\/imaginox.com\\\/sk\\\/katalog-na-stiahnutie\\\/\",\"name\":\"Katal\u00f3g na stiahnutie \u2248 IMAGINOX\",\"isPartOf\":{\"@id\":\"https:\\\/\\\/imaginox.com\\\/sk\\\/#website\"},\"primaryImageOfPage\":{\"@id\":\"https:\\\/\\\/imaginox.com\\\/sk\\\/katalog-na-stiahnutie\\\/#primaryimage\"},\"image\":{\"@id\":\"https:\\\/\\\/imaginox.com\\\/sk\\\/katalog-na-stiahnutie\\\/#primaryimage\"},\"thumbnailUrl\":\"https:\\\/\\\/imaginox.com\\\/wp-content\\\/uploads\\\/2024\\\/04\\\/IMAGINOX_kniha_referenci_EN_Stranka_01.jpg\",\"datePublished\":\"2022-10-26T13:05:55+00:00\",\"dateModified\":\"2024-04-10T19:44:47+00:00\",\"breadcrumb\":{\"@id\":\"https:\\\/\\\/imaginox.com\\\/sk\\\/katalog-na-stiahnutie\\\/#breadcrumb\"},\"inLanguage\":\"sk-SK\",\"potentialAction\":[{\"@type\":\"ReadAction\",\"target\":[\"https:\\\/\\\/imaginox.com\\\/sk\\\/katalog-na-stiahnutie\\\/\"]}]},{\"@type\":\"ImageObject\",\"inLanguage\":\"sk-SK\",\"@id\":\"https:\\\/\\\/imaginox.com\\\/sk\\\/katalog-na-stiahnutie\\\/#primaryimage\",\"url\":\"https:\\\/\\\/imaginox.com\\\/wp-content\\\/uploads\\\/2024\\\/04\\\/IMAGINOX_kniha_referenci_EN_Stranka_01.jpg\",\"contentUrl\":\"https:\\\/\\\/imaginox.com\\\/wp-content\\\/uploads\\\/2024\\\/04\\\/IMAGINOX_kniha_referenci_EN_Stranka_01.jpg\"},{\"@type\":\"BreadcrumbList\",\"@id\":\"https:\\\/\\\/imaginox.com\\\/sk\\\/katalog-na-stiahnutie\\\/#breadcrumb\",\"itemListElement\":[{\"@type\":\"ListItem\",\"position\":1,\"name\":\"Home\",\"item\":\"https:\\\/\\\/imaginox.com\\\/sk\\\/\"},{\"@type\":\"ListItem\",\"position\":2,\"name\":\"Katal\u00f3g na stiahnutie\"}]},{\"@type\":\"WebSite\",\"@id\":\"https:\\\/\\\/imaginox.com\\\/sk\\\/#website\",\"url\":\"https:\\\/\\\/imaginox.com\\\/sk\\\/\",\"name\":\"IMAGINOX\",\"description\":\"Nerezov\u00e9 baz\u00e9ny, v\u00edrivky a dal\u0161ie\",\"publisher\":{\"@id\":\"https:\\\/\\\/imaginox.com\\\/sk\\\/#organization\"},\"potentialAction\":[{\"@type\":\"SearchAction\",\"target\":{\"@type\":\"EntryPoint\",\"urlTemplate\":\"https:\\\/\\\/imaginox.com\\\/sk\\\/?s={search_term_string}\"},\"query-input\":{\"@type\":\"PropertyValueSpecification\",\"valueRequired\":true,\"valueName\":\"search_term_string\"}}],\"inLanguage\":\"sk-SK\"},{\"@type\":\"Organization\",\"@id\":\"https:\\\/\\\/imaginox.com\\\/sk\\\/#organization\",\"name\":\"IMAGINOX s.r.o.\",\"url\":\"https:\\\/\\\/imaginox.com\\\/sk\\\/\",\"logo\":{\"@type\":\"ImageObject\",\"inLanguage\":\"sk-SK\",\"@id\":\"https:\\\/\\\/imaginox.com\\\/sk\\\/#\\\/schema\\\/logo\\\/image\\\/\",\"url\":\"https:\\\/\\\/imaginox.com\\\/wp-content\\\/uploads\\\/2021\\\/04\\\/imaginox-header-logo.png\",\"contentUrl\":\"https:\\\/\\\/imaginox.com\\\/wp-content\\\/uploads\\\/2021\\\/04\\\/imaginox-header-logo.png\",\"width\":622,\"height\":88,\"caption\":\"IMAGINOX s.r.o.\"},\"image\":{\"@id\":\"https:\\\/\\\/imaginox.com\\\/sk\\\/#\\\/schema\\\/logo\\\/image\\\/\"}}]}<\/script>\n<!-- \/ Yoast SEO plugin. -->","yoast_head_json":{"title":"Katal\u00f3g na stiahnutie \u2248 IMAGINOX","robots":{"index":"index","follow":"follow","max-snippet":"max-snippet:-1","max-image-preview":"max-image-preview:large","max-video-preview":"max-video-preview:-1"},"canonical":"https:\/\/imaginox.com\/sk\/katalog-na-stiahnutie\/","og_locale":"sk_SK","og_type":"article","og_title":"Katal\u00f3g na stiahnutie \u2248 IMAGINOX","og_description":"Katal\u00f3g na stiahnutie Stiahnite si n\u00e1\u0161 IMAGINOX katal\u00f3g bezplatne v elektronickej podobe v PDF form\u00e1te. Stiahnu\u0165 knihu referenci\u00ed v PDF Stiahnu\u0165 katal\u00f3g Imaginox v PDF","og_url":"https:\/\/imaginox.com\/sk\/katalog-na-stiahnutie\/","og_site_name":"IMAGINOX","article_modified_time":"2024-04-10T19:44:47+00:00","og_image":[{"url":"https:\/\/imaginox.com\/wp-content\/uploads\/2024\/04\/IMAGINOX_kniha_referenci_EN_Stranka_01.jpg","type":"","width":"","height":""}],"twitter_card":"summary_large_image","schema":{"@context":"https:\/\/schema.org","@graph":[{"@type":"WebPage","@id":"https:\/\/imaginox.com\/sk\/katalog-na-stiahnutie\/","url":"https:\/\/imaginox.com\/sk\/katalog-na-stiahnutie\/","name":"Katal\u00f3g na stiahnutie \u2248 IMAGINOX","isPartOf":{"@id":"https:\/\/imaginox.com\/sk\/#website"},"primaryImageOfPage":{"@id":"https:\/\/imaginox.com\/sk\/katalog-na-stiahnutie\/#primaryimage"},"image":{"@id":"https:\/\/imaginox.com\/sk\/katalog-na-stiahnutie\/#primaryimage"},"thumbnailUrl":"https:\/\/imaginox.com\/wp-content\/uploads\/2024\/04\/IMAGINOX_kniha_referenci_EN_Stranka_01.jpg","datePublished":"2022-10-26T13:05:55+00:00","dateModified":"2024-04-10T19:44:47+00:00","breadcrumb":{"@id":"https:\/\/imaginox.com\/sk\/katalog-na-stiahnutie\/#breadcrumb"},"inLanguage":"sk-SK","potentialAction":[{"@type":"ReadAction","target":["https:\/\/imaginox.com\/sk\/katalog-na-stiahnutie\/"]}]},{"@type":"ImageObject","inLanguage":"sk-SK","@id":"https:\/\/imaginox.com\/sk\/katalog-na-stiahnutie\/#primaryimage","url":"https:\/\/imaginox.com\/wp-content\/uploads\/2024\/04\/IMAGINOX_kniha_referenci_EN_Stranka_01.jpg","contentUrl":"https:\/\/imaginox.com\/wp-content\/uploads\/2024\/04\/IMAGINOX_kniha_referenci_EN_Stranka_01.jpg"},{"@type":"BreadcrumbList","@id":"https:\/\/imaginox.com\/sk\/katalog-na-stiahnutie\/#breadcrumb","itemListElement":[{"@type":"ListItem","position":1,"name":"Home","item":"https:\/\/imaginox.com\/sk\/"},{"@type":"ListItem","position":2,"name":"Katal\u00f3g na stiahnutie"}]},{"@type":"WebSite","@id":"https:\/\/imaginox.com\/sk\/#website","url":"https:\/\/imaginox.com\/sk\/","name":"IMAGINOX","description":"Nerezov\u00e9 baz\u00e9ny, v\u00edrivky a dal\u0161ie","publisher":{"@id":"https:\/\/imaginox.com\/sk\/#organization"},"potentialAction":[{"@type":"SearchAction","target":{"@type":"EntryPoint","urlTemplate":"https:\/\/imaginox.com\/sk\/?s={search_term_string}"},"query-input":{"@type":"PropertyValueSpecification","valueRequired":true,"valueName":"search_term_string"}}],"inLanguage":"sk-SK"},{"@type":"Organization","@id":"https:\/\/imaginox.com\/sk\/#organization","name":"IMAGINOX s.r.o.","url":"https:\/\/imaginox.com\/sk\/","logo":{"@type":"ImageObject","inLanguage":"sk-SK","@id":"https:\/\/imaginox.com\/sk\/#\/schema\/logo\/image\/","url":"https:\/\/imaginox.com\/wp-content\/uploads\/2021\/04\/imaginox-header-logo.png","contentUrl":"https:\/\/imaginox.com\/wp-content\/uploads\/2021\/04\/imaginox-header-logo.png","width":622,"height":88,"caption":"IMAGINOX s.r.o."},"image":{"@id":"https:\/\/imaginox.com\/sk\/#\/schema\/logo\/image\/"}}]}},"_links":{"self":[{"href":"https:\/\/imaginox.com\/sk\/wp-json\/wp\/v2\/pages\/8077","targetHints":{"allow":["GET"]}}],"collection":[{"href":"https:\/\/imaginox.com\/sk\/wp-json\/wp\/v2\/pages"}],"about":[{"href":"https:\/\/imaginox.com\/sk\/wp-json\/wp\/v2\/types\/page"}],"author":[{"embeddable":true,"href":"https:\/\/imaginox.com\/sk\/wp-json\/wp\/v2\/users\/1"}],"replies":[{"embeddable":true,"href":"https:\/\/imaginox.com\/sk\/wp-json\/wp\/v2\/comments?post=8077"}],"version-history":[{"count":9,"href":"https:\/\/imaginox.com\/sk\/wp-json\/wp\/v2\/pages\/8077\/revisions"}],"predecessor-version":[{"id":11323,"href":"https:\/\/imaginox.com\/sk\/wp-json\/wp\/v2\/pages\/8077\/revisions\/11323"}],"wp:attachment":[{"href":"https:\/\/imaginox.com\/sk\/wp-json\/wp\/v2\/media?parent=8077"}],"curies":[{"name":"wp","href":"https:\/\/api.w.org\/{rel}","templated":true}]}}